{"id":58196,"date":"2024-10-04T11:16:23","date_gmt":"2024-10-04T09:16:23","guid":{"rendered":"https:\/\/de-prime.com\/?p=58196"},"modified":"2024-10-04T11:16:23","modified_gmt":"2024-10-04T09:16:23","slug":"led-fluter-10-w-kaltweiss","status":"publish","type":"product","link":"https:\/\/de-prime.com\/index.php\/product\/led-fluter-10-w-kaltweiss\/","title":{"rendered":"LED-Fluter 10 W Kaltwei\u00df"},"content":{"rendered":"<p>Dieses LED-Flutlicht zeichnet sich durch geringen Stromverbrauch, lange Lebensdauer und gro\u00dfartige Leistung aus. Der Fluter ist die ideale Wahl, um Ihren Wohnbereich zu beleuchten. Dank ihres Aluminiumgeh\u00e4uses und der Glasabdeckung bietet diese Outdoor-Beleuchtung eine gute W\u00e4rmeableitung und ist au\u00dferdem leicht. Mit 700 lm Lichtstrom und einem Abstrahlwinkel von 120\u00b0 sorgt sie f\u00fcr die perfekte Beleuchtung. Au\u00dferdem leuchtet das Flutlicht mit einer Farbtemperatur von 6000 K und sorgt so f\u00fcr optimale Lichtverh\u00e4ltnisse rund um Ihr Haus.<\/p>\n<ul>\n<li>Farbe: Schwarz <\/li>\n<li>Material: Aluminium, Glas<\/li>\n<li>Ma\u00dfe: 10,5 x 7,5 cm (L x B)<\/li>\n<li>Stromversorgung: 220 &#8211; 240 V~, 50 &#8211; 60 Hz<\/li>\n<li>Leistung: 10 W<\/li>\n<li>Lichtfarbe: Kaltwei\u00df<\/li>\n<li>Farbtemperatur: 6.000 K<\/li>\n<li>Lichtstrom: 700 lm<\/li>\n<li>Abstrahlwinkel: 120\u00b0<\/li>\n<li>Mit 25 cm Kabel<\/li>\n<li>Stecker nicht im Lieferumfang enthalten<\/li>\n<li>Zusammenbau erforderlich: Ja<\/li>\n<\/ul>\n","protected":false},"excerpt":{"rendered":"<ul>\n<li>Farbe: Schwarz <\/li>\n<li>Material: Aluminium, Glas<\/li>\n<li>Ma\u00dfe: 10,5 x 7,5 cm (L x B)<\/li>\n<li>Stromversorgung: 220 &#8211; 240 V~, 50 &#8211; 60 Hz<\/li>\n<li>Leistung: 10 W<\/li>\n<li>Lichtfarbe: Kaltwei\u00df<\/li>\n<li>Farbtemperatur: 6.000 K<\/li>\n<li>Lichtstrom: 700 lm<\/li>\n<li>Abstrahlwinkel: 120\u00b0<\/li>\n<li>Mit 25 cm Kabel<\/li>\n<li>Stecker nicht im Lieferumfang enthalten<\/li>\n<li>Zusammenbau erforderlich: Ja<\/li>\n<\/ul>\n","protected":false},"featured_media":10000058196,"comment_status":"closed","ping_status":"closed","template":"","meta":[],"product_brand":[],"product_cat":[7054,7080,7048],"product_tag":[],"class_list":{"0":"post-58196","1":"product","2":"type-product","3":"status-publish","4":"has-post-thumbnail","6":"product_cat-beleuchtung","7":"product_cat-flutlichter-spotleuchten","8":"product_cat-heim-garten","10":"first","11":"instock","12":"taxable","13":"shipping-taxable","14":"purchasable","15":"product-type-simple","16":"add-to-wishlist-after_add_to_cart"},"jetpack_sharing_enabled":true,"_links":{"self":[{"href":"https:\/\/de-prime.com\/index.php\/wp-json\/wp\/v2\/product\/58196","targetHints":{"allow":["GET"]}}],"collection":[{"href":"https:\/\/de-prime.com\/index.php\/wp-json\/wp\/v2\/product"}],"about":[{"href":"https:\/\/de-prime.com\/index.php\/wp-json\/wp\/v2\/types\/product"}],"replies":[{"embeddable":true,"href":"https:\/\/de-prime.com\/index.php\/wp-json\/wp\/v2\/comments?post=58196"}],"wp:featuredmedia":[{"embeddable":true,"href":"https:\/\/de-prime.com\/index.php\/wp-json\/"}],"wp:attachment":[{"href":"https:\/\/de-prime.com\/index.php\/wp-json\/wp\/v2\/media?parent=58196"}],"wp:term":[{"taxonomy":"product_brand","embeddable":true,"href":"https:\/\/de-prime.com\/index.php\/wp-json\/wp\/v2\/product_brand?post=58196"},{"taxonomy":"product_cat","embeddable":true,"href":"https:\/\/de-prime.com\/index.php\/wp-json\/wp\/v2\/product_cat?post=58196"},{"taxonomy":"product_tag","embeddable":true,"href":"https:\/\/de-prime.com\/index.php\/wp-json\/wp\/v2\/product_tag?post=58196"}],"curies":[{"name":"wp","href":"https:\/\/api.w.org\/{rel}","templated":true}]}}