{"id":58177,"date":"2024-10-04T11:16:55","date_gmt":"2024-10-04T09:16:55","guid":{"rendered":"https:\/\/de-prime.com\/?p=58177"},"modified":"2024-10-04T11:16:56","modified_gmt":"2024-10-04T09:16:56","slug":"ridder-duschvorhang-clown-vinyl-180x200-cm","status":"publish","type":"product","link":"https:\/\/de-prime.com\/index.php\/product\/ridder-duschvorhang-clown-vinyl-180x200-cm\/","title":{"rendered":"RIDDER Duschvorhang Clown Vinyl 180&#215;200 cm"},"content":{"rendered":"<p>Nemo w\u00fcrde sich wie zu Hause f\u00fchlen! Schaffe eine fr\u00f6hliche Stimmung in deinem Badezimmer mit diesem Clown Textil-Duschvorhang von RIDDER. Zu 100 % aus PEVA gefertigt, ist er wasserabweisend und auf eine lange Lebensdauer ausgelegt. Langlebiges Material: Der Duschvorhang ist am oberen Rand und an den \u00d6sen f\u00fcr Duschvorhangringe zus\u00e4tzlich verst\u00e4rkt.Wasserdichtes Material: Dieser Badvorhang besteht zu 100 % aus PEVA und ist daher wasserdicht.Einfache Reinigung: Dieser Badvorhang l\u00e4sst sich einfach von Hand reinigen.Praktisches Design: Dieser Duschvorhang ist mit \u00fcberdimensionierten \u00d6sen ausgestattet. Zudem sind auch Duschvorhangringe aus Kunststoff im Lieferumfang enthalten.<\/p>\n<ul>\n<li>Hauptfarbe: Wei\u00df<\/li>\n<li>Drucktinte: Orange, Blau<\/li>\n<li>Gr\u00f6\u00dfe: ca. 180 x 200 cm (L x B)<\/li>\n<li>Material: 100 % PEVA (chlorfreies Vinyl)<\/li>\n<li>Der obere Rand und die \u00d6sen zum Aufh\u00e4ngen der Ringe sind verst\u00e4rkt<\/li>\n<li>Inklusive Duschvorhangringe aus Kunststoff in Wei\u00df<\/li>\n<li>100% wasserdicht<\/li>\n<li>Umweltneutrale Drucktinten<\/li>\n<li>Farbstabil<\/li>\n<li>Waschbar<\/li>\n<li>Nicht maschinenwaschbar<\/li>\n<\/ul>\n","protected":false},"excerpt":{"rendered":"<ul>\n<li>Hauptfarbe: Wei\u00df<\/li>\n<li>Drucktinte: Orange, Blau<\/li>\n<li>Gr\u00f6\u00dfe: ca. 180 x 200 cm (L x B)<\/li>\n<li>Material: 100 % PEVA (chlorfreies Vinyl)<\/li>\n<li>Der obere Rand und die \u00d6sen zum Aufh\u00e4ngen der Ringe sind verst\u00e4rkt<\/li>\n<li>Inklusive Duschvorhangringe aus Kunststoff in Wei\u00df<\/li>\n<li>100% wasserdicht<\/li>\n<li>Umweltneutrale Drucktinten<\/li>\n<li>Farbstabil<\/li>\n<li>Waschbar<\/li>\n<li>Nicht maschinenwaschbar<\/li>\n<\/ul>\n","protected":false},"featured_media":10000058177,"comment_status":"closed","ping_status":"closed","template":"","meta":[],"product_brand":[],"product_cat":[7057,7075,7048],"product_tag":[],"class_list":{"0":"post-58177","1":"product","2":"type-product","3":"status-publish","4":"has-post-thumbnail","6":"product_cat-badzubehoer","7":"product_cat-duschvorhaenge","8":"product_cat-heim-garten","10":"first","11":"outofstock","12":"taxable","13":"shipping-taxable","14":"purchasable","15":"product-type-simple","16":"add-to-wishlist-after_add_to_cart"},"jetpack_sharing_enabled":true,"_links":{"self":[{"href":"https:\/\/de-prime.com\/index.php\/wp-json\/wp\/v2\/product\/58177","targetHints":{"allow":["GET"]}}],"collection":[{"href":"https:\/\/de-prime.com\/index.php\/wp-json\/wp\/v2\/product"}],"about":[{"href":"https:\/\/de-prime.com\/index.php\/wp-json\/wp\/v2\/types\/product"}],"replies":[{"embeddable":true,"href":"https:\/\/de-prime.com\/index.php\/wp-json\/wp\/v2\/comments?post=58177"}],"wp:featuredmedia":[{"embeddable":true,"href":"https:\/\/de-prime.com\/index.php\/wp-json\/"}],"wp:attachment":[{"href":"https:\/\/de-prime.com\/index.php\/wp-json\/wp\/v2\/media?parent=58177"}],"wp:term":[{"taxonomy":"product_brand","embeddable":true,"href":"https:\/\/de-prime.com\/index.php\/wp-json\/wp\/v2\/product_brand?post=58177"},{"taxonomy":"product_cat","embeddable":true,"href":"https:\/\/de-prime.com\/index.php\/wp-json\/wp\/v2\/product_cat?post=58177"},{"taxonomy":"product_tag","embeddable":true,"href":"https:\/\/de-prime.com\/index.php\/wp-json\/wp\/v2\/product_tag?post=58177"}],"curies":[{"name":"wp","href":"https:\/\/api.w.org\/{rel}","templated":true}]}}