{"id":58174,"date":"2024-10-04T11:17:25","date_gmt":"2024-10-04T09:17:25","guid":{"rendered":"https:\/\/de-prime.com\/?p=58174"},"modified":"2024-10-04T11:17:26","modified_gmt":"2024-10-04T09:17:26","slug":"kleine-wolke-duschvorhang-bamboo-180x200-cm-gruen","status":"publish","type":"product","link":"https:\/\/de-prime.com\/index.php\/product\/kleine-wolke-duschvorhang-bamboo-180x200-cm-gruen\/","title":{"rendered":"Kleine Wolke Duschvorhang Bamboo 180&#215;200 cm Gr\u00fcn"},"content":{"rendered":"<p>Auf der Suche nach einem Duschvorhang hoher Qualit\u00e4t? Dann bietet dieser 180 x 200 cm gro\u00dfe Bamboo PEVA-Duschvorhang in Transparent und Gr\u00fcn von Kleine Wolke eine perfekte L\u00f6sung. Mit einem Duschvorhang k\u00f6nnen Sie Ihren Bade- oder Duschbereich abschirmen. Der Duschvorhang besteht zu 100 % aus PEVA und enth\u00e4lt kein PVC. PEVA-Duschvorh\u00e4nge sind umweltfreundlich und recycelbar. Dieser Duschvorhang verf\u00fcgt \u00fcber eine verst\u00e4rkte Leiste mit \u00d6sen. Hinweis: Dieser Duschvorhang ist nicht maschinenwaschbar und muss bei Bedarf von Hand gewaschen werden. Mit seinem trendigen und attraktiven Design verleiht dieser Duschvorhang Ihrem Badezimmer ein Plus an Neuheit.<\/p>\n<ul>\n<li>Farbe: Transparent und Gr\u00fcn <\/li>\n<li>Material: PEVA <\/li>\n<li> Abmessungen: 200 x 180 cm (L x B) <\/li>\n<li> Trendiges und attrkatives Design<\/li>\n<li>Verst\u00e4rkte Lochleiste mit \u00d6sen<\/li>\n<li>Recycelbar<\/li>\n<li>Umweltfreundlich<\/li>\n<li>Wasserdicht<\/li>\n<li>Handwaschbar<\/li>\n<\/ul>\n","protected":false},"excerpt":{"rendered":"<ul>\n<li>Farbe: Transparent und Gr\u00fcn <\/li>\n<li>Material: PEVA <\/li>\n<li> Abmessungen: 200 x 180 cm (L x B) <\/li>\n<li> Trendiges und attrkatives Design<\/li>\n<li>Verst\u00e4rkte Lochleiste mit \u00d6sen<\/li>\n<li>Recycelbar<\/li>\n<li>Umweltfreundlich<\/li>\n<li>Wasserdicht<\/li>\n<li>Handwaschbar<\/li>\n<\/ul>\n","protected":false},"featured_media":10000058174,"comment_status":"closed","ping_status":"closed","template":"","meta":[],"product_brand":[],"product_cat":[7057,7075,7048],"product_tag":[],"class_list":{"0":"post-58174","1":"product","2":"type-product","3":"status-publish","4":"has-post-thumbnail","6":"product_cat-badzubehoer","7":"product_cat-duschvorhaenge","8":"product_cat-heim-garten","10":"first","11":"outofstock","12":"taxable","13":"shipping-taxable","14":"purchasable","15":"product-type-simple","16":"add-to-wishlist-after_add_to_cart"},"jetpack_sharing_enabled":true,"_links":{"self":[{"href":"https:\/\/de-prime.com\/index.php\/wp-json\/wp\/v2\/product\/58174","targetHints":{"allow":["GET"]}}],"collection":[{"href":"https:\/\/de-prime.com\/index.php\/wp-json\/wp\/v2\/product"}],"about":[{"href":"https:\/\/de-prime.com\/index.php\/wp-json\/wp\/v2\/types\/product"}],"replies":[{"embeddable":true,"href":"https:\/\/de-prime.com\/index.php\/wp-json\/wp\/v2\/comments?post=58174"}],"wp:featuredmedia":[{"embeddable":true,"href":"https:\/\/de-prime.com\/index.php\/wp-json\/"}],"wp:attachment":[{"href":"https:\/\/de-prime.com\/index.php\/wp-json\/wp\/v2\/media?parent=58174"}],"wp:term":[{"taxonomy":"product_brand","embeddable":true,"href":"https:\/\/de-prime.com\/index.php\/wp-json\/wp\/v2\/product_brand?post=58174"},{"taxonomy":"product_cat","embeddable":true,"href":"https:\/\/de-prime.com\/index.php\/wp-json\/wp\/v2\/product_cat?post=58174"},{"taxonomy":"product_tag","embeddable":true,"href":"https:\/\/de-prime.com\/index.php\/wp-json\/wp\/v2\/product_tag?post=58174"}],"curies":[{"name":"wp","href":"https:\/\/api.w.org\/{rel}","templated":true}]}}