{"id":58173,"date":"2024-10-04T11:17:54","date_gmt":"2024-10-04T09:17:54","guid":{"rendered":"https:\/\/de-prime.com\/?p=58173"},"modified":"2024-10-04T11:17:55","modified_gmt":"2024-10-04T09:17:55","slug":"eisl-duschvorhang-blau-orange-mosaikmuster-200x180x02-cm","status":"publish","type":"product","link":"https:\/\/de-prime.com\/index.php\/product\/eisl-duschvorhang-blau-orange-mosaikmuster-200x180x02-cm\/","title":{"rendered":"EISL Duschvorhang Blau\/Orange Mosaikmuster 200x180x0,2 cm"},"content":{"rendered":"<p>Dieser EISL Duschvorhang aus wasserabweisendem Polyester h\u00e4lt Ihr Badezimmer beim Duschen trocken und sauber. Jeder Vorhang enth\u00e4lt 10 verst\u00e4rkte Knopfl\u00f6cher, die zu den meisten Standard-Duschhaken passen. Bitte beachten: Haken sind nicht im Lieferumfang enthalten. Au\u00dferdem passt die gro\u00dfz\u00fcgige Gr\u00f6\u00dfe sicher in die meisten Badewannen und Duschkabinen.<\/p>\n<ul>\n<li>Farbe: Blau und Orange mit Mosaikdesign<\/li>\n<li>Material: Polyester<\/li>\n<li>Gr\u00f6\u00dfen: 200 x 180 x 0,2 cm (L x B x T)<\/li>\n<li>Wasserdicht und schimmelresistent<\/li>\n<li>Glatt, weich und leicht zu reinigen<\/li>\n<\/ul>\n","protected":false},"excerpt":{"rendered":"<ul>\n<li>Farbe: Blau und Orange mit Mosaikdesign<\/li>\n<li>Material: Polyester<\/li>\n<li>Gr\u00f6\u00dfen: 200 x 180 x 0,2 cm (L x B x T)<\/li>\n<li>Wasserdicht und schimmelresistent<\/li>\n<li>Glatt, weich und leicht zu reinigen<\/li>\n<\/ul>\n","protected":false},"featured_media":10000058173,"comment_status":"closed","ping_status":"closed","template":"","meta":[],"product_brand":[],"product_cat":[7057,7075,7048],"product_tag":[],"class_list":{"0":"post-58173","1":"product","2":"type-product","3":"status-publish","4":"has-post-thumbnail","6":"product_cat-badzubehoer","7":"product_cat-duschvorhaenge","8":"product_cat-heim-garten","10":"first","11":"instock","12":"taxable","13":"shipping-taxable","14":"purchasable","15":"product-type-simple","16":"add-to-wishlist-after_add_to_cart"},"jetpack_sharing_enabled":true,"_links":{"self":[{"href":"https:\/\/de-prime.com\/index.php\/wp-json\/wp\/v2\/product\/58173","targetHints":{"allow":["GET"]}}],"collection":[{"href":"https:\/\/de-prime.com\/index.php\/wp-json\/wp\/v2\/product"}],"about":[{"href":"https:\/\/de-prime.com\/index.php\/wp-json\/wp\/v2\/types\/product"}],"replies":[{"embeddable":true,"href":"https:\/\/de-prime.com\/index.php\/wp-json\/wp\/v2\/comments?post=58173"}],"wp:featuredmedia":[{"embeddable":true,"href":"https:\/\/de-prime.com\/index.php\/wp-json\/"}],"wp:attachment":[{"href":"https:\/\/de-prime.com\/index.php\/wp-json\/wp\/v2\/media?parent=58173"}],"wp:term":[{"taxonomy":"product_brand","embeddable":true,"href":"https:\/\/de-prime.com\/index.php\/wp-json\/wp\/v2\/product_brand?post=58173"},{"taxonomy":"product_cat","embeddable":true,"href":"https:\/\/de-prime.com\/index.php\/wp-json\/wp\/v2\/product_cat?post=58173"},{"taxonomy":"product_tag","embeddable":true,"href":"https:\/\/de-prime.com\/index.php\/wp-json\/wp\/v2\/product_tag?post=58173"}],"curies":[{"name":"wp","href":"https:\/\/api.w.org\/{rel}","templated":true}]}}