{"id":58171,"date":"2024-10-04T11:17:56","date_gmt":"2024-10-04T09:17:56","guid":{"rendered":"https:\/\/de-prime.com\/?p=58171"},"modified":"2024-10-04T11:17:56","modified_gmt":"2024-10-04T09:17:56","slug":"sealskin-duschvorhang-madeira-180x200-cm-blau","status":"publish","type":"product","link":"https:\/\/de-prime.com\/index.php\/product\/sealskin-duschvorhang-madeira-180x200-cm-blau\/","title":{"rendered":"Sealskin Duschvorhang Madeira 180&#215;200 cm Blau"},"content":{"rendered":"<p>Dieser Duschvorhang Madeira von Sealskin ist der perfekte Trenner f\u00fcr Ihren Duschbereich. Dieser Duschvorhang geh\u00f6rt zu den Klassikern der Sealskin Duschvorhang-Kollektion. Dank seiner blauen Farbe l\u00e4sst er sich perfekt mit s\u00e4mtlichen Badezimmer-Accessoires kombinieren. Er besteht aus wasserfestem Polyester und h\u00e4lt den Rest Ihres Badezimmers beim Duschen ganz trocken und sauber. Bitte beachten Sie, dass die Vorhangringe \u200b\u200bnicht im Lieferumfang enthalten sind.<\/p>\n<ul>\n<li>Farbe: Blau<\/li>\n<li>Material: 100% Polyester<\/li>\n<li>Gr\u00f6\u00dfe: 180 x 200 cm (B x H)<\/li>\n<li>Wasserabweisend<\/li>\n<li>Gewichteter Saum<\/li>\n<li>Vorhangringe sind nicht im Lieferumfang enthalten<\/li>\n<\/ul>\n","protected":false},"excerpt":{"rendered":"<ul>\n<li>Farbe: Blau<\/li>\n<li>Material: 100% Polyester<\/li>\n<li>Gr\u00f6\u00dfe: 180 x 200 cm (B x H)<\/li>\n<li>Wasserabweisend<\/li>\n<li>Gewichteter Saum<\/li>\n<li>Vorhangringe sind nicht im Lieferumfang enthalten<\/li>\n<\/ul>\n","protected":false},"featured_media":10000058171,"comment_status":"closed","ping_status":"closed","template":"","meta":[],"product_brand":[],"product_cat":[7057,7075,7048],"product_tag":[],"class_list":{"0":"post-58171","1":"product","2":"type-product","3":"status-publish","4":"has-post-thumbnail","6":"product_cat-badzubehoer","7":"product_cat-duschvorhaenge","8":"product_cat-heim-garten","10":"first","11":"outofstock","12":"taxable","13":"shipping-taxable","14":"purchasable","15":"product-type-simple","16":"add-to-wishlist-after_add_to_cart"},"jetpack_sharing_enabled":true,"_links":{"self":[{"href":"https:\/\/de-prime.com\/index.php\/wp-json\/wp\/v2\/product\/58171","targetHints":{"allow":["GET"]}}],"collection":[{"href":"https:\/\/de-prime.com\/index.php\/wp-json\/wp\/v2\/product"}],"about":[{"href":"https:\/\/de-prime.com\/index.php\/wp-json\/wp\/v2\/types\/product"}],"replies":[{"embeddable":true,"href":"https:\/\/de-prime.com\/index.php\/wp-json\/wp\/v2\/comments?post=58171"}],"wp:featuredmedia":[{"embeddable":true,"href":"https:\/\/de-prime.com\/index.php\/wp-json\/"}],"wp:attachment":[{"href":"https:\/\/de-prime.com\/index.php\/wp-json\/wp\/v2\/media?parent=58171"}],"wp:term":[{"taxonomy":"product_brand","embeddable":true,"href":"https:\/\/de-prime.com\/index.php\/wp-json\/wp\/v2\/product_brand?post=58171"},{"taxonomy":"product_cat","embeddable":true,"href":"https:\/\/de-prime.com\/index.php\/wp-json\/wp\/v2\/product_cat?post=58171"},{"taxonomy":"product_tag","embeddable":true,"href":"https:\/\/de-prime.com\/index.php\/wp-json\/wp\/v2\/product_tag?post=58171"}],"curies":[{"name":"wp","href":"https:\/\/api.w.org\/{rel}","templated":true}]}}