{"id":58167,"date":"2024-10-04T11:18:54","date_gmt":"2024-10-04T09:18:54","guid":{"rendered":"https:\/\/de-prime.com\/?p=58167"},"modified":"2024-10-04T11:18:54","modified_gmt":"2024-10-04T09:18:54","slug":"sealskin-duschvorhang-duckling-180x200-cm-gelb","status":"publish","type":"product","link":"https:\/\/de-prime.com\/index.php\/product\/sealskin-duschvorhang-duckling-180x200-cm-gelb\/","title":{"rendered":"Sealskin Duschvorhang Duckling 180&#215;200 cm Gelb"},"content":{"rendered":"<p>S\u00fc\u00dfe Enten schwimmen hintereinander in Ihrer eigenen Dusche! Der niedliche Duckling Duschvorhang von Sealskin bietet Ihnen eine fr\u00f6hliche Gesellschaft beim Duschen und h\u00e4lt den Rest des Badezimmers sch\u00f6n trocken. Aus wasserdichtem PEVA-Material mit markantem Muster gefertigt, sieht dieser Duschvorhang nicht nur toll aus, sondern ist auch eine perfekte Wahl f\u00fcr die Abtrennung Ihres Duschbereichs. Bitte beachten Sie, dass keine Vorhangringe im Lieferumfang enthalten sind.<\/p>\n<ul>\n<li>Farbe: Wei\u00df und Gelb<\/li>\n<li>Material: 100% PEVA<\/li>\n<li>Gr\u00f6\u00dfe: 180 x 200 cm (B x H)<\/li>\n<li>Mit gelben Enten<\/li>\n<li>Wasserdicht<\/li>\n<li>Vorhangringe sind nicht im Lieferumfang enthalten<\/li>\n<\/ul>\n","protected":false},"excerpt":{"rendered":"<ul>\n<li>Farbe: Wei\u00df und Gelb<\/li>\n<li>Material: 100% PEVA<\/li>\n<li>Gr\u00f6\u00dfe: 180 x 200 cm (B x H)<\/li>\n<li>Mit gelben Enten<\/li>\n<li>Wasserdicht<\/li>\n<li>Vorhangringe sind nicht im Lieferumfang enthalten<\/li>\n<\/ul>\n","protected":false},"featured_media":10000058167,"comment_status":"closed","ping_status":"closed","template":"","meta":[],"product_brand":[],"product_cat":[7057,7075,7048],"product_tag":[],"class_list":{"0":"post-58167","1":"product","2":"type-product","3":"status-publish","4":"has-post-thumbnail","6":"product_cat-badzubehoer","7":"product_cat-duschvorhaenge","8":"product_cat-heim-garten","10":"first","11":"outofstock","12":"taxable","13":"shipping-taxable","14":"purchasable","15":"product-type-simple","16":"add-to-wishlist-after_add_to_cart"},"jetpack_sharing_enabled":true,"_links":{"self":[{"href":"https:\/\/de-prime.com\/index.php\/wp-json\/wp\/v2\/product\/58167","targetHints":{"allow":["GET"]}}],"collection":[{"href":"https:\/\/de-prime.com\/index.php\/wp-json\/wp\/v2\/product"}],"about":[{"href":"https:\/\/de-prime.com\/index.php\/wp-json\/wp\/v2\/types\/product"}],"replies":[{"embeddable":true,"href":"https:\/\/de-prime.com\/index.php\/wp-json\/wp\/v2\/comments?post=58167"}],"wp:featuredmedia":[{"embeddable":true,"href":"https:\/\/de-prime.com\/index.php\/wp-json\/"}],"wp:attachment":[{"href":"https:\/\/de-prime.com\/index.php\/wp-json\/wp\/v2\/media?parent=58167"}],"wp:term":[{"taxonomy":"product_brand","embeddable":true,"href":"https:\/\/de-prime.com\/index.php\/wp-json\/wp\/v2\/product_brand?post=58167"},{"taxonomy":"product_cat","embeddable":true,"href":"https:\/\/de-prime.com\/index.php\/wp-json\/wp\/v2\/product_cat?post=58167"},{"taxonomy":"product_tag","embeddable":true,"href":"https:\/\/de-prime.com\/index.php\/wp-json\/wp\/v2\/product_tag?post=58167"}],"curies":[{"name":"wp","href":"https:\/\/api.w.org\/{rel}","templated":true}]}}