{"id":58159,"date":"2024-10-04T11:20:23","date_gmt":"2024-10-04T09:20:23","guid":{"rendered":"https:\/\/de-prime.com\/?p=58159"},"modified":"2024-10-04T11:20:23","modified_gmt":"2024-10-04T09:20:23","slug":"ridder-duschvorhang-cubes-stoff","status":"publish","type":"product","link":"https:\/\/de-prime.com\/index.php\/product\/ridder-duschvorhang-cubes-stoff\/","title":{"rendered":"RIDDER Duschvorhang Cubes Stoff"},"content":{"rendered":"<p>Dieser Duschvorhang Cubes von RIDDER aus Stoff tr\u00e4gt mit seinem beruhigenden Aufdruck zu einer entspannten Atmosph\u00e4re in Ihrem Badezimmer bei. Dieser Duschvorhang besteht zu 100% aus qualitativ hochwertigem Polyester, welches wasserabweisend und \u00e4u\u00dferst praktisch im Gebrauch ist. Im unteren Saum ist ein Band eingen\u00e4ht, das den Vorhang gerade h\u00e4lt und so f\u00fcr ein angenehmeres Duscherlebnis sorgt. Der Vorhang ist bis 60 \u00b0C maschinenwaschbar und kann nach dem Trocknen sogar bei niedriger Temperatur geb\u00fcgelt werden. Das Anbringen des Vorhangs ist kinderleicht: Der Duschvorhang ist mit Kunststoff\u00f6sen versehen und kann einfach und bequem mit Duschvorhang-Ringen (nicht im Lieferumfang enthalten) aufgeh\u00e4ngt werden. Lassen Sie sich von der RIDDER Qualit\u00e4t \u00fcberzeugen!<\/p>\n<ul>\n<li>Farbe: Wei\u00df und Blau<\/li>\n<li>Material: 100% Polyester<\/li>\n<li>Abmessungen: 180 x 200 cm (B x H)<\/li>\n<li>Wasserabweisend impr\u00e4gniert<\/li>\n<li>\u00d6sen aus verst\u00e4rktem Kunststoff<\/li>\n<li>Rundherum ges\u00e4umt<\/li>\n<li>Beschwerungsband aus Gummi (TPE &#8211; Thermoplastische Elastomere) am unteren Rand<\/li>\n<li>Maschinenwaschbar bis 60 \u00b0C<\/li>\n<li>Duschvorhangringe sind nicht im Lieferumfang enthalten<\/li>\n<li>Bei niedrigster Temperatur b\u00fcgeln<\/li>\n<li>Nicht bleichen, im Trockner trocknen und chemisch reinigen<\/li>\n<li>Material: Polyester: 100%<\/li>\n<\/ul>\n","protected":false},"excerpt":{"rendered":"<ul>\n<li>Farbe: Wei\u00df und Blau<\/li>\n<li>Material: 100% Polyester<\/li>\n<li>Abmessungen: 180 x 200 cm (B x H)<\/li>\n<li>Wasserabweisend impr\u00e4gniert<\/li>\n<li>\u00d6sen aus verst\u00e4rktem Kunststoff<\/li>\n<li>Rundherum ges\u00e4umt<\/li>\n<li>Beschwerungsband aus Gummi (TPE &#8211; Thermoplastische Elastomere) am unteren Rand<\/li>\n<li>Maschinenwaschbar bis 60 \u00b0C<\/li>\n<li>Duschvorhangringe sind nicht im Lieferumfang enthalten<\/li>\n<li>Bei niedrigster Temperatur b\u00fcgeln<\/li>\n<li>Nicht bleichen, im Trockner trocknen und chemisch reinigen<\/li>\n<li>Material: Polyester: 100%<\/li>\n<\/ul>\n","protected":false},"featured_media":10000058159,"comment_status":"closed","ping_status":"closed","template":"","meta":[],"product_brand":[],"product_cat":[7057,7075,7048],"product_tag":[],"class_list":{"0":"post-58159","1":"product","2":"type-product","3":"status-publish","4":"has-post-thumbnail","6":"product_cat-badzubehoer","7":"product_cat-duschvorhaenge","8":"product_cat-heim-garten","10":"first","11":"outofstock","12":"taxable","13":"shipping-taxable","14":"purchasable","15":"product-type-simple","16":"add-to-wishlist-after_add_to_cart"},"jetpack_sharing_enabled":true,"_links":{"self":[{"href":"https:\/\/de-prime.com\/index.php\/wp-json\/wp\/v2\/product\/58159","targetHints":{"allow":["GET"]}}],"collection":[{"href":"https:\/\/de-prime.com\/index.php\/wp-json\/wp\/v2\/product"}],"about":[{"href":"https:\/\/de-prime.com\/index.php\/wp-json\/wp\/v2\/types\/product"}],"replies":[{"embeddable":true,"href":"https:\/\/de-prime.com\/index.php\/wp-json\/wp\/v2\/comments?post=58159"}],"wp:featuredmedia":[{"embeddable":true,"href":"https:\/\/de-prime.com\/index.php\/wp-json\/"}],"wp:attachment":[{"href":"https:\/\/de-prime.com\/index.php\/wp-json\/wp\/v2\/media?parent=58159"}],"wp:term":[{"taxonomy":"product_brand","embeddable":true,"href":"https:\/\/de-prime.com\/index.php\/wp-json\/wp\/v2\/product_brand?post=58159"},{"taxonomy":"product_cat","embeddable":true,"href":"https:\/\/de-prime.com\/index.php\/wp-json\/wp\/v2\/product_cat?post=58159"},{"taxonomy":"product_tag","embeddable":true,"href":"https:\/\/de-prime.com\/index.php\/wp-json\/wp\/v2\/product_tag?post=58159"}],"curies":[{"name":"wp","href":"https:\/\/api.w.org\/{rel}","templated":true}]}}