{"id":58157,"date":"2024-10-04T11:20:53","date_gmt":"2024-10-04T09:20:53","guid":{"rendered":"https:\/\/de-prime.com\/?p=58157"},"modified":"2024-10-04T11:20:53","modified_gmt":"2024-10-04T09:20:53","slug":"ridder-duschvorhang-palm-beach-180-x-200-cm","status":"publish","type":"product","link":"https:\/\/de-prime.com\/index.php\/product\/ridder-duschvorhang-palm-beach-180-x-200-cm\/","title":{"rendered":"RIDDER Duschvorhang Palm Beach 180 x 200 cm"},"content":{"rendered":"<p>Dieser Duschvorhang Palm Beach von RIDDER tr\u00e4gt mit seinem niedlichen und farbstabilen Druck zu einer angenehmen Atmosph\u00e4re in Ihrem Badezimmer bei. Dieser Duschvorhang besteht aus 100% Polyester, ist impr\u00e4gniert und beschichtet, dadurch wasserabweisend und \u00e4u\u00dferst praktisch im Gebrauch. In den unteren Saum ist ein Gummigewichtsband eingen\u00e4ht, das sicherstellt, dass der Duschvorhang f\u00fcr ein angenehmeres Duscherlebnis gut f\u00e4llt. Der Vorhang ist maschinenwaschbar bei bis zu 30 \u00b0 C und kann bei niedrigsten Temperaturen geb\u00fcgelt werden. Die Installation ist sehr einfach: Der Duschvorhang ist mit Kunststoff\u00f6sen ausgestattet und kann einfach und bequem mit Duschvorhangringen (nicht im Lieferumfang enthalten) aufgeh\u00e4ngt werden. Lassen Sie sich von der RIDDER-Qualit\u00e4t \u00fcberzeugen!<\/p>\n<ul>\n<li>Farbe: Mehrfarbig<\/li>\n<li>Material: 100% Polyester<\/li>\n<li>Abmessung: 180 x 200 cm (B x H)<\/li>\n<li>Impr\u00e4gniert und beschichtet<\/li>\n<li>Wasserbest\u00e4ndig<\/li>\n<li>Digitaldruck und hohe Farbstabilit\u00e4t<\/li>\n<li>Hohe Abriebfestigkeit<\/li>\n<li>B\u00fcgeln auf niedriger Temperatur m\u00f6glich<\/li>\n<li>Rundherum ges\u00e4umt<\/li>\n<li>Beschwerungsband am unteren Rand<\/li>\n<li>Kunststoff\u00f6sen f\u00fcr Vorhangringe (nicht im Lieferumfang enthalten)<\/li>\n<li>Maschinenwaschbar bis 30 \u00b0 C<\/li>\n<li>Nicht bleichen, im Trockner trocknen und chemisch reinigen<\/li>\n<li>Material: Polyester: 100%<\/li>\n<\/ul>\n","protected":false},"excerpt":{"rendered":"<ul>\n<li>Farbe: Mehrfarbig<\/li>\n<li>Material: 100% Polyester<\/li>\n<li>Abmessung: 180 x 200 cm (B x H)<\/li>\n<li>Impr\u00e4gniert und beschichtet<\/li>\n<li>Wasserbest\u00e4ndig<\/li>\n<li>Digitaldruck und hohe Farbstabilit\u00e4t<\/li>\n<li>Hohe Abriebfestigkeit<\/li>\n<li>B\u00fcgeln auf niedriger Temperatur m\u00f6glich<\/li>\n<li>Rundherum ges\u00e4umt<\/li>\n<li>Beschwerungsband am unteren Rand<\/li>\n<li>Kunststoff\u00f6sen f\u00fcr Vorhangringe (nicht im Lieferumfang enthalten)<\/li>\n<li>Maschinenwaschbar bis 30 \u00b0 C<\/li>\n<li>Nicht bleichen, im Trockner trocknen und chemisch reinigen<\/li>\n<li>Material: Polyester: 100%<\/li>\n<\/ul>\n","protected":false},"featured_media":10000058157,"comment_status":"closed","ping_status":"closed","template":"","meta":[],"product_brand":[],"product_cat":[7057,7075,7048],"product_tag":[],"class_list":{"0":"post-58157","1":"product","2":"type-product","3":"status-publish","4":"has-post-thumbnail","6":"product_cat-badzubehoer","7":"product_cat-duschvorhaenge","8":"product_cat-heim-garten","10":"first","11":"outofstock","12":"taxable","13":"shipping-taxable","14":"purchasable","15":"product-type-simple","16":"add-to-wishlist-after_add_to_cart"},"jetpack_sharing_enabled":true,"_links":{"self":[{"href":"https:\/\/de-prime.com\/index.php\/wp-json\/wp\/v2\/product\/58157","targetHints":{"allow":["GET"]}}],"collection":[{"href":"https:\/\/de-prime.com\/index.php\/wp-json\/wp\/v2\/product"}],"about":[{"href":"https:\/\/de-prime.com\/index.php\/wp-json\/wp\/v2\/types\/product"}],"replies":[{"embeddable":true,"href":"https:\/\/de-prime.com\/index.php\/wp-json\/wp\/v2\/comments?post=58157"}],"wp:featuredmedia":[{"embeddable":true,"href":"https:\/\/de-prime.com\/index.php\/wp-json\/"}],"wp:attachment":[{"href":"https:\/\/de-prime.com\/index.php\/wp-json\/wp\/v2\/media?parent=58157"}],"wp:term":[{"taxonomy":"product_brand","embeddable":true,"href":"https:\/\/de-prime.com\/index.php\/wp-json\/wp\/v2\/product_brand?post=58157"},{"taxonomy":"product_cat","embeddable":true,"href":"https:\/\/de-prime.com\/index.php\/wp-json\/wp\/v2\/product_cat?post=58157"},{"taxonomy":"product_tag","embeddable":true,"href":"https:\/\/de-prime.com\/index.php\/wp-json\/wp\/v2\/product_tag?post=58157"}],"curies":[{"name":"wp","href":"https:\/\/api.w.org\/{rel}","templated":true}]}}