{"id":58154,"date":"2024-10-04T11:21:24","date_gmt":"2024-10-04T09:21:24","guid":{"rendered":"https:\/\/de-prime.com\/?p=58154"},"modified":"2024-10-04T11:21:24","modified_gmt":"2024-10-04T09:21:24","slug":"ridder-duschvorhang-silk-180-x-200-cm","status":"publish","type":"product","link":"https:\/\/de-prime.com\/index.php\/product\/ridder-duschvorhang-silk-180-x-200-cm\/","title":{"rendered":"RIDDER Duschvorhang Silk 180 x 200 cm"},"content":{"rendered":"<p>Hergestellt aus wasserdichtem, abriebfestem Material, tr\u00e4gt dieser schicke und funktionelle RIDDER Duschvorhang Silk mit seiner seidigen Optik zu einer angenehmen Atmosph\u00e4re in Ihrem Bad bei. Dieser praktische Duschvorhang besteht aus 100% PEVA, ist umweltfreundlich und wartungsarm. Zus\u00e4tzlich sind die Oberkante und die Kunststoff\u00f6sen f\u00fcr Duschvorhangringe verst\u00e4rkt und bilden die Basis f\u00fcr ein langlebiges Produkt. Bitte beachten Sie, dass die Ringe separat erh\u00e4ltlich sind. Lassen Sie sich von der RIDDER-Qualit\u00e4t \u00fcberzeugen!<\/p>\n<ul>\n<li>Farbe: Halbtransparent<\/li>\n<li>Material: 100% EVA<\/li>\n<li>Abmessung: 180 x 200 cm (B x H)<\/li>\n<li>Wasserdicht<\/li>\n<li>Handwaschbar<\/li>\n<\/ul>\n","protected":false},"excerpt":{"rendered":"<ul>\n<li>Farbe: Halbtransparent<\/li>\n<li>Material: 100% EVA<\/li>\n<li>Abmessung: 180 x 200 cm (B x H)<\/li>\n<li>Wasserdicht<\/li>\n<li>Handwaschbar<\/li>\n<\/ul>\n","protected":false},"featured_media":10000058154,"comment_status":"closed","ping_status":"closed","template":"","meta":[],"product_brand":[],"product_cat":[7057,7075,7048],"product_tag":[],"class_list":{"0":"post-58154","1":"product","2":"type-product","3":"status-publish","4":"has-post-thumbnail","6":"product_cat-badzubehoer","7":"product_cat-duschvorhaenge","8":"product_cat-heim-garten","10":"first","11":"outofstock","12":"taxable","13":"shipping-taxable","14":"purchasable","15":"product-type-simple","16":"add-to-wishlist-after_add_to_cart"},"jetpack_sharing_enabled":true,"_links":{"self":[{"href":"https:\/\/de-prime.com\/index.php\/wp-json\/wp\/v2\/product\/58154","targetHints":{"allow":["GET"]}}],"collection":[{"href":"https:\/\/de-prime.com\/index.php\/wp-json\/wp\/v2\/product"}],"about":[{"href":"https:\/\/de-prime.com\/index.php\/wp-json\/wp\/v2\/types\/product"}],"replies":[{"embeddable":true,"href":"https:\/\/de-prime.com\/index.php\/wp-json\/wp\/v2\/comments?post=58154"}],"wp:featuredmedia":[{"embeddable":true,"href":"https:\/\/de-prime.com\/index.php\/wp-json\/"}],"wp:attachment":[{"href":"https:\/\/de-prime.com\/index.php\/wp-json\/wp\/v2\/media?parent=58154"}],"wp:term":[{"taxonomy":"product_brand","embeddable":true,"href":"https:\/\/de-prime.com\/index.php\/wp-json\/wp\/v2\/product_brand?post=58154"},{"taxonomy":"product_cat","embeddable":true,"href":"https:\/\/de-prime.com\/index.php\/wp-json\/wp\/v2\/product_cat?post=58154"},{"taxonomy":"product_tag","embeddable":true,"href":"https:\/\/de-prime.com\/index.php\/wp-json\/wp\/v2\/product_tag?post=58154"}],"curies":[{"name":"wp","href":"https:\/\/api.w.org\/{rel}","templated":true}]}}