{"id":58151,"date":"2024-10-04T11:21:28","date_gmt":"2024-10-04T09:21:28","guid":{"rendered":"https:\/\/de-prime.com\/?p=58151"},"modified":"2024-10-04T11:21:28","modified_gmt":"2024-10-04T09:21:28","slug":"ridder-duschvorhang-brillant-240x180-cm","status":"publish","type":"product","link":"https:\/\/de-prime.com\/index.php\/product\/ridder-duschvorhang-brillant-240x180-cm\/","title":{"rendered":"RIDDER Duschvorhang Brillant 240&#215;180 cm"},"content":{"rendered":"<p>Der trendige Brillant Duschvorhang von RIDDER ist praktisch, transparent sowie wasserfest. Er h\u00e4lt dein Badezimmer trocken und sorgt gleichzeitig f\u00fcr Ordnung. Dieser praktische Duschvorhang besteht zu 100 % aus PE, das absolut umweltfreundlich und pflegeleicht ist. Dar\u00fcber hinaus sind der obere Rand und die \u00d6sen aus Kunststoff verst\u00e4rkt, um eine lange Lebensdauer zu gew\u00e4hrleisten. Bitte beachte, dass die Ringe separat erh\u00e4ltlich sind. Lass dich von der RIDDER Qualit\u00e4t \u00fcberzeugen!<\/p>\n<ul>\n<li>Farbe: Transparent<\/li>\n<li>Material: 100% PE<\/li>\n<li>Abmessungen: 240 x 180 cm (B x H)<\/li>\n<li>Wasserdicht<\/li>\n<li>Verst\u00e4rkter oberer Rand und \u00d6sen aus Kunststoff<\/li>\n<li>Handwaschbar<\/li>\n<li>Material: Poly\u00e4thylen: 100%<\/li>\n<\/ul>\n","protected":false},"excerpt":{"rendered":"<ul>\n<li>Farbe: Transparent<\/li>\n<li>Material: 100% PE<\/li>\n<li>Abmessungen: 240 x 180 cm (B x H)<\/li>\n<li>Wasserdicht<\/li>\n<li>Verst\u00e4rkter oberer Rand und \u00d6sen aus Kunststoff<\/li>\n<li>Handwaschbar<\/li>\n<li>Material: Poly\u00e4thylen: 100%<\/li>\n<\/ul>\n","protected":false},"featured_media":10000058151,"comment_status":"closed","ping_status":"closed","template":"","meta":[],"product_brand":[],"product_cat":[7057,7075,7048],"product_tag":[],"class_list":{"0":"post-58151","1":"product","2":"type-product","3":"status-publish","4":"has-post-thumbnail","6":"product_cat-badzubehoer","7":"product_cat-duschvorhaenge","8":"product_cat-heim-garten","10":"first","11":"outofstock","12":"taxable","13":"shipping-taxable","14":"purchasable","15":"product-type-simple","16":"add-to-wishlist-after_add_to_cart"},"jetpack_sharing_enabled":true,"_links":{"self":[{"href":"https:\/\/de-prime.com\/index.php\/wp-json\/wp\/v2\/product\/58151","targetHints":{"allow":["GET"]}}],"collection":[{"href":"https:\/\/de-prime.com\/index.php\/wp-json\/wp\/v2\/product"}],"about":[{"href":"https:\/\/de-prime.com\/index.php\/wp-json\/wp\/v2\/types\/product"}],"replies":[{"embeddable":true,"href":"https:\/\/de-prime.com\/index.php\/wp-json\/wp\/v2\/comments?post=58151"}],"wp:featuredmedia":[{"embeddable":true,"href":"https:\/\/de-prime.com\/index.php\/wp-json\/"}],"wp:attachment":[{"href":"https:\/\/de-prime.com\/index.php\/wp-json\/wp\/v2\/media?parent=58151"}],"wp:term":[{"taxonomy":"product_brand","embeddable":true,"href":"https:\/\/de-prime.com\/index.php\/wp-json\/wp\/v2\/product_brand?post=58151"},{"taxonomy":"product_cat","embeddable":true,"href":"https:\/\/de-prime.com\/index.php\/wp-json\/wp\/v2\/product_cat?post=58151"},{"taxonomy":"product_tag","embeddable":true,"href":"https:\/\/de-prime.com\/index.php\/wp-json\/wp\/v2\/product_tag?post=58151"}],"curies":[{"name":"wp","href":"https:\/\/api.w.org\/{rel}","templated":true}]}}