{"id":58146,"date":"2024-10-04T11:22:28","date_gmt":"2024-10-04T09:22:28","guid":{"rendered":"https:\/\/de-prime.com\/?p=58146"},"modified":"2024-10-04T11:22:28","modified_gmt":"2024-10-04T09:22:28","slug":"ridder-duschvorhang-brilliant-180x200-cm","status":"publish","type":"product","link":"https:\/\/de-prime.com\/index.php\/product\/ridder-duschvorhang-brilliant-180x200-cm\/","title":{"rendered":"RIDDER Duschvorhang Brilliant 180&#215;200 cm"},"content":{"rendered":"<p>Der Duschvorhang Brilliant von RIDDER f\u00fcgt sich mit seinem transparenten Design in jedes Bad ein. Dieser Duschvorhang ist aus hochwertigem 100% PE (Polyethylen) hergestellt. Der Vorhang ist wasserdicht und \u00e4u\u00dferst praktisch im Gebrauch. Die Montage gelingt sehr einfach: Der Badewannenvorhang ist mit \u00d6sen im verst\u00e4rkten oberen Saum versehen und kann somit einfach und bequem mit Vorhangringen (nicht im Lieferumfang enthalten) an der Duschvorhangstange aufgeh\u00e4ngt werden. Lass dich von der RIDDER Qualit\u00e4t \u00fcberzeugen!<\/p>\n<ul>\n<li>Farbe: Transparent<\/li>\n<li>Material: 100% PE (Polyethylen)<\/li>\n<li>Gr\u00f6\u00dfe: 180 x 200 cm (B x H)<\/li>\n<li>Wasserdicht<\/li>\n<li>Verst\u00e4rkter oberer Saum mit \u00d6sen<\/li>\n<li>Hohe Abriebfestigkeit<\/li>\n<li>Handwaschbar<\/li>\n<li>Ohne Duschvorhangringe<\/li>\n<\/ul>\n","protected":false},"excerpt":{"rendered":"<ul>\n<li>Farbe: Transparent<\/li>\n<li>Material: 100% PE (Polyethylen)<\/li>\n<li>Gr\u00f6\u00dfe: 180 x 200 cm (B x H)<\/li>\n<li>Wasserdicht<\/li>\n<li>Verst\u00e4rkter oberer Saum mit \u00d6sen<\/li>\n<li>Hohe Abriebfestigkeit<\/li>\n<li>Handwaschbar<\/li>\n<li>Ohne Duschvorhangringe<\/li>\n<\/ul>\n","protected":false},"featured_media":10000058146,"comment_status":"closed","ping_status":"closed","template":"","meta":[],"product_brand":[],"product_cat":[7057,7075,7048],"product_tag":[],"class_list":{"0":"post-58146","1":"product","2":"type-product","3":"status-publish","4":"has-post-thumbnail","6":"product_cat-badzubehoer","7":"product_cat-duschvorhaenge","8":"product_cat-heim-garten","10":"first","11":"instock","12":"taxable","13":"shipping-taxable","14":"purchasable","15":"product-type-simple","16":"add-to-wishlist-after_add_to_cart"},"jetpack_sharing_enabled":true,"_links":{"self":[{"href":"https:\/\/de-prime.com\/index.php\/wp-json\/wp\/v2\/product\/58146","targetHints":{"allow":["GET"]}}],"collection":[{"href":"https:\/\/de-prime.com\/index.php\/wp-json\/wp\/v2\/product"}],"about":[{"href":"https:\/\/de-prime.com\/index.php\/wp-json\/wp\/v2\/types\/product"}],"replies":[{"embeddable":true,"href":"https:\/\/de-prime.com\/index.php\/wp-json\/wp\/v2\/comments?post=58146"}],"wp:featuredmedia":[{"embeddable":true,"href":"https:\/\/de-prime.com\/index.php\/wp-json\/"}],"wp:attachment":[{"href":"https:\/\/de-prime.com\/index.php\/wp-json\/wp\/v2\/media?parent=58146"}],"wp:term":[{"taxonomy":"product_brand","embeddable":true,"href":"https:\/\/de-prime.com\/index.php\/wp-json\/wp\/v2\/product_brand?post=58146"},{"taxonomy":"product_cat","embeddable":true,"href":"https:\/\/de-prime.com\/index.php\/wp-json\/wp\/v2\/product_cat?post=58146"},{"taxonomy":"product_tag","embeddable":true,"href":"https:\/\/de-prime.com\/index.php\/wp-json\/wp\/v2\/product_tag?post=58146"}],"curies":[{"name":"wp","href":"https:\/\/api.w.org\/{rel}","templated":true}]}}