{"id":58138,"date":"2024-10-04T11:23:25","date_gmt":"2024-10-04T09:23:25","guid":{"rendered":"https:\/\/de-prime.com\/?p=58138"},"modified":"2024-10-04T11:23:25","modified_gmt":"2024-10-04T09:23:25","slug":"sealskin-duschvorhang-madeira-180-cm-grau-238501314","status":"publish","type":"product","link":"https:\/\/de-prime.com\/index.php\/product\/sealskin-duschvorhang-madeira-180-cm-grau-238501314\/","title":{"rendered":"Sealskin Duschvorhang Madeira 180 cm Grau 238501314"},"content":{"rendered":"<p>Dieser Duschvorhang Madeira von Sealskin in warmer Unifarbe gibt jedem Badezimmer ein modernes und gradliniges Aussehen. Da er aus wasserabweisendem Polyester gefertigt ist, wird er den Rest Ihres Badezimmers w\u00e4hrend dem Duschen sch\u00f6n trocken halten. Der Duschvorhang kann in der Maschine bei 30 Grad gewaschen werden. Durch das B\u00fcgeln wird der Vorhang wasserabweisender. Die Ringe sind nicht im Lieferumfang enthalten, aber Sie finden die passenden Sealskin Ringe in unserem Webshop (SKU: 406080, 406081).<\/p>\n<ul>\n<li>Farbe: Grau<\/li>\n<li>Ma\u00dfe:180 x 200 cm (B x H)<\/li>\n<li>Wasserabweisend<\/li>\n<li>Mit beschwertem Saum<\/li>\n<li><strong>Waschanweisungen:<\/strong><\/li>\n<li>Kannin der Maschine bei 30 Grad gewaschen werden<\/li>\n<li>Durch das B\u00fcgeln wird der Vorhang wasserabweisender<\/li>\n<li>Ringe geh\u00f6ren nicht zur Lieferung, sondern sind separat erh\u00e4ltlich (406080, 406081)<\/li>\n<li>Material: Polyester: 100%<\/li>\n<\/ul>\n","protected":false},"excerpt":{"rendered":"<ul>\n<li>Farbe: Grau<\/li>\n<li>Ma\u00dfe:180 x 200 cm (B x H)<\/li>\n<li>Wasserabweisend<\/li>\n<li>Mit beschwertem Saum<\/li>\n<li><strong>Waschanweisungen:<\/strong><\/li>\n<li>Kannin der Maschine bei 30 Grad gewaschen werden<\/li>\n<li>Durch das B\u00fcgeln wird der Vorhang wasserabweisender<\/li>\n<li>Ringe geh\u00f6ren nicht zur Lieferung, sondern sind separat erh\u00e4ltlich (406080, 406081)<\/li>\n<li>Material: Polyester: 100%<\/li>\n<\/ul>\n","protected":false},"featured_media":10000058138,"comment_status":"closed","ping_status":"closed","template":"","meta":[],"product_brand":[],"product_cat":[7057,7075,7048],"product_tag":[],"class_list":{"0":"post-58138","1":"product","2":"type-product","3":"status-publish","4":"has-post-thumbnail","6":"product_cat-badzubehoer","7":"product_cat-duschvorhaenge","8":"product_cat-heim-garten","10":"first","11":"outofstock","12":"taxable","13":"shipping-taxable","14":"purchasable","15":"product-type-simple","16":"add-to-wishlist-after_add_to_cart"},"jetpack_sharing_enabled":true,"_links":{"self":[{"href":"https:\/\/de-prime.com\/index.php\/wp-json\/wp\/v2\/product\/58138","targetHints":{"allow":["GET"]}}],"collection":[{"href":"https:\/\/de-prime.com\/index.php\/wp-json\/wp\/v2\/product"}],"about":[{"href":"https:\/\/de-prime.com\/index.php\/wp-json\/wp\/v2\/types\/product"}],"replies":[{"embeddable":true,"href":"https:\/\/de-prime.com\/index.php\/wp-json\/wp\/v2\/comments?post=58138"}],"wp:featuredmedia":[{"embeddable":true,"href":"https:\/\/de-prime.com\/index.php\/wp-json\/"}],"wp:attachment":[{"href":"https:\/\/de-prime.com\/index.php\/wp-json\/wp\/v2\/media?parent=58138"}],"wp:term":[{"taxonomy":"product_brand","embeddable":true,"href":"https:\/\/de-prime.com\/index.php\/wp-json\/wp\/v2\/product_brand?post=58138"},{"taxonomy":"product_cat","embeddable":true,"href":"https:\/\/de-prime.com\/index.php\/wp-json\/wp\/v2\/product_cat?post=58138"},{"taxonomy":"product_tag","embeddable":true,"href":"https:\/\/de-prime.com\/index.php\/wp-json\/wp\/v2\/product_tag?post=58138"}],"curies":[{"name":"wp","href":"https:\/\/api.w.org\/{rel}","templated":true}]}}