{"id":58131,"date":"2024-10-04T11:24:22","date_gmt":"2024-10-04T09:24:22","guid":{"rendered":"https:\/\/de-prime.com\/?p=58131"},"modified":"2024-10-04T11:24:22","modified_gmt":"2024-10-04T09:24:22","slug":"sealskin-duschvorhang-granada-180-cm-weiss-217001310","status":"publish","type":"product","link":"https:\/\/de-prime.com\/index.php\/product\/sealskin-duschvorhang-granada-180-cm-weiss-217001310\/","title":{"rendered":"Sealskin Duschvorhang Granada 180 cm Wei\u00df 217001310"},"content":{"rendered":"<p>Dieser wei\u00dfe Duschvorhang Granada von Sealskin ist perfekt als Trennelement f\u00fcr Ihren Duschbereich.Der Granada Duschvorhang ist der Klassiker unter den Duschvorh\u00e4ngen von Sealskin. Da er aus wasserfestem Material gefertigt ist, h\u00e4lt der Duschvorhang Granada den Rest Ihres Badezimmers sch\u00f6n trocken, wenn Sie duschen. Er kann mit einem milden Waschmittel per Handw\u00e4sche gewaschen werden.Die Ringe sind nicht im Lieferumfang enthalten, aber Sie finden die passenden Sealskin Ringe in unserem Webshop (SKU: 406080, 406081).<\/p>\n<ul>\n<li>Farbe: Wei\u00df<\/li>\n<li>Ma\u00dfe:180 x 200 cm (B x H)<\/li>\n<li>Wasserdicht<\/li>\n<li>Kannmit einem milden Waschmittel per Handw\u00e4schegewaschen werden<\/li>\n<li>Ringe geh\u00f6ren nicht zur Lieferung, sondern sind separat erh\u00e4ltlich (406080, 406081)<\/li>\n<li>Material: PEVA: 100%<\/li>\n<\/ul>\n","protected":false},"excerpt":{"rendered":"<ul>\n<li>Farbe: Wei\u00df<\/li>\n<li>Ma\u00dfe:180 x 200 cm (B x H)<\/li>\n<li>Wasserdicht<\/li>\n<li>Kannmit einem milden Waschmittel per Handw\u00e4schegewaschen werden<\/li>\n<li>Ringe geh\u00f6ren nicht zur Lieferung, sondern sind separat erh\u00e4ltlich (406080, 406081)<\/li>\n<li>Material: PEVA: 100%<\/li>\n<\/ul>\n","protected":false},"featured_media":10000058131,"comment_status":"closed","ping_status":"closed","template":"","meta":[],"product_brand":[],"product_cat":[7057,7075,7048],"product_tag":[],"class_list":{"0":"post-58131","1":"product","2":"type-product","3":"status-publish","4":"has-post-thumbnail","6":"product_cat-badzubehoer","7":"product_cat-duschvorhaenge","8":"product_cat-heim-garten","10":"first","11":"outofstock","12":"taxable","13":"shipping-taxable","14":"purchasable","15":"product-type-simple","16":"add-to-wishlist-after_add_to_cart"},"jetpack_sharing_enabled":true,"_links":{"self":[{"href":"https:\/\/de-prime.com\/index.php\/wp-json\/wp\/v2\/product\/58131","targetHints":{"allow":["GET"]}}],"collection":[{"href":"https:\/\/de-prime.com\/index.php\/wp-json\/wp\/v2\/product"}],"about":[{"href":"https:\/\/de-prime.com\/index.php\/wp-json\/wp\/v2\/types\/product"}],"replies":[{"embeddable":true,"href":"https:\/\/de-prime.com\/index.php\/wp-json\/wp\/v2\/comments?post=58131"}],"wp:featuredmedia":[{"embeddable":true,"href":"https:\/\/de-prime.com\/index.php\/wp-json\/"}],"wp:attachment":[{"href":"https:\/\/de-prime.com\/index.php\/wp-json\/wp\/v2\/media?parent=58131"}],"wp:term":[{"taxonomy":"product_brand","embeddable":true,"href":"https:\/\/de-prime.com\/index.php\/wp-json\/wp\/v2\/product_brand?post=58131"},{"taxonomy":"product_cat","embeddable":true,"href":"https:\/\/de-prime.com\/index.php\/wp-json\/wp\/v2\/product_cat?post=58131"},{"taxonomy":"product_tag","embeddable":true,"href":"https:\/\/de-prime.com\/index.php\/wp-json\/wp\/v2\/product_tag?post=58131"}],"curies":[{"name":"wp","href":"https:\/\/api.w.org\/{rel}","templated":true}]}}