{"id":58100,"date":"2024-10-03T21:14:14","date_gmt":"2024-10-03T19:14:14","guid":{"rendered":"https:\/\/de-prime.com\/?p=58100"},"modified":"2024-10-03T21:37:12","modified_gmt":"2024-10-03T19:37:12","slug":"sealskin-teleskop-duschvorhangstange-125-220-cm-schwarz","status":"publish","type":"product","link":"https:\/\/de-prime.com\/index.php\/product\/sealskin-teleskop-duschvorhangstange-125-220-cm-schwarz\/","title":{"rendered":"Sealskin Teleskop-Duschvorhangstange 125-220 cm Schwarz"},"content":{"rendered":"<p>Die ausziehbare Duschvorhangstange von Sealskin ist besonders robust und langlebig, wodurch sie ideal f\u00fcr Ihr Badezimmer geeignet ist! Teleskop-Design: Diese Duschvorhangstange l\u00e4sst sich zwischen 125 cm und 220 cm verstellen.Einfache Montage: Ziehe die Stange heraus und klemme sie zwischen die W\u00e4nde deiner Dusche, und schon kannst du deinen Duschvorhang aufh\u00e4ngen. So einfach ist das! Dar\u00fcber hinaus ist das Bohren von L\u00f6chern beim Anbringen dieser Duschstange von Sealskin nicht erforderlich.Geeignet f\u00fcr verschiedene Vorhangringe: Die Duschvorhangstange hat einen Durchmesser von 28 mm und ist daher f\u00fcr nahezu alle Arten von Duschvorhangringen geeignet.<\/p>\n<ul>\n<li>Farbe: Schwarz<\/li>\n<li>Material: Aluminium<\/li>\n<li>Gr\u00f6\u00dfe: 2,8 x 125-220 cm (Durchmesser x L)<\/li>\n<li>Teleskop-Duschvorhangstange<\/li>\n<li>Sehr robust und langlebig<\/li>\n<li>Kein Bohren von L\u00f6chern erforderlich<\/li>\n<li>Geeignet f\u00fcr fast alle Arten von Duschvorhangringen<\/li>\n<\/ul>\n","protected":false},"excerpt":{"rendered":"<ul>\n<li>Farbe: Schwarz<\/li>\n<li>Material: Aluminium<\/li>\n<li>Gr\u00f6\u00dfe: 2,8 x 125-220 cm (Durchmesser x L)<\/li>\n<li>Teleskop-Duschvorhangstange<\/li>\n<li>Sehr robust und langlebig<\/li>\n<li>Kein Bohren von L\u00f6chern erforderlich<\/li>\n<li>Geeignet f\u00fcr fast alle Arten von Duschvorhangringen<\/li>\n<\/ul>\n","protected":false},"featured_media":10000058100,"comment_status":"closed","ping_status":"closed","template":"","meta":[],"product_brand":[],"product_cat":[7057,7074,7048],"product_tag":[],"class_list":{"0":"post-58100","1":"product","2":"type-product","3":"status-publish","4":"has-post-thumbnail","6":"product_cat-badzubehoer","7":"product_cat-duschvorhangstangen","8":"product_cat-heim-garten","10":"first","11":"outofstock","12":"taxable","13":"shipping-taxable","14":"purchasable","15":"product-type-simple","16":"add-to-wishlist-after_add_to_cart"},"jetpack_sharing_enabled":true,"_links":{"self":[{"href":"https:\/\/de-prime.com\/index.php\/wp-json\/wp\/v2\/product\/58100","targetHints":{"allow":["GET"]}}],"collection":[{"href":"https:\/\/de-prime.com\/index.php\/wp-json\/wp\/v2\/product"}],"about":[{"href":"https:\/\/de-prime.com\/index.php\/wp-json\/wp\/v2\/types\/product"}],"replies":[{"embeddable":true,"href":"https:\/\/de-prime.com\/index.php\/wp-json\/wp\/v2\/comments?post=58100"}],"wp:featuredmedia":[{"embeddable":true,"href":"https:\/\/de-prime.com\/index.php\/wp-json\/"}],"wp:attachment":[{"href":"https:\/\/de-prime.com\/index.php\/wp-json\/wp\/v2\/media?parent=58100"}],"wp:term":[{"taxonomy":"product_brand","embeddable":true,"href":"https:\/\/de-prime.com\/index.php\/wp-json\/wp\/v2\/product_brand?post=58100"},{"taxonomy":"product_cat","embeddable":true,"href":"https:\/\/de-prime.com\/index.php\/wp-json\/wp\/v2\/product_cat?post=58100"},{"taxonomy":"product_tag","embeddable":true,"href":"https:\/\/de-prime.com\/index.php\/wp-json\/wp\/v2\/product_tag?post=58100"}],"curies":[{"name":"wp","href":"https:\/\/api.w.org\/{rel}","templated":true}]}}