{"id":58098,"date":"2024-10-03T21:14:15","date_gmt":"2024-10-03T19:14:15","guid":{"rendered":"https:\/\/de-prime.com\/?p=58098"},"modified":"2024-10-03T21:37:11","modified_gmt":"2024-10-03T19:37:11","slug":"sealskin-duschvorhangstangen-set-easy-roll-schwarz","status":"publish","type":"product","link":"https:\/\/de-prime.com\/index.php\/product\/sealskin-duschvorhangstangen-set-easy-roll-schwarz\/","title":{"rendered":"Sealskin Duschvorhangstangen-Set Easy-Roll Schwarz"},"content":{"rendered":"<p>Das Easy-Roll Duschvorhangstangen-Set von Sealskin enth\u00e4lt alles, was du zum Anbringen deines Duschvorhangs ben\u00f6tigst. Robust und langlebig: Diese Duschvorhangstangen bestehen aus Aluminium mit schwarzer Beschichtung, was sie robust und langlebig macht.Cleveres Design: Die Deckenhalterung wird an der Schiene festgeklemmt, sodass die Haken mit dem Duschvorhang entlang der Stangen frei von links nach rechts und umgekehrt bewegt werden k\u00f6nnen.Einfaches Zuschneiden: Die Duschvorhangstangen lassen sich leicht auf die gew\u00fcnschte Gr\u00f6\u00dfe zuschneiden.Passende Gr\u00f6\u00dfen: Das Duschstangen-Set eignet sich f\u00fcr eine Badewanne mit den Abmessungen von 90 x 170 cm oder eine Dusche in L-Form von 90 x 90 cm oder eine Dusche in U-Form von 90 x 90 x 90 cm.<\/p>\n<ul>\n<li>Farbe: Schwarz<\/li>\n<li>Material: ABS und Aluminium<\/li>\n<li>Abmessungen: 90 x 2,7 x 1,6 cm (L x B x T)<\/li>\n<li>Einfaches Zuschneiden der Stangen auf die gew\u00fcnschte Gr\u00f6\u00dfe<\/li>\n<li>Geeignet f\u00fcr eine Badewanne von 90 x 170 cm<\/li>\n<li>Geeignet f\u00fcr eine Dusche in L-Form von 90 x 90 cm<\/li>\n<li>Geeignet f\u00fcr eine Dusche in U-Form von 90 x 90 x 90 cm<\/li>\n<li>Einfacher Zusammenbau<\/li>\n<p><strong>Lieferung umfasst<\/strong><\/p>\n<li>\uff1a<\/li>\n<li>3 x gerade Duschvorhangschiene mit eingebauten Schienen<\/li>\n<li>2 x Gebogenes Verbindungsst\u00fcck<\/li>\n<li>1 x Deckenhalterung<\/li>\n<li>12 x Haken<\/li>\n<\/ul>\n","protected":false},"excerpt":{"rendered":"<ul>\n<li>Farbe: Schwarz<\/li>\n<li>Material: ABS und Aluminium<\/li>\n<li>Abmessungen: 90 x 2,7 x 1,6 cm (L x B x T)<\/li>\n<li>Einfaches Zuschneiden der Stangen auf die gew\u00fcnschte Gr\u00f6\u00dfe<\/li>\n<li>Geeignet f\u00fcr eine Badewanne von 90 x 170 cm<\/li>\n<li>Geeignet f\u00fcr eine Dusche in L-Form von 90 x 90 cm<\/li>\n<li>Geeignet f\u00fcr eine Dusche in U-Form von 90 x 90 x 90 cm<\/li>\n<li>Einfacher Zusammenbau<\/li>\n<p><strong>Lieferung umfasst<\/strong><\/p>\n<li>\uff1a<\/li>\n<li>3 x gerade Duschvorhangschiene mit eingebauten Schienen<\/li>\n<li>2 x Gebogenes Verbindungsst\u00fcck<\/li>\n<li>1 x Deckenhalterung<\/li>\n<li>12 x Haken<\/li>\n<\/ul>\n","protected":false},"featured_media":10000058098,"comment_status":"closed","ping_status":"closed","template":"","meta":[],"product_brand":[],"product_cat":[7057,7074,7048],"product_tag":[],"class_list":{"0":"post-58098","1":"product","2":"type-product","3":"status-publish","4":"has-post-thumbnail","6":"product_cat-badzubehoer","7":"product_cat-duschvorhangstangen","8":"product_cat-heim-garten","10":"first","11":"instock","12":"taxable","13":"shipping-taxable","14":"purchasable","15":"product-type-simple","16":"add-to-wishlist-after_add_to_cart"},"jetpack_sharing_enabled":true,"_links":{"self":[{"href":"https:\/\/de-prime.com\/index.php\/wp-json\/wp\/v2\/product\/58098","targetHints":{"allow":["GET"]}}],"collection":[{"href":"https:\/\/de-prime.com\/index.php\/wp-json\/wp\/v2\/product"}],"about":[{"href":"https:\/\/de-prime.com\/index.php\/wp-json\/wp\/v2\/types\/product"}],"replies":[{"embeddable":true,"href":"https:\/\/de-prime.com\/index.php\/wp-json\/wp\/v2\/comments?post=58098"}],"wp:featuredmedia":[{"embeddable":true,"href":"https:\/\/de-prime.com\/index.php\/wp-json\/"}],"wp:attachment":[{"href":"https:\/\/de-prime.com\/index.php\/wp-json\/wp\/v2\/media?parent=58098"}],"wp:term":[{"taxonomy":"product_brand","embeddable":true,"href":"https:\/\/de-prime.com\/index.php\/wp-json\/wp\/v2\/product_brand?post=58098"},{"taxonomy":"product_cat","embeddable":true,"href":"https:\/\/de-prime.com\/index.php\/wp-json\/wp\/v2\/product_cat?post=58098"},{"taxonomy":"product_tag","embeddable":true,"href":"https:\/\/de-prime.com\/index.php\/wp-json\/wp\/v2\/product_tag?post=58098"}],"curies":[{"name":"wp","href":"https:\/\/api.w.org\/{rel}","templated":true}]}}