{"id":58093,"date":"2024-10-03T21:14:29","date_gmt":"2024-10-03T19:14:29","guid":{"rendered":"https:\/\/de-prime.com\/?p=58093"},"modified":"2024-10-03T21:36:59","modified_gmt":"2024-10-03T19:36:59","slug":"sealskin-eck-duschvorhangstange-90x90-cm-weiss","status":"publish","type":"product","link":"https:\/\/de-prime.com\/index.php\/product\/sealskin-eck-duschvorhangstange-90x90-cm-weiss\/","title":{"rendered":"Sealskin Eck-Duschvorhangstange 90&#215;90 cm Wei\u00df"},"content":{"rendered":"<p>Die Eck-Duschvorhangstange von Sealskin ist eine besonders robuste und langlebige modulare Vorhangschiene zum Aufh\u00e4ngen eines Duschvorhangs. Dar\u00fcber hinaus wird diese praktische Duschvorhangstange, deren Seitenl\u00e4ngen 90&#215;90 cm betragen, mit allem notwendigen Zubeh\u00f6r zum Aufh\u00e4ngen eines Duschvorhangs in L-Form geliefert.<\/p>\n<ul>\n<li>Farbe: Wei\u00df<\/li>\n<li>Material: Edelstahl<\/li>\n<li>Gr\u00f6\u00dfe: 90 x 90 cm (B x L)<\/li>\n<li>Durchmesser: 2,8 cm<\/li>\n<li>L-f\u00f6rmige, modulare Duschvorhangstange<\/li>\n<li>Extrarobust und langlebig<\/li>\n<li>Geeignet f\u00fcr fast alle Arten von Duschvorhangringen<\/li>\n<li>Im Lieferumfang enthalten: 2 x gerade Schiene, 1 x gebogene Schiene, Montagematerial<\/li>\n<\/ul>\n","protected":false},"excerpt":{"rendered":"<ul>\n<li>Farbe: Wei\u00df<\/li>\n<li>Material: Edelstahl<\/li>\n<li>Gr\u00f6\u00dfe: 90 x 90 cm (B x L)<\/li>\n<li>Durchmesser: 2,8 cm<\/li>\n<li>L-f\u00f6rmige, modulare Duschvorhangstange<\/li>\n<li>Extrarobust und langlebig<\/li>\n<li>Geeignet f\u00fcr fast alle Arten von Duschvorhangringen<\/li>\n<li>Im Lieferumfang enthalten: 2 x gerade Schiene, 1 x gebogene Schiene, Montagematerial<\/li>\n<\/ul>\n","protected":false},"featured_media":10000058093,"comment_status":"closed","ping_status":"closed","template":"","meta":[],"product_brand":[],"product_cat":[7057,7074,7048],"product_tag":[],"class_list":{"0":"post-58093","1":"product","2":"type-product","3":"status-publish","4":"has-post-thumbnail","6":"product_cat-badzubehoer","7":"product_cat-duschvorhangstangen","8":"product_cat-heim-garten","10":"first","11":"instock","12":"taxable","13":"shipping-taxable","14":"purchasable","15":"product-type-simple","16":"add-to-wishlist-after_add_to_cart"},"jetpack_sharing_enabled":true,"_links":{"self":[{"href":"https:\/\/de-prime.com\/index.php\/wp-json\/wp\/v2\/product\/58093","targetHints":{"allow":["GET"]}}],"collection":[{"href":"https:\/\/de-prime.com\/index.php\/wp-json\/wp\/v2\/product"}],"about":[{"href":"https:\/\/de-prime.com\/index.php\/wp-json\/wp\/v2\/types\/product"}],"replies":[{"embeddable":true,"href":"https:\/\/de-prime.com\/index.php\/wp-json\/wp\/v2\/comments?post=58093"}],"wp:featuredmedia":[{"embeddable":true,"href":"https:\/\/de-prime.com\/index.php\/wp-json\/"}],"wp:attachment":[{"href":"https:\/\/de-prime.com\/index.php\/wp-json\/wp\/v2\/media?parent=58093"}],"wp:term":[{"taxonomy":"product_brand","embeddable":true,"href":"https:\/\/de-prime.com\/index.php\/wp-json\/wp\/v2\/product_brand?post=58093"},{"taxonomy":"product_cat","embeddable":true,"href":"https:\/\/de-prime.com\/index.php\/wp-json\/wp\/v2\/product_cat?post=58093"},{"taxonomy":"product_tag","embeddable":true,"href":"https:\/\/de-prime.com\/index.php\/wp-json\/wp\/v2\/product_tag?post=58093"}],"curies":[{"name":"wp","href":"https:\/\/api.w.org\/{rel}","templated":true}]}}