{"id":58092,"date":"2024-10-03T21:14:29","date_gmt":"2024-10-03T19:14:29","guid":{"rendered":"https:\/\/de-prime.com\/?p=58092"},"modified":"2024-10-03T21:36:59","modified_gmt":"2024-10-03T19:36:59","slug":"sealskin-teleskop-duschvorhangstange-80-130-cm-chrom","status":"publish","type":"product","link":"https:\/\/de-prime.com\/index.php\/product\/sealskin-teleskop-duschvorhangstange-80-130-cm-chrom\/","title":{"rendered":"Sealskin Teleskop-Duschvorhangstange 80-130 cm Chrom"},"content":{"rendered":"<p>Die ausziehbare Duschvorhangstange von Sealskin ist besonders robust und langlebig, wodurch sie ideal f\u00fcr Ihr Badezimmer geeignet ist! Diese Duschvorhangstange hat einen Durchmesser von 28 mm und l\u00e4sst sich schnell befestigen. Ziehe die Duschstange heraus und klemme sie zwischen die W\u00e4nde deiner Dusche, und schon kannst du deinen Duschvorhang aufh\u00e4ngen. So einfach ist das! Dar\u00fcber hinaus macht die selbsttragende Teleskop-Duschvorhangstange von Sealskin das Bohren von L\u00f6chern \u00fcberfl\u00fcssig.<\/p>\n<ul>\n<li>Farbe: Chrom<\/li>\n<li>Material: Aluminium<\/li>\n<li>Gr\u00f6\u00dfe: 2,8 x 80-130 cm (Durchmesser x L)<\/li>\n<li>Teleskop-Duschvorhangstange<\/li>\n<li>Sehr robust und langlebig<\/li>\n<li>Kein Bohren von L\u00f6chern erforderlich<\/li>\n<li>Geeignet f\u00fcr fast alle Arten von Duschvorhangringen<\/li>\n<\/ul>\n","protected":false},"excerpt":{"rendered":"<ul>\n<li>Farbe: Chrom<\/li>\n<li>Material: Aluminium<\/li>\n<li>Gr\u00f6\u00dfe: 2,8 x 80-130 cm (Durchmesser x L)<\/li>\n<li>Teleskop-Duschvorhangstange<\/li>\n<li>Sehr robust und langlebig<\/li>\n<li>Kein Bohren von L\u00f6chern erforderlich<\/li>\n<li>Geeignet f\u00fcr fast alle Arten von Duschvorhangringen<\/li>\n<\/ul>\n","protected":false},"featured_media":10000058092,"comment_status":"closed","ping_status":"closed","template":"","meta":[],"product_brand":[],"product_cat":[7057,7074,7048],"product_tag":[],"class_list":{"0":"post-58092","1":"product","2":"type-product","3":"status-publish","4":"has-post-thumbnail","6":"product_cat-badzubehoer","7":"product_cat-duschvorhangstangen","8":"product_cat-heim-garten","10":"first","11":"instock","12":"taxable","13":"shipping-taxable","14":"purchasable","15":"product-type-simple","16":"add-to-wishlist-after_add_to_cart"},"jetpack_sharing_enabled":true,"_links":{"self":[{"href":"https:\/\/de-prime.com\/index.php\/wp-json\/wp\/v2\/product\/58092","targetHints":{"allow":["GET"]}}],"collection":[{"href":"https:\/\/de-prime.com\/index.php\/wp-json\/wp\/v2\/product"}],"about":[{"href":"https:\/\/de-prime.com\/index.php\/wp-json\/wp\/v2\/types\/product"}],"replies":[{"embeddable":true,"href":"https:\/\/de-prime.com\/index.php\/wp-json\/wp\/v2\/comments?post=58092"}],"wp:featuredmedia":[{"embeddable":true,"href":"https:\/\/de-prime.com\/index.php\/wp-json\/"}],"wp:attachment":[{"href":"https:\/\/de-prime.com\/index.php\/wp-json\/wp\/v2\/media?parent=58092"}],"wp:term":[{"taxonomy":"product_brand","embeddable":true,"href":"https:\/\/de-prime.com\/index.php\/wp-json\/wp\/v2\/product_brand?post=58092"},{"taxonomy":"product_cat","embeddable":true,"href":"https:\/\/de-prime.com\/index.php\/wp-json\/wp\/v2\/product_cat?post=58092"},{"taxonomy":"product_tag","embeddable":true,"href":"https:\/\/de-prime.com\/index.php\/wp-json\/wp\/v2\/product_tag?post=58092"}],"curies":[{"name":"wp","href":"https:\/\/api.w.org\/{rel}","templated":true}]}}