{"id":58084,"date":"2024-10-03T21:14:46","date_gmt":"2024-10-03T19:14:46","guid":{"rendered":"https:\/\/de-prime.com\/?p=58084"},"modified":"2024-10-03T21:36:46","modified_gmt":"2024-10-03T19:36:46","slug":"sealskin-teleskop-duschvorhangstange-185-cm-mattgrau","status":"publish","type":"product","link":"https:\/\/de-prime.com\/index.php\/product\/sealskin-teleskop-duschvorhangstange-185-cm-mattgrau\/","title":{"rendered":"Sealskin Teleskop-Duschvorhangstange 185 cm Mattgrau"},"content":{"rendered":"<p>Die ausziehbare Duschvorhangstange von Sealskin ist die ideale Wahl f\u00fcr Ihr Badezimmer! Diese Duschvorhangstange hat einen Durchmesser von 20 mm und l\u00e4sst sich schnell montieren. Verl\u00e4ngern Sie die Schiene und klemmen Sie sie zwischen die W\u00e4nde Ihrer Dusche und schon k\u00f6nnen Sie Ihren Duschvorhang aufh\u00e4ngen; so einfach ist das! Dar\u00fcber hinaus er\u00fcbrigt die selbsttragende Schiene von Sealskin das Bohren von L\u00f6chern.<\/p>\n<ul>\n<li>Farbe: Mattgrau<\/li>\n<li>Material: Edelstahl<\/li>\n<li>Gr\u00f6\u00dfe: 2 x 185 cm (Durchmesser x L)<\/li>\n<li>Teleskop-Duschvorhang<\/li>\n<li>Kein Bohren von L\u00f6chern notwendig<\/li>\n<\/ul>\n","protected":false},"excerpt":{"rendered":"<ul>\n<li>Farbe: Mattgrau<\/li>\n<li>Material: Edelstahl<\/li>\n<li>Gr\u00f6\u00dfe: 2 x 185 cm (Durchmesser x L)<\/li>\n<li>Teleskop-Duschvorhang<\/li>\n<li>Kein Bohren von L\u00f6chern notwendig<\/li>\n<\/ul>\n","protected":false},"featured_media":10000058084,"comment_status":"closed","ping_status":"closed","template":"","meta":[],"product_brand":[],"product_cat":[7057,7074,7048],"product_tag":[],"class_list":{"0":"post-58084","1":"product","2":"type-product","3":"status-publish","4":"has-post-thumbnail","6":"product_cat-badzubehoer","7":"product_cat-duschvorhangstangen","8":"product_cat-heim-garten","10":"first","11":"outofstock","12":"taxable","13":"shipping-taxable","14":"purchasable","15":"product-type-simple","16":"add-to-wishlist-after_add_to_cart"},"jetpack_sharing_enabled":true,"_links":{"self":[{"href":"https:\/\/de-prime.com\/index.php\/wp-json\/wp\/v2\/product\/58084","targetHints":{"allow":["GET"]}}],"collection":[{"href":"https:\/\/de-prime.com\/index.php\/wp-json\/wp\/v2\/product"}],"about":[{"href":"https:\/\/de-prime.com\/index.php\/wp-json\/wp\/v2\/types\/product"}],"replies":[{"embeddable":true,"href":"https:\/\/de-prime.com\/index.php\/wp-json\/wp\/v2\/comments?post=58084"}],"wp:featuredmedia":[{"embeddable":true,"href":"https:\/\/de-prime.com\/index.php\/wp-json\/"}],"wp:attachment":[{"href":"https:\/\/de-prime.com\/index.php\/wp-json\/wp\/v2\/media?parent=58084"}],"wp:term":[{"taxonomy":"product_brand","embeddable":true,"href":"https:\/\/de-prime.com\/index.php\/wp-json\/wp\/v2\/product_brand?post=58084"},{"taxonomy":"product_cat","embeddable":true,"href":"https:\/\/de-prime.com\/index.php\/wp-json\/wp\/v2\/product_cat?post=58084"},{"taxonomy":"product_tag","embeddable":true,"href":"https:\/\/de-prime.com\/index.php\/wp-json\/wp\/v2\/product_tag?post=58084"}],"curies":[{"name":"wp","href":"https:\/\/api.w.org\/{rel}","templated":true}]}}