{"id":58079,"date":"2024-10-03T21:14:54","date_gmt":"2024-10-03T19:14:54","guid":{"rendered":"https:\/\/de-prime.com\/?p=58079"},"modified":"2024-10-03T21:36:39","modified_gmt":"2024-10-03T19:36:39","slug":"ridder-universal-duschvorhangstange-weiss-160-x-70-cm","status":"publish","type":"product","link":"https:\/\/de-prime.com\/index.php\/product\/ridder-universal-duschvorhangstange-weiss-160-x-70-cm\/","title":{"rendered":"RIDDER Universal-Duschvorhangstange Wei\u00df 160 x 70 cm"},"content":{"rendered":"<p>Mit dieser montagefreundlichen Duschvorhangstange von RIDDER mit 24 integrierten Vorhanghaken und 2 Deckenhalterungen k\u00f6nnen Sie Ihren Duschvorhang schnell, einfach und stabil aufh\u00e4ngen! Die Duschvorhangstange besteht aus Aluminium-Druckguss mit unsichtbaren Schwei\u00dfn\u00e4hten, so dass Rost keine Chance hat. Diese langlebige Vorhangschiene kann einfach mit den mitgelieferten D\u00fcbeln und Schrauben montiert und bei Bedarf leicht gek\u00fcrzt werden. Dar\u00fcber hinaus sind verschiedene H\u00e4ngepositionen m\u00f6glich, wie z. B. gerade: 160 x 70 cm, aber auch \u00fcber Ecken wie 90 x 90 cm oder 90 x 90 x 90 cm.<\/p>\n<ul>\n<li>Farbe: Wei\u00df<\/li>\n<li>Material: Aluminium; Kunststoff<\/li>\n<li>Maximale L\u00e4nge: 160 x 70 (auch 90 x 90 und 90 x 90 x 90) cm<\/li>\n<li>Hohe Stabilit\u00e4t<\/li>\n<li>Einfacher Zusammenbau<\/li>\n<li>Einstellbar, kann gek\u00fcrzt werden<\/li>\n<li>Montagematerial inklusive (Schrauben und D\u00fcbel)<\/li>\n<li>Inklusive 24 Kunststoff-Duschvorhanghaken und 2 Deckenhalterungen<\/li>\n<li>Geeignet f\u00fcr alle handels\u00fcblichen Duschen und Badewannen<\/li>\n<\/ul>\n","protected":false},"excerpt":{"rendered":"<ul>\n<li>Farbe: Wei\u00df<\/li>\n<li>Material: Aluminium; Kunststoff<\/li>\n<li>Maximale L\u00e4nge: 160 x 70 (auch 90 x 90 und 90 x 90 x 90) cm<\/li>\n<li>Hohe Stabilit\u00e4t<\/li>\n<li>Einfacher Zusammenbau<\/li>\n<li>Einstellbar, kann gek\u00fcrzt werden<\/li>\n<li>Montagematerial inklusive (Schrauben und D\u00fcbel)<\/li>\n<li>Inklusive 24 Kunststoff-Duschvorhanghaken und 2 Deckenhalterungen<\/li>\n<li>Geeignet f\u00fcr alle handels\u00fcblichen Duschen und Badewannen<\/li>\n<\/ul>\n","protected":false},"featured_media":10000058079,"comment_status":"closed","ping_status":"closed","template":"","meta":[],"product_brand":[],"product_cat":[7057,7074,7048],"product_tag":[],"class_list":{"0":"post-58079","1":"product","2":"type-product","3":"status-publish","4":"has-post-thumbnail","6":"product_cat-badzubehoer","7":"product_cat-duschvorhangstangen","8":"product_cat-heim-garten","10":"first","11":"outofstock","12":"taxable","13":"shipping-taxable","14":"purchasable","15":"product-type-simple","16":"add-to-wishlist-after_add_to_cart"},"jetpack_sharing_enabled":true,"_links":{"self":[{"href":"https:\/\/de-prime.com\/index.php\/wp-json\/wp\/v2\/product\/58079","targetHints":{"allow":["GET"]}}],"collection":[{"href":"https:\/\/de-prime.com\/index.php\/wp-json\/wp\/v2\/product"}],"about":[{"href":"https:\/\/de-prime.com\/index.php\/wp-json\/wp\/v2\/types\/product"}],"replies":[{"embeddable":true,"href":"https:\/\/de-prime.com\/index.php\/wp-json\/wp\/v2\/comments?post=58079"}],"wp:featuredmedia":[{"embeddable":true,"href":"https:\/\/de-prime.com\/index.php\/wp-json\/"}],"wp:attachment":[{"href":"https:\/\/de-prime.com\/index.php\/wp-json\/wp\/v2\/media?parent=58079"}],"wp:term":[{"taxonomy":"product_brand","embeddable":true,"href":"https:\/\/de-prime.com\/index.php\/wp-json\/wp\/v2\/product_brand?post=58079"},{"taxonomy":"product_cat","embeddable":true,"href":"https:\/\/de-prime.com\/index.php\/wp-json\/wp\/v2\/product_cat?post=58079"},{"taxonomy":"product_tag","embeddable":true,"href":"https:\/\/de-prime.com\/index.php\/wp-json\/wp\/v2\/product_tag?post=58079"}],"curies":[{"name":"wp","href":"https:\/\/api.w.org\/{rel}","templated":true}]}}