{"id":58077,"date":"2024-10-03T21:14:58","date_gmt":"2024-10-03T19:14:58","guid":{"rendered":"https:\/\/de-prime.com\/?p=58077"},"modified":"2024-10-03T21:36:35","modified_gmt":"2024-10-03T19:36:35","slug":"ridder-eck-duschvorhangstange-weiss-80-x-80-x-25-cm","status":"publish","type":"product","link":"https:\/\/de-prime.com\/index.php\/product\/ridder-eck-duschvorhangstange-weiss-80-x-80-x-25-cm\/","title":{"rendered":"RIDDER Eck-Duschvorhangstange Wei\u00df 80 x 80 x 2,5 cm"},"content":{"rendered":"<p>Diese praktische Eck-Duschvorhangstange von RIDDER ist sowohl f\u00fcr Badewannen als auch f\u00fcr Duschwannen von ca. 80&#215;80 cm geeignet. Die Duschvorhangstange ist verstellbar und kann leicht gek\u00fcrzt werden. Die Duscheckleiste besteht aus Aluminium-Druckguss ohne sichtbare Schwei\u00dfn\u00e4hte, so dass Rost keine Chance hat. Es ist einfach zu reinigen, da Sie es nach Bedarf demontieren k\u00f6nnen. Diese haltbare Vorhangschiene kann einfach mit ein paar D\u00fcbeln und Schrauben montiert werden, die alle im Lieferumfang enthalten sind, und ist f\u00fcr eine gute Reinigung ebenso leicht zu entfernen. Zus\u00e4tzlich kann diese Eckstange perfekt mit einem der Ridder Duschvorh\u00e4nge und Ridder Duschvorhangringe erg\u00e4nzt werden.<\/p>\n<ul>\n<li>Farbe: Wei\u00df<\/li>\n<li>Material: Aluminium; Kunststoff<\/li>\n<li>Durchmesser: 25 mm<\/li>\n<li>Abmessung: 80 x 80 cm (L x B)<\/li>\n<li>Hohe Stabilit\u00e4t<\/li>\n<li>Einfach zu montieren und zu demontieren<\/li>\n<li>Montagematerial inklusive (Schrauben und D\u00fcbel)<\/li>\n<li>Geeignet f\u00fcr Badewannen und Duschwannen<\/li>\n<li>Hinweis: Bitte verwenden Sie zur Reinigung keine chemischen oder aggressiven Reinigungsmittel<\/li>\n<\/ul>\n","protected":false},"excerpt":{"rendered":"<ul>\n<li>Farbe: Wei\u00df<\/li>\n<li>Material: Aluminium; Kunststoff<\/li>\n<li>Durchmesser: 25 mm<\/li>\n<li>Abmessung: 80 x 80 cm (L x B)<\/li>\n<li>Hohe Stabilit\u00e4t<\/li>\n<li>Einfach zu montieren und zu demontieren<\/li>\n<li>Montagematerial inklusive (Schrauben und D\u00fcbel)<\/li>\n<li>Geeignet f\u00fcr Badewannen und Duschwannen<\/li>\n<li>Hinweis: Bitte verwenden Sie zur Reinigung keine chemischen oder aggressiven Reinigungsmittel<\/li>\n<\/ul>\n","protected":false},"featured_media":10000058077,"comment_status":"closed","ping_status":"closed","template":"","meta":[],"product_brand":[],"product_cat":[7057,7074,7048],"product_tag":[],"class_list":{"0":"post-58077","1":"product","2":"type-product","3":"status-publish","4":"has-post-thumbnail","6":"product_cat-badzubehoer","7":"product_cat-duschvorhangstangen","8":"product_cat-heim-garten","10":"first","11":"instock","12":"taxable","13":"shipping-taxable","14":"purchasable","15":"product-type-simple","16":"add-to-wishlist-after_add_to_cart"},"jetpack_sharing_enabled":true,"_links":{"self":[{"href":"https:\/\/de-prime.com\/index.php\/wp-json\/wp\/v2\/product\/58077","targetHints":{"allow":["GET"]}}],"collection":[{"href":"https:\/\/de-prime.com\/index.php\/wp-json\/wp\/v2\/product"}],"about":[{"href":"https:\/\/de-prime.com\/index.php\/wp-json\/wp\/v2\/types\/product"}],"replies":[{"embeddable":true,"href":"https:\/\/de-prime.com\/index.php\/wp-json\/wp\/v2\/comments?post=58077"}],"wp:featuredmedia":[{"embeddable":true,"href":"https:\/\/de-prime.com\/index.php\/wp-json\/"}],"wp:attachment":[{"href":"https:\/\/de-prime.com\/index.php\/wp-json\/wp\/v2\/media?parent=58077"}],"wp:term":[{"taxonomy":"product_brand","embeddable":true,"href":"https:\/\/de-prime.com\/index.php\/wp-json\/wp\/v2\/product_brand?post=58077"},{"taxonomy":"product_cat","embeddable":true,"href":"https:\/\/de-prime.com\/index.php\/wp-json\/wp\/v2\/product_cat?post=58077"},{"taxonomy":"product_tag","embeddable":true,"href":"https:\/\/de-prime.com\/index.php\/wp-json\/wp\/v2\/product_tag?post=58077"}],"curies":[{"name":"wp","href":"https:\/\/api.w.org\/{rel}","templated":true}]}}