{"id":58036,"date":"2024-10-04T11:20:54","date_gmt":"2024-10-04T09:20:54","guid":{"rendered":"https:\/\/de-prime.com\/?p=58036"},"modified":"2024-10-04T11:20:55","modified_gmt":"2024-10-04T09:20:55","slug":"deckenleuchte-mit-2-strahlern-e14-schwarz-und-kupfer","status":"publish","type":"product","link":"https:\/\/de-prime.com\/index.php\/product\/deckenleuchte-mit-2-strahlern-e14-schwarz-und-kupfer\/","title":{"rendered":"Deckenleuchte mit 2 Strahlern E14 Schwarz und Kupfer"},"content":{"rendered":"<p>Diese Deckenleuchte mit 2 Strahlern in industriellem Stil wird die Optik jedes Raumes aufwerten. Die Leuchte kann mit ihrem hochwertigen schwarzen Metallsockel leicht an der Wand oder Decke montiert werden. Die einzigartigen, kupferfarbenen Lampenschirme aus Eisendraht tragen zum industriellen Stil bei und sorgen f\u00fcr ein sehr angenehmes Licht zur Beleuchtung jeder Ecke des Zimmers. Diese Leuchte ist geeignet f\u00fcr E14-Gl\u00fchlampen. Bitte beachten Sie, dass im Lieferumfang keine Gl\u00fchlampen enthalten sind.<\/p>\n<ul>\n<li>Farbe: Schwarz und Kupfern<\/li>\n<li>Material: Metallrahmen + Eisendraht-Lampenschirm<\/li>\n<li>Lampensockel: 8 x 2,5 cm (Durchmesser x H)<\/li>\n<li>Schirm-Durchmesser: 9 cm<\/li>\n<li>Schienenl\u00e4nge: 25 cm<\/li>\n<li>Stromversorgung: 230 V~, 50 Hz<\/li>\n<li>Leistung: Maximal 2 x 40 W<\/li>\n<li>Lampenfassung: E14<\/li>\n<li><strong>Hinweis:<\/strong> Leuchtmittel sind nicht im Lieferumfang enthalten<\/li>\n<\/ul>\n","protected":false},"excerpt":{"rendered":"<ul>\n<li>Farbe: Schwarz und Kupfern<\/li>\n<li>Material: Metallrahmen + Eisendraht-Lampenschirm<\/li>\n<li>Lampensockel: 8 x 2,5 cm (Durchmesser x H)<\/li>\n<li>Schirm-Durchmesser: 9 cm<\/li>\n<li>Schienenl\u00e4nge: 25 cm<\/li>\n<li>Stromversorgung: 230 V~, 50 Hz<\/li>\n<li>Leistung: Maximal 2 x 40 W<\/li>\n<li>Lampenfassung: E14<\/li>\n<li><strong>Hinweis:<\/strong> Leuchtmittel sind nicht im Lieferumfang enthalten<\/li>\n<\/ul>\n","protected":false},"featured_media":10000058036,"comment_status":"closed","ping_status":"closed","template":"","meta":[],"product_brand":[],"product_cat":[7054,7071,7048,7070],"product_tag":[],"class_list":{"0":"post-58036","1":"product","2":"type-product","3":"status-publish","4":"has-post-thumbnail","6":"product_cat-beleuchtung","7":"product_cat-deckenleuchten","8":"product_cat-heim-garten","9":"product_cat-kronleuchter-wand-deckenbeleuchtung","11":"first","12":"instock","13":"taxable","14":"shipping-taxable","15":"purchasable","16":"product-type-simple","17":"add-to-wishlist-after_add_to_cart"},"jetpack_sharing_enabled":true,"_links":{"self":[{"href":"https:\/\/de-prime.com\/index.php\/wp-json\/wp\/v2\/product\/58036","targetHints":{"allow":["GET"]}}],"collection":[{"href":"https:\/\/de-prime.com\/index.php\/wp-json\/wp\/v2\/product"}],"about":[{"href":"https:\/\/de-prime.com\/index.php\/wp-json\/wp\/v2\/types\/product"}],"replies":[{"embeddable":true,"href":"https:\/\/de-prime.com\/index.php\/wp-json\/wp\/v2\/comments?post=58036"}],"wp:featuredmedia":[{"embeddable":true,"href":"https:\/\/de-prime.com\/index.php\/wp-json\/"}],"wp:attachment":[{"href":"https:\/\/de-prime.com\/index.php\/wp-json\/wp\/v2\/media?parent=58036"}],"wp:term":[{"taxonomy":"product_brand","embeddable":true,"href":"https:\/\/de-prime.com\/index.php\/wp-json\/wp\/v2\/product_brand?post=58036"},{"taxonomy":"product_cat","embeddable":true,"href":"https:\/\/de-prime.com\/index.php\/wp-json\/wp\/v2\/product_cat?post=58036"},{"taxonomy":"product_tag","embeddable":true,"href":"https:\/\/de-prime.com\/index.php\/wp-json\/wp\/v2\/product_tag?post=58036"}],"curies":[{"name":"wp","href":"https:\/\/api.w.org\/{rel}","templated":true}]}}