{"id":58032,"date":"2024-10-04T11:21:54","date_gmt":"2024-10-04T09:21:54","guid":{"rendered":"https:\/\/de-prime.com\/?p=58032"},"modified":"2024-10-04T11:21:54","modified_gmt":"2024-10-04T09:21:54","slug":"deckenlampe-lila-und-weisse-blaetterranken-mit-acryl-blaettern-5x-e14","status":"publish","type":"product","link":"https:\/\/de-prime.com\/index.php\/product\/deckenlampe-lila-und-weisse-blaetterranken-mit-acryl-blaettern-5x-e14\/","title":{"rendered":"Deckenlampe Lila und wei\u00dfe Bl\u00e4tterranken mit Acryl-Bl\u00e4ttern 5x E14"},"content":{"rendered":"<p>Diese tolle Deckenlampe, mit dekorativen Acryl-Bl\u00e4ttern wird ein echter Blickfang in Ihren Innenr\u00e4umen sein! Der Metall-Look verleiht dieser Leuchte einen modernen Stil. Diese Lampe kann problemlos an jede Decke montiert werden. Das Licht wird an den feinen Acryl-Bl\u00e4ttern reflektiert und beleuchtet jeden Winkel des Raumes auf einzigartige Weise. Diese Lampe ist f\u00fcr f\u00fcnf E14 Leuchtmittel ausgelegt. Bitte beachten Sie, dass die Leuchtmittel nicht im Lieferumfang enthalten sind.<\/p>\n<ul>\n<li>Material: Metallrahmen + Acryl-Bl\u00e4tter<\/li>\n<li>Farbe: lila + wei\u00df<\/li>\n<li>Gesamtgr\u00f6\u00dfe: 70 x 15 cm (\u03a6 x H)<\/li>\n<li>Spannung: 220 V<\/li>\n<li>Max. Leistung: 5 x 40 W<\/li>\n<li>Leuchtmittel: E14<\/li>\n<li>Chrom \u00dcberzug<\/li>\n<li>Leuchtmittel sind nicht im Lieferumfang enthalten<\/li>\n<li>Die Montage ist sehr einfach<\/li>\n<\/ul>\n","protected":false},"excerpt":{"rendered":"<ul>\n<li>Material: Metallrahmen + Acryl-Bl\u00e4tter<\/li>\n<li>Farbe: lila + wei\u00df<\/li>\n<li>Gesamtgr\u00f6\u00dfe: 70 x 15 cm (\u03a6 x H)<\/li>\n<li>Spannung: 220 V<\/li>\n<li>Max. Leistung: 5 x 40 W<\/li>\n<li>Leuchtmittel: E14<\/li>\n<li>Chrom \u00dcberzug<\/li>\n<li>Leuchtmittel sind nicht im Lieferumfang enthalten<\/li>\n<li>Die Montage ist sehr einfach<\/li>\n<\/ul>\n","protected":false},"featured_media":10000058032,"comment_status":"closed","ping_status":"closed","template":"","meta":[],"product_brand":[],"product_cat":[7054,7071,7048,7070],"product_tag":[],"class_list":{"0":"post-58032","1":"product","2":"type-product","3":"status-publish","4":"has-post-thumbnail","6":"product_cat-beleuchtung","7":"product_cat-deckenleuchten","8":"product_cat-heim-garten","9":"product_cat-kronleuchter-wand-deckenbeleuchtung","11":"first","12":"instock","13":"taxable","14":"shipping-taxable","15":"purchasable","16":"product-type-simple","17":"add-to-wishlist-after_add_to_cart"},"jetpack_sharing_enabled":true,"_links":{"self":[{"href":"https:\/\/de-prime.com\/index.php\/wp-json\/wp\/v2\/product\/58032","targetHints":{"allow":["GET"]}}],"collection":[{"href":"https:\/\/de-prime.com\/index.php\/wp-json\/wp\/v2\/product"}],"about":[{"href":"https:\/\/de-prime.com\/index.php\/wp-json\/wp\/v2\/types\/product"}],"replies":[{"embeddable":true,"href":"https:\/\/de-prime.com\/index.php\/wp-json\/wp\/v2\/comments?post=58032"}],"wp:featuredmedia":[{"embeddable":true,"href":"https:\/\/de-prime.com\/index.php\/wp-json\/"}],"wp:attachment":[{"href":"https:\/\/de-prime.com\/index.php\/wp-json\/wp\/v2\/media?parent=58032"}],"wp:term":[{"taxonomy":"product_brand","embeddable":true,"href":"https:\/\/de-prime.com\/index.php\/wp-json\/wp\/v2\/product_brand?post=58032"},{"taxonomy":"product_cat","embeddable":true,"href":"https:\/\/de-prime.com\/index.php\/wp-json\/wp\/v2\/product_cat?post=58032"},{"taxonomy":"product_tag","embeddable":true,"href":"https:\/\/de-prime.com\/index.php\/wp-json\/wp\/v2\/product_tag?post=58032"}],"curies":[{"name":"wp","href":"https:\/\/api.w.org\/{rel}","templated":true}]}}