{"id":58019,"date":"2024-10-04T11:20:25","date_gmt":"2024-10-04T09:20:25","guid":{"rendered":"https:\/\/de-prime.com\/?p=58019"},"modified":"2024-10-04T11:20:25","modified_gmt":"2024-10-04T09:20:25","slug":"chafing-dish-set-2-tlg-edelstahl","status":"publish","type":"product","link":"https:\/\/de-prime.com\/index.php\/product\/chafing-dish-set-2-tlg-edelstahl\/","title":{"rendered":"Chafing Dish Set 2-tlg. Edelstahl"},"content":{"rendered":"<p>Dieses praktische Set aus 2 Chafing Dishes h\u00e4lt Ihre Speisen \u00fcber einen l\u00e4ngeren Zeitraum hinweg warm. Es ist ideal f\u00fcr den Einsatz bei professionellen Caterings sowie in der Gastronomie, aber auf Partys oder Familientreffen im privaten Umfeld geeignet. Das Chafing-Dish-Set aus hochwertigem Edelstahl ist solide verarbeitet und pflegeleicht. Die Speisenbeh\u00e4lter haben die \u00fcblichen &#8222;Gastronorm&#8220;-Ma\u00dfe und erm\u00f6glichen damit einen universellen Einsatz sowie vielf\u00e4ltige Kombinationsm\u00f6glichkeiten. Die abgerundeten Ecken in Wasserbecken und Speisenbeh\u00e4lter erleichtern die Reinigung. Die Deckel haben einen w\u00e4rmeisolierenden Griff und k\u00f6nnen f\u00fcr eine einfache Handhabung auf den praktischen Deckelhalter am Gestell platziert werden. Mit 2 Tragegriffen an den Gestellen sind die Speisenw\u00e4rmer leicht zu bewegen. Zwei Brennpastenbeh\u00e4lter pro Gestell halten Ihre Speisen \u00fcber lange Zeit warm.<\/p>\n<ul>\n<li>Material: Edelstahl<\/li>\n<li>Gesamtma\u00dfe (pro Chafing Dish): 605 x 360 x 300 mm (L x B x H)<\/li>\n<li>Gr\u00f6\u00dfe des Wasserbeckens (pro Chafing Dish): 560 x 360 x 100 mm (L x B x H)<\/li>\n<li>Die Speisebeh\u00e4ltergr\u00f6\u00dfen entsprechen der &#8222;Gastronorm&#8220;-Standardma\u00dfe<\/li>\n<li>Speisenbeh\u00e4lter-Ma\u00dfe GN1\/1: 530 x 325 x 65 mm (L x B x H)<\/li>\n<li>Speisenbeh\u00e4lter-Ma\u00dfe GN1\/2: 325 x 265 x 65 mm (L x B x H)<\/li>\n<li>Speisenbeh\u00e4lter-Ma\u00dfe GN1\/4: 265 x 163 x 65 mm (L x B x H)<\/li>\n<li>Beh\u00e4lter mit abgerundeten Ecken f\u00fcr einfache Reinigung<\/li>\n<li>Die Deckel haben w\u00e4rmeisolierende Griffe<\/li>\n<li>Gestell mit praktischem Deckelhalter und Brennpastenbeh\u00e4ltern<\/li>\n<li><strong>Lieferung beinhaltet:<\/strong><\/li>\n<li>2 x Deckel mit Griff<\/li>\n<li>1 x Speisenbeh\u00e4lter GN1\/1<\/li>\n<li>1 x Speisenbeh\u00e4lter GN1\/2<\/li>\n<li>2 x Speisenbeh\u00e4lter GN1\/4<\/li>\n<li>2 x Wasserbecken<\/li>\n<li>2 x Gestell<\/li>\n<li>4 x Brennpastenbeh\u00e4lter<\/li>\n<\/ul>\n","protected":false},"excerpt":{"rendered":"<ul>\n<li>Material: Edelstahl<\/li>\n<li>Gesamtma\u00dfe (pro Chafing Dish): 605 x 360 x 300 mm (L x B x H)<\/li>\n<li>Gr\u00f6\u00dfe des Wasserbeckens (pro Chafing Dish): 560 x 360 x 100 mm (L x B x H)<\/li>\n<li>Die Speisebeh\u00e4ltergr\u00f6\u00dfen entsprechen der &#8222;Gastronorm&#8220;-Standardma\u00dfe<\/li>\n<li>Speisenbeh\u00e4lter-Ma\u00dfe GN1\/1: 530 x 325 x 65 mm (L x B x H)<\/li>\n<li>Speisenbeh\u00e4lter-Ma\u00dfe GN1\/2: 325 x 265 x 65 mm (L x B x H)<\/li>\n<li>Speisenbeh\u00e4lter-Ma\u00dfe GN1\/4: 265 x 163 x 65 mm (L x B x H)<\/li>\n<li>Beh\u00e4lter mit abgerundeten Ecken f\u00fcr einfache Reinigung<\/li>\n<li>Die Deckel haben w\u00e4rmeisolierende Griffe<\/li>\n<li>Gestell mit praktischem Deckelhalter und Brennpastenbeh\u00e4ltern<\/li>\n<li><strong>Lieferung beinhaltet:<\/strong><\/li>\n<li>2 x Deckel mit Griff<\/li>\n<li>1 x Speisenbeh\u00e4lter GN1\/1<\/li>\n<li>1 x Speisenbeh\u00e4lter GN1\/2<\/li>\n<li>2 x Speisenbeh\u00e4lter GN1\/4<\/li>\n<li>2 x Wasserbecken<\/li>\n<li>2 x Gestell<\/li>\n<li>4 x Brennpastenbeh\u00e4lter<\/li>\n<\/ul>\n","protected":false},"featured_media":10000058019,"comment_status":"closed","ping_status":"closed","template":"","meta":[],"product_brand":[],"product_cat":[7069,7048,7051,7052,7068],"product_tag":[],"class_list":{"0":"post-58019","1":"product","2":"type-product","3":"status-publish","4":"has-post-thumbnail","6":"product_cat-buffetwaermer","7":"product_cat-heim-garten","8":"product_cat-kueche-esszimmer","9":"product_cat-kuechengeraete","10":"product_cat-speisewaermer","12":"first","13":"instock","14":"taxable","15":"shipping-taxable","16":"purchasable","17":"product-type-simple","18":"add-to-wishlist-after_add_to_cart"},"jetpack_sharing_enabled":true,"_links":{"self":[{"href":"https:\/\/de-prime.com\/index.php\/wp-json\/wp\/v2\/product\/58019","targetHints":{"allow":["GET"]}}],"collection":[{"href":"https:\/\/de-prime.com\/index.php\/wp-json\/wp\/v2\/product"}],"about":[{"href":"https:\/\/de-prime.com\/index.php\/wp-json\/wp\/v2\/types\/product"}],"replies":[{"embeddable":true,"href":"https:\/\/de-prime.com\/index.php\/wp-json\/wp\/v2\/comments?post=58019"}],"wp:featuredmedia":[{"embeddable":true,"href":"https:\/\/de-prime.com\/index.php\/wp-json\/"}],"wp:attachment":[{"href":"https:\/\/de-prime.com\/index.php\/wp-json\/wp\/v2\/media?parent=58019"}],"wp:term":[{"taxonomy":"product_brand","embeddable":true,"href":"https:\/\/de-prime.com\/index.php\/wp-json\/wp\/v2\/product_brand?post=58019"},{"taxonomy":"product_cat","embeddable":true,"href":"https:\/\/de-prime.com\/index.php\/wp-json\/wp\/v2\/product_cat?post=58019"},{"taxonomy":"product_tag","embeddable":true,"href":"https:\/\/de-prime.com\/index.php\/wp-json\/wp\/v2\/product_tag?post=58019"}],"curies":[{"name":"wp","href":"https:\/\/api.w.org\/{rel}","templated":true}]}}