{"id":58013,"date":"2024-10-04T11:14:24","date_gmt":"2024-10-04T09:14:24","guid":{"rendered":"https:\/\/de-prime.com\/?p=58013"},"modified":"2024-10-04T11:14:24","modified_gmt":"2024-10-04T09:14:24","slug":"besteckbehaelter-8-faecher-rechteckig-edelstahl","status":"publish","type":"product","link":"https:\/\/de-prime.com\/index.php\/product\/besteckbehaelter-8-faecher-rechteckig-edelstahl\/","title":{"rendered":"Besteckbeh\u00e4lter 8 F\u00e4cher Rechteckig Edelstahl"},"content":{"rendered":"<p>Unser Besteckbeh\u00e4lter findet seinen Platz auf jedem Tisch bzw. jeder Arbeitsfl\u00e4che und ist perfekt f\u00fcr den Einsatz in Restaurants, Hotels und in Ihrem eigenen Zuhause geeignet. Dieser Besteckbeh\u00e4lter aus Edelstahl ist sp\u00fclmaschinenfest und leicht zu reinigen. Die rutschfesten Gummif\u00fc\u00dfe garantieren einen stabilen Stand und sch\u00fctzen die Arbeitsplatte vor Kratzern. Dar\u00fcber hinaus enth\u00e4lt dieser Utensilienbeh\u00e4lter 8 herausnehmbare Eins\u00e4tze, die ausreichend Platz f\u00fcr Ihre Messer, Essst\u00e4bchen, L\u00f6ffel und mehr bieten.<\/p>\n<ul>\n<li>Material: Edelstahl<\/li>\n<li>Gesamtma\u00dfe: 50,5 x 30,5 x 20 cm (B x T x H)<\/li>\n<li>Einzelbeh\u00e4ltergr\u00f6\u00dfe: \u00d8 11,7 x 14 cm (Durchmesser x H)<\/li>\n<li>Anzahl der Beh\u00e4lter: 8<\/li>\n<li>Mit 8 herausnehmbaren Eins\u00e4tzen<\/li>\n<li>Korrosionsfrei<\/li>\n<\/ul>\n","protected":false},"excerpt":{"rendered":"<ul>\n<li>Material: Edelstahl<\/li>\n<li>Gesamtma\u00dfe: 50,5 x 30,5 x 20 cm (B x T x H)<\/li>\n<li>Einzelbeh\u00e4ltergr\u00f6\u00dfe: \u00d8 11,7 x 14 cm (Durchmesser x H)<\/li>\n<li>Anzahl der Beh\u00e4lter: 8<\/li>\n<li>Mit 8 herausnehmbaren Eins\u00e4tzen<\/li>\n<li>Korrosionsfrei<\/li>\n<\/ul>\n","protected":false},"featured_media":10000058013,"comment_status":"closed","ping_status":"closed","template":"","meta":[],"product_brand":[],"product_cat":[7064,7048,7051,7062,7063],"product_tag":[],"class_list":{"0":"post-58013","1":"product","2":"type-product","3":"status-publish","4":"has-post-thumbnail","6":"product_cat-besteckkaesten","7":"product_cat-heim-garten","8":"product_cat-kueche-esszimmer","9":"product_cat-kuechenhelfer-utensilien","10":"product_cat-kuechenorganizer","12":"first","13":"instock","14":"taxable","15":"shipping-taxable","16":"purchasable","17":"product-type-simple","18":"add-to-wishlist-after_add_to_cart"},"jetpack_sharing_enabled":true,"_links":{"self":[{"href":"https:\/\/de-prime.com\/index.php\/wp-json\/wp\/v2\/product\/58013","targetHints":{"allow":["GET"]}}],"collection":[{"href":"https:\/\/de-prime.com\/index.php\/wp-json\/wp\/v2\/product"}],"about":[{"href":"https:\/\/de-prime.com\/index.php\/wp-json\/wp\/v2\/types\/product"}],"replies":[{"embeddable":true,"href":"https:\/\/de-prime.com\/index.php\/wp-json\/wp\/v2\/comments?post=58013"}],"wp:featuredmedia":[{"embeddable":true,"href":"https:\/\/de-prime.com\/index.php\/wp-json\/"}],"wp:attachment":[{"href":"https:\/\/de-prime.com\/index.php\/wp-json\/wp\/v2\/media?parent=58013"}],"wp:term":[{"taxonomy":"product_brand","embeddable":true,"href":"https:\/\/de-prime.com\/index.php\/wp-json\/wp\/v2\/product_brand?post=58013"},{"taxonomy":"product_cat","embeddable":true,"href":"https:\/\/de-prime.com\/index.php\/wp-json\/wp\/v2\/product_cat?post=58013"},{"taxonomy":"product_tag","embeddable":true,"href":"https:\/\/de-prime.com\/index.php\/wp-json\/wp\/v2\/product_tag?post=58013"}],"curies":[{"name":"wp","href":"https:\/\/api.w.org\/{rel}","templated":true}]}}