{"id":57994,"date":"2024-10-03T21:16:54","date_gmt":"2024-10-03T19:16:54","guid":{"rendered":"https:\/\/de-prime.com\/?p=57994"},"modified":"2024-10-03T21:35:15","modified_gmt":"2024-10-03T19:35:15","slug":"duschablage-fuer-begehbare-dusche-weiss-90-cm-aluminium","status":"publish","type":"product","link":"https:\/\/de-prime.com\/index.php\/product\/duschablage-fuer-begehbare-dusche-weiss-90-cm-aluminium\/","title":{"rendered":"Duschablage f\u00fcr Begehbare Dusche Wei\u00df 90 cm Aluminium"},"content":{"rendered":"<p>Mit dieser Duschablage f\u00fcr begehbaren Duschen sorgst du f\u00fcr Ordnung in deinem Badezimmer. Sie sollte daher aus deinem Bad nicht fehlen. Langlebiges Material: Aluminiumlegierung ist leicht und robust. Sie ist korrosionsbest\u00e4ndig und besitzt eine selbstsch\u00fctzende Oxidschicht.Praktische Funktion: Der Handtuchhalter bietet einen ausgezeichneten Platz f\u00fcr Badutensilien wie Handt\u00fccher, Shampoo, Sp\u00fclung, Gesichtsreiniger und andere Hautpflegeprodukte.Minimalistisches Design: Durch seine klaren Linien und sein schlichtes Design f\u00fcgt sich der Handtuchhalter perfekt in dein Badezimmer ein. Hinweis: Jedes Produkt wird mit einer Montageanleitung in der Verpackung f\u00fcr einen einfachen Zusammenbau geliefert.<\/p>\n<ul>\n<li>Farbe: Wei\u00df<\/li>\n<li>Material: Aluminiumlegierung<\/li>\n<li>Abmessungen: 90 x 15,5 x 3 cm (L x B x H)<\/li>\n<li>Mit Anschluss aus Zinklegierung<\/li>\n<li>Geeignet f\u00fcr 6mm\/8mm\/10mm Glas<\/li>\n<li>Tragf\u00e4higkeit: \u00dcber 5 kg<\/li>\n<li>Kompatibel mit der begehbaren Dusche mit der folgenden SKU: 151869<\/li>\n<\/ul>\n","protected":false},"excerpt":{"rendered":"<ul>\n<li>Farbe: Wei\u00df<\/li>\n<li>Material: Aluminiumlegierung<\/li>\n<li>Abmessungen: 90 x 15,5 x 3 cm (L x B x H)<\/li>\n<li>Mit Anschluss aus Zinklegierung<\/li>\n<li>Geeignet f\u00fcr 6mm\/8mm\/10mm Glas<\/li>\n<li>Tragf\u00e4higkeit: \u00dcber 5 kg<\/li>\n<li>Kompatibel mit der begehbaren Dusche mit der folgenden SKU: 151869<\/li>\n<\/ul>\n","protected":false},"featured_media":10000057994,"comment_status":"closed","ping_status":"closed","template":"","meta":[],"product_brand":[],"product_cat":[7057,7048],"product_tag":[],"class_list":{"0":"post-57994","1":"product","2":"type-product","3":"status-publish","4":"has-post-thumbnail","6":"product_cat-badzubehoer","7":"product_cat-heim-garten","9":"first","10":"outofstock","11":"taxable","12":"shipping-taxable","13":"purchasable","14":"product-type-simple","15":"add-to-wishlist-after_add_to_cart"},"jetpack_sharing_enabled":true,"_links":{"self":[{"href":"https:\/\/de-prime.com\/index.php\/wp-json\/wp\/v2\/product\/57994","targetHints":{"allow":["GET"]}}],"collection":[{"href":"https:\/\/de-prime.com\/index.php\/wp-json\/wp\/v2\/product"}],"about":[{"href":"https:\/\/de-prime.com\/index.php\/wp-json\/wp\/v2\/types\/product"}],"replies":[{"embeddable":true,"href":"https:\/\/de-prime.com\/index.php\/wp-json\/wp\/v2\/comments?post=57994"}],"wp:featuredmedia":[{"embeddable":true,"href":"https:\/\/de-prime.com\/index.php\/wp-json\/"}],"wp:attachment":[{"href":"https:\/\/de-prime.com\/index.php\/wp-json\/wp\/v2\/media?parent=57994"}],"wp:term":[{"taxonomy":"product_brand","embeddable":true,"href":"https:\/\/de-prime.com\/index.php\/wp-json\/wp\/v2\/product_brand?post=57994"},{"taxonomy":"product_cat","embeddable":true,"href":"https:\/\/de-prime.com\/index.php\/wp-json\/wp\/v2\/product_cat?post=57994"},{"taxonomy":"product_tag","embeddable":true,"href":"https:\/\/de-prime.com\/index.php\/wp-json\/wp\/v2\/product_tag?post=57994"}],"curies":[{"name":"wp","href":"https:\/\/api.w.org\/{rel}","templated":true}]}}