{"id":57976,"date":"2024-10-03T21:15:59","date_gmt":"2024-10-03T19:15:59","guid":{"rendered":"https:\/\/de-prime.com\/?p=57976"},"modified":"2024-10-03T21:35:53","modified_gmt":"2024-10-03T19:35:53","slug":"eisl-teleskop-eck-duschablage-chrom","status":"publish","type":"product","link":"https:\/\/de-prime.com\/index.php\/product\/eisl-teleskop-eck-duschablage-chrom\/","title":{"rendered":"EISL Teleskop-Eck-Duschablage Chrom"},"content":{"rendered":"<p>Dieses funktionale Teleskop-Duschregal von EISL verf\u00fcgt \u00fcber 4 Regale zur Aufbewahrung von Duschgel, Shampoo, Schwamm usw. Die Installation ist schnell und einfach, ohne dass gebohrt oder geklebt werden muss. Sie funktioniert mit einer Teleskopstange, die zwischen den Decken- und Bodenplatten eingeklemmt wird. Die H\u00f6he dieser Stange ist zwischen 192,5 und 245 cm verstellbar. Der Duschwagen ist die perfekte L\u00f6sung f\u00fcr kleine und schmale B\u00e4der.<\/p>\n<ul>\n<li>Farbe: Chrom<\/li>\n<li>Material: Edelstahl<\/li>\n<li>Abmessungen: 23,1 x 26,5 x (192,5 &#8211; 245) cm (L x B x H)<\/li>\n<li>Einfache Montage ohne Bohren oder Kleben<\/li>\n<li>Zwischen Decke und Bodenplatte klemmen<\/li>\n<li>H\u00f6henverstellbar<\/li>\n<li>Inklusive 4 Einlegeb\u00f6den<\/li>\n<\/ul>\n","protected":false},"excerpt":{"rendered":"<ul>\n<li>Farbe: Chrom<\/li>\n<li>Material: Edelstahl<\/li>\n<li>Abmessungen: 23,1 x 26,5 x (192,5 &#8211; 245) cm (L x B x H)<\/li>\n<li>Einfache Montage ohne Bohren oder Kleben<\/li>\n<li>Zwischen Decke und Bodenplatte klemmen<\/li>\n<li>H\u00f6henverstellbar<\/li>\n<li>Inklusive 4 Einlegeb\u00f6den<\/li>\n<\/ul>\n","protected":false},"featured_media":10000057976,"comment_status":"closed","ping_status":"closed","template":"","meta":[],"product_brand":[],"product_cat":[7060,7057,7048],"product_tag":[],"class_list":{"0":"post-57976","1":"product","2":"type-product","3":"status-publish","4":"has-post-thumbnail","6":"product_cat-badewannen-duschablagen","7":"product_cat-badzubehoer","8":"product_cat-heim-garten","10":"first","11":"outofstock","12":"taxable","13":"shipping-taxable","14":"purchasable","15":"product-type-simple","16":"add-to-wishlist-after_add_to_cart"},"jetpack_sharing_enabled":true,"_links":{"self":[{"href":"https:\/\/de-prime.com\/index.php\/wp-json\/wp\/v2\/product\/57976","targetHints":{"allow":["GET"]}}],"collection":[{"href":"https:\/\/de-prime.com\/index.php\/wp-json\/wp\/v2\/product"}],"about":[{"href":"https:\/\/de-prime.com\/index.php\/wp-json\/wp\/v2\/types\/product"}],"replies":[{"embeddable":true,"href":"https:\/\/de-prime.com\/index.php\/wp-json\/wp\/v2\/comments?post=57976"}],"wp:featuredmedia":[{"embeddable":true,"href":"https:\/\/de-prime.com\/index.php\/wp-json\/"}],"wp:attachment":[{"href":"https:\/\/de-prime.com\/index.php\/wp-json\/wp\/v2\/media?parent=57976"}],"wp:term":[{"taxonomy":"product_brand","embeddable":true,"href":"https:\/\/de-prime.com\/index.php\/wp-json\/wp\/v2\/product_brand?post=57976"},{"taxonomy":"product_cat","embeddable":true,"href":"https:\/\/de-prime.com\/index.php\/wp-json\/wp\/v2\/product_cat?post=57976"},{"taxonomy":"product_tag","embeddable":true,"href":"https:\/\/de-prime.com\/index.php\/wp-json\/wp\/v2\/product_tag?post=57976"}],"curies":[{"name":"wp","href":"https:\/\/api.w.org\/{rel}","templated":true}]}}