{"id":57975,"date":"2024-10-03T21:15:59","date_gmt":"2024-10-03T19:15:59","guid":{"rendered":"https:\/\/de-prime.com\/?p=57975"},"modified":"2024-10-03T21:35:53","modified_gmt":"2024-10-03T19:35:53","slug":"eisl-duschregal-chrom-22x11x34-cm","status":"publish","type":"product","link":"https:\/\/de-prime.com\/index.php\/product\/eisl-duschregal-chrom-22x11x34-cm\/","title":{"rendered":"EISL Duschregal Chrom 22x11x34 cm"},"content":{"rendered":"<p>Dieser 2-stufige Duschkorb von EISL passt mit seinem klassischen, aber modernen und luxuri\u00f6sen Look perfekt in dein Badezimmer. Der Duschkorb schm\u00fcckt nicht nur dein Badezimmer, sondern bietet dir auch eine praktische Aufbewahrungsl\u00f6sung f\u00fcr Shampoo, Haarsp\u00fclung, Duschgel, Seifen und anderes Duschzubeh\u00f6r. Ob geklebt oder gebohrt, es sind die kleinen Dinge, die dein Bad einzigartig machen.<\/p>\n<ul>\n<li>Farbe: Chrom<\/li>\n<li>Material: Edelstahl<\/li>\n<li>Abmessungen: 22 x 11 x 34 cm (L x B x H)<\/li>\n<li>Auf 2 Ebenen<\/li>\n<li>Zum Kleben oder Schrauben<\/li>\n<li>Chrom-Finish<\/li>\n<\/ul>\n","protected":false},"excerpt":{"rendered":"<ul>\n<li>Farbe: Chrom<\/li>\n<li>Material: Edelstahl<\/li>\n<li>Abmessungen: 22 x 11 x 34 cm (L x B x H)<\/li>\n<li>Auf 2 Ebenen<\/li>\n<li>Zum Kleben oder Schrauben<\/li>\n<li>Chrom-Finish<\/li>\n<\/ul>\n","protected":false},"featured_media":10000057975,"comment_status":"closed","ping_status":"closed","template":"","meta":[],"product_brand":[],"product_cat":[7060,7057,7048],"product_tag":[],"class_list":{"0":"post-57975","1":"product","2":"type-product","3":"status-publish","4":"has-post-thumbnail","6":"product_cat-badewannen-duschablagen","7":"product_cat-badzubehoer","8":"product_cat-heim-garten","10":"first","11":"outofstock","12":"taxable","13":"shipping-taxable","14":"purchasable","15":"product-type-simple","16":"add-to-wishlist-after_add_to_cart"},"jetpack_sharing_enabled":true,"_links":{"self":[{"href":"https:\/\/de-prime.com\/index.php\/wp-json\/wp\/v2\/product\/57975","targetHints":{"allow":["GET"]}}],"collection":[{"href":"https:\/\/de-prime.com\/index.php\/wp-json\/wp\/v2\/product"}],"about":[{"href":"https:\/\/de-prime.com\/index.php\/wp-json\/wp\/v2\/types\/product"}],"replies":[{"embeddable":true,"href":"https:\/\/de-prime.com\/index.php\/wp-json\/wp\/v2\/comments?post=57975"}],"wp:featuredmedia":[{"embeddable":true,"href":"https:\/\/de-prime.com\/index.php\/wp-json\/"}],"wp:attachment":[{"href":"https:\/\/de-prime.com\/index.php\/wp-json\/wp\/v2\/media?parent=57975"}],"wp:term":[{"taxonomy":"product_brand","embeddable":true,"href":"https:\/\/de-prime.com\/index.php\/wp-json\/wp\/v2\/product_brand?post=57975"},{"taxonomy":"product_cat","embeddable":true,"href":"https:\/\/de-prime.com\/index.php\/wp-json\/wp\/v2\/product_cat?post=57975"},{"taxonomy":"product_tag","embeddable":true,"href":"https:\/\/de-prime.com\/index.php\/wp-json\/wp\/v2\/product_tag?post=57975"}],"curies":[{"name":"wp","href":"https:\/\/api.w.org\/{rel}","templated":true}]}}