{"id":57974,"date":"2024-10-03T21:16:04","date_gmt":"2024-10-03T19:16:04","guid":{"rendered":"https:\/\/de-prime.com\/?p=57974"},"modified":"2024-10-03T21:35:50","modified_gmt":"2024-10-03T19:35:50","slug":"eisl-eck-duschregal-verchromt-22x18x35-cm","status":"publish","type":"product","link":"https:\/\/de-prime.com\/index.php\/product\/eisl-eck-duschregal-verchromt-22x18x35-cm\/","title":{"rendered":"EISL Eck-Duschregal Verchromt 22x18x35 cm"},"content":{"rendered":"<p>Das EISL Duschregal mit 2 Ablagen passt hervorragend in Ihr Badezimmer und zeichnet sich durch einen klassischen, modernen und luxuri\u00f6sen Look aus. Der Duschkorb schm\u00fcckt Ihr Badezimmer und bietet Ihnen auch eine praktische Aufbewahrungsl\u00f6sung f\u00fcr Ihr Badezimmer, sodass Sie Ihr Shampoo, Haarsp\u00fclung, Duschgel, Seifen und andere Badeutensilien ordentlich aufbewahren k\u00f6nnen. Ob geklebt oder gebohrt, diese Duschablage wertet Ihr Badezimmer auf.<\/p>\n<ul>\n<li>Farbe: Chrom<\/li>\n<li>Material: Edelstahl<\/li>\n<li>Abmessungen: 22 x 18 x 35 cm (L x B x H)<\/li>\n<li>Auf 2 Ebenen<\/li>\n<li>Zum Kleben oder Schrauben<\/li>\n<li>Verchromt<\/li>\n<\/ul>\n","protected":false},"excerpt":{"rendered":"<ul>\n<li>Farbe: Chrom<\/li>\n<li>Material: Edelstahl<\/li>\n<li>Abmessungen: 22 x 18 x 35 cm (L x B x H)<\/li>\n<li>Auf 2 Ebenen<\/li>\n<li>Zum Kleben oder Schrauben<\/li>\n<li>Verchromt<\/li>\n<\/ul>\n","protected":false},"featured_media":10000057974,"comment_status":"closed","ping_status":"closed","template":"","meta":[],"product_brand":[],"product_cat":[7060,7057,7048],"product_tag":[],"class_list":{"0":"post-57974","1":"product","2":"type-product","3":"status-publish","4":"has-post-thumbnail","6":"product_cat-badewannen-duschablagen","7":"product_cat-badzubehoer","8":"product_cat-heim-garten","10":"first","11":"outofstock","12":"taxable","13":"shipping-taxable","14":"purchasable","15":"product-type-simple","16":"add-to-wishlist-after_add_to_cart"},"jetpack_sharing_enabled":true,"_links":{"self":[{"href":"https:\/\/de-prime.com\/index.php\/wp-json\/wp\/v2\/product\/57974","targetHints":{"allow":["GET"]}}],"collection":[{"href":"https:\/\/de-prime.com\/index.php\/wp-json\/wp\/v2\/product"}],"about":[{"href":"https:\/\/de-prime.com\/index.php\/wp-json\/wp\/v2\/types\/product"}],"replies":[{"embeddable":true,"href":"https:\/\/de-prime.com\/index.php\/wp-json\/wp\/v2\/comments?post=57974"}],"wp:featuredmedia":[{"embeddable":true,"href":"https:\/\/de-prime.com\/index.php\/wp-json\/"}],"wp:attachment":[{"href":"https:\/\/de-prime.com\/index.php\/wp-json\/wp\/v2\/media?parent=57974"}],"wp:term":[{"taxonomy":"product_brand","embeddable":true,"href":"https:\/\/de-prime.com\/index.php\/wp-json\/wp\/v2\/product_brand?post=57974"},{"taxonomy":"product_cat","embeddable":true,"href":"https:\/\/de-prime.com\/index.php\/wp-json\/wp\/v2\/product_cat?post=57974"},{"taxonomy":"product_tag","embeddable":true,"href":"https:\/\/de-prime.com\/index.php\/wp-json\/wp\/v2\/product_tag?post=57974"}],"curies":[{"name":"wp","href":"https:\/\/api.w.org\/{rel}","templated":true}]}}