{"id":57959,"date":"2024-10-03T21:16:17","date_gmt":"2024-10-03T19:16:17","guid":{"rendered":"https:\/\/de-prime.com\/?p=57959"},"modified":"2024-10-03T21:35:42","modified_gmt":"2024-10-03T19:35:42","slug":"eisl-badematte-bambus-50x70-cm","status":"publish","type":"product","link":"https:\/\/de-prime.com\/index.php\/product\/eisl-badematte-bambus-50x70-cm\/","title":{"rendered":"EISL Badematte Bambus 50&#215;70 cm"},"content":{"rendered":"<p>Verleihen Sie Ihrem Badezimmer eine stilvolle Note mit der \u00e4sthetisch ansprechenden Badematte aus nat\u00fcrlichen Bambus von EISL! Die karierte Badematte besteht aus Bambuselementen mit einer Gr\u00f6\u00dfe von je 0,5 cm und ist daher wasserdicht und pflegeleicht. Die rutschfeste R\u00fcckseite verhindert das Verrutschen der Matte und bietet hohe Sicherheit. Bei Nichtgebrauch l\u00e4sst sich die Duschmatte zur Aufbewahrung einfach zusammenrollen.<\/p>\n<ul>\n<li>Material: Bambus<\/li>\n<li>Gr\u00f6\u00dfe: 70 x 50 x 0,5 cm (L x B x T)<\/li>\n<li>Rutschfester R\u00fccken<\/li>\n<li>Aufrollbar zur Aufbewahrung<\/li>\n<li>Wasserdicht und feuchtigkeitsbest\u00e4ndig<\/li>\n<li>Schnelltrocknend<\/li>\n<li>Leicht zu reinigen<\/li>\n<\/ul>\n","protected":false},"excerpt":{"rendered":"<ul>\n<li>Material: Bambus<\/li>\n<li>Gr\u00f6\u00dfe: 70 x 50 x 0,5 cm (L x B x T)<\/li>\n<li>Rutschfester R\u00fccken<\/li>\n<li>Aufrollbar zur Aufbewahrung<\/li>\n<li>Wasserdicht und feuchtigkeitsbest\u00e4ndig<\/li>\n<li>Schnelltrocknend<\/li>\n<li>Leicht zu reinigen<\/li>\n<\/ul>\n","protected":false},"featured_media":10000057959,"comment_status":"closed","ping_status":"closed","template":"","meta":[],"product_brand":[],"product_cat":[7059,7057,7048],"product_tag":[],"class_list":{"0":"post-57959","1":"product","2":"type-product","3":"status-publish","4":"has-post-thumbnail","6":"product_cat-badematten-badteppiche","7":"product_cat-badzubehoer","8":"product_cat-heim-garten","10":"first","11":"instock","12":"taxable","13":"shipping-taxable","14":"purchasable","15":"product-type-simple","16":"add-to-wishlist-after_add_to_cart"},"jetpack_sharing_enabled":true,"_links":{"self":[{"href":"https:\/\/de-prime.com\/index.php\/wp-json\/wp\/v2\/product\/57959","targetHints":{"allow":["GET"]}}],"collection":[{"href":"https:\/\/de-prime.com\/index.php\/wp-json\/wp\/v2\/product"}],"about":[{"href":"https:\/\/de-prime.com\/index.php\/wp-json\/wp\/v2\/types\/product"}],"replies":[{"embeddable":true,"href":"https:\/\/de-prime.com\/index.php\/wp-json\/wp\/v2\/comments?post=57959"}],"wp:featuredmedia":[{"embeddable":true,"href":"https:\/\/de-prime.com\/index.php\/wp-json\/"}],"wp:attachment":[{"href":"https:\/\/de-prime.com\/index.php\/wp-json\/wp\/v2\/media?parent=57959"}],"wp:term":[{"taxonomy":"product_brand","embeddable":true,"href":"https:\/\/de-prime.com\/index.php\/wp-json\/wp\/v2\/product_brand?post=57959"},{"taxonomy":"product_cat","embeddable":true,"href":"https:\/\/de-prime.com\/index.php\/wp-json\/wp\/v2\/product_cat?post=57959"},{"taxonomy":"product_tag","embeddable":true,"href":"https:\/\/de-prime.com\/index.php\/wp-json\/wp\/v2\/product_tag?post=57959"}],"curies":[{"name":"wp","href":"https:\/\/api.w.org\/{rel}","templated":true}]}}