{"id":57958,"date":"2024-10-03T21:16:22","date_gmt":"2024-10-03T19:16:22","guid":{"rendered":"https:\/\/de-prime.com\/?p=57958"},"modified":"2024-10-03T21:35:39","modified_gmt":"2024-10-03T19:35:39","slug":"sealskin-antirutschmatte-rotondo-55-cm-weiss","status":"publish","type":"product","link":"https:\/\/de-prime.com\/index.php\/product\/sealskin-antirutschmatte-rotondo-55-cm-weiss\/","title":{"rendered":"Sealskin Antirutschmatte Rotondo 55 cm Wei\u00df"},"content":{"rendered":"<p>Steigen Sie mit der wei\u00dfen Sealskin Rotondo Antirutschmatte sicher in Ihre Duschwanne oder Duschtasse ein und aus. Diese Badematte hat oben einen halbkugelf\u00f6rmigen Ausschnitt und unten Saugn\u00e4pfe, damit Sie die Matte in Ihrer Dusche fest und rutschsicher befestigen k\u00f6nnen. So schaffen Sie ein sicheres Gef\u00fchl in Ihrem Badezimmer. Die Badematte aus Gummi hat einen Durchmesser von 55 cm und weist eine runde Form auf. Die Matte l\u00e4sst sich leicht per Hand reinigen, kann aber sogar in der Waschmaschine bei 30 Grad im Feinwaschprogramm gewaschen werden. Die rutschfesten Badematten von Sealskin sind in verschiedenen Stilrichtungen und Farben erh\u00e4ltlich, sodass immer eine passende f\u00fcr Ihr Badezimmer dabei ist.<\/p>\n<ul>\n<li>Farbe: Wei\u00df<\/li>\n<li>Material: Gummi<\/li>\n<li>Durchmesser: 55 cm<\/li>\n<li>Ausschnitt auf einer Seite<\/li>\n<li>Rutschfeste Noppen<\/li>\n<li>Saugn\u00e4pfe an der Unterseite<\/li>\n<li>Maschinenwaschbar bei 30 \u00b0C im Feinwaschprogramm<\/li>\n<\/ul>\n","protected":false},"excerpt":{"rendered":"<ul>\n<li>Farbe: Wei\u00df<\/li>\n<li>Material: Gummi<\/li>\n<li>Durchmesser: 55 cm<\/li>\n<li>Ausschnitt auf einer Seite<\/li>\n<li>Rutschfeste Noppen<\/li>\n<li>Saugn\u00e4pfe an der Unterseite<\/li>\n<li>Maschinenwaschbar bei 30 \u00b0C im Feinwaschprogramm<\/li>\n<\/ul>\n","protected":false},"featured_media":10000057958,"comment_status":"closed","ping_status":"closed","template":"","meta":[],"product_brand":[],"product_cat":[7059,7057,7048],"product_tag":[],"class_list":{"0":"post-57958","1":"product","2":"type-product","3":"status-publish","4":"has-post-thumbnail","6":"product_cat-badematten-badteppiche","7":"product_cat-badzubehoer","8":"product_cat-heim-garten","10":"first","11":"outofstock","12":"taxable","13":"shipping-taxable","14":"purchasable","15":"product-type-simple","16":"add-to-wishlist-after_add_to_cart"},"jetpack_sharing_enabled":true,"_links":{"self":[{"href":"https:\/\/de-prime.com\/index.php\/wp-json\/wp\/v2\/product\/57958","targetHints":{"allow":["GET"]}}],"collection":[{"href":"https:\/\/de-prime.com\/index.php\/wp-json\/wp\/v2\/product"}],"about":[{"href":"https:\/\/de-prime.com\/index.php\/wp-json\/wp\/v2\/types\/product"}],"replies":[{"embeddable":true,"href":"https:\/\/de-prime.com\/index.php\/wp-json\/wp\/v2\/comments?post=57958"}],"wp:featuredmedia":[{"embeddable":true,"href":"https:\/\/de-prime.com\/index.php\/wp-json\/"}],"wp:attachment":[{"href":"https:\/\/de-prime.com\/index.php\/wp-json\/wp\/v2\/media?parent=57958"}],"wp:term":[{"taxonomy":"product_brand","embeddable":true,"href":"https:\/\/de-prime.com\/index.php\/wp-json\/wp\/v2\/product_brand?post=57958"},{"taxonomy":"product_cat","embeddable":true,"href":"https:\/\/de-prime.com\/index.php\/wp-json\/wp\/v2\/product_cat?post=57958"},{"taxonomy":"product_tag","embeddable":true,"href":"https:\/\/de-prime.com\/index.php\/wp-json\/wp\/v2\/product_tag?post=57958"}],"curies":[{"name":"wp","href":"https:\/\/api.w.org\/{rel}","templated":true}]}}