{"id":57955,"date":"2024-10-03T21:16:33","date_gmt":"2024-10-03T19:16:33","guid":{"rendered":"https:\/\/de-prime.com\/?p=57955"},"modified":"2024-10-03T21:35:31","modified_gmt":"2024-10-03T19:35:31","slug":"sealskin-badematte-trellis-baumwolle-60x90-cm-schwarz-und-weiss","status":"publish","type":"product","link":"https:\/\/de-prime.com\/index.php\/product\/sealskin-badematte-trellis-baumwolle-60x90-cm-schwarz-und-weiss\/","title":{"rendered":"Sealskin Badematte Trellis Baumwolle 60&#215;90 cm Schwarz und Wei\u00df"},"content":{"rendered":"<p>Die Trellis Badematte von Sealskin sorgt f\u00fcr den n\u00f6tigen Halt beim Betreten oder Verlassen der Badewanne. Die Sicherheitsmatte besteht aus langlebiger Baumwolle und weist ein einzigartiges, gewebtes Muster in Schwarz und Wei\u00df auf. Dar\u00fcber hinaus ist ihr geometrisches Muster voll im Trend!<\/p>\n<ul>\n<li>Farbe: Schwarz und Wei\u00df<\/li>\n<li>Material: 100% Baumwolle<\/li>\n<li>Gr\u00f6\u00dfe: 60 x 90 cm (B x L)<\/li>\n<li>Einzigartiges gewebtes Muster<\/li>\n<li>Trendiges geometrisches Muster<\/li>\n<\/ul>\n","protected":false},"excerpt":{"rendered":"<ul>\n<li>Farbe: Schwarz und Wei\u00df<\/li>\n<li>Material: 100% Baumwolle<\/li>\n<li>Gr\u00f6\u00dfe: 60 x 90 cm (B x L)<\/li>\n<li>Einzigartiges gewebtes Muster<\/li>\n<li>Trendiges geometrisches Muster<\/li>\n<\/ul>\n","protected":false},"featured_media":10000057955,"comment_status":"closed","ping_status":"closed","template":"","meta":[],"product_brand":[],"product_cat":[7059,7057,7048],"product_tag":[],"class_list":{"0":"post-57955","1":"product","2":"type-product","3":"status-publish","4":"has-post-thumbnail","6":"product_cat-badematten-badteppiche","7":"product_cat-badzubehoer","8":"product_cat-heim-garten","10":"first","11":"outofstock","12":"taxable","13":"shipping-taxable","14":"purchasable","15":"product-type-simple","16":"add-to-wishlist-after_add_to_cart"},"jetpack_sharing_enabled":true,"_links":{"self":[{"href":"https:\/\/de-prime.com\/index.php\/wp-json\/wp\/v2\/product\/57955","targetHints":{"allow":["GET"]}}],"collection":[{"href":"https:\/\/de-prime.com\/index.php\/wp-json\/wp\/v2\/product"}],"about":[{"href":"https:\/\/de-prime.com\/index.php\/wp-json\/wp\/v2\/types\/product"}],"replies":[{"embeddable":true,"href":"https:\/\/de-prime.com\/index.php\/wp-json\/wp\/v2\/comments?post=57955"}],"wp:featuredmedia":[{"embeddable":true,"href":"https:\/\/de-prime.com\/index.php\/wp-json\/"}],"wp:attachment":[{"href":"https:\/\/de-prime.com\/index.php\/wp-json\/wp\/v2\/media?parent=57955"}],"wp:term":[{"taxonomy":"product_brand","embeddable":true,"href":"https:\/\/de-prime.com\/index.php\/wp-json\/wp\/v2\/product_brand?post=57955"},{"taxonomy":"product_cat","embeddable":true,"href":"https:\/\/de-prime.com\/index.php\/wp-json\/wp\/v2\/product_cat?post=57955"},{"taxonomy":"product_tag","embeddable":true,"href":"https:\/\/de-prime.com\/index.php\/wp-json\/wp\/v2\/product_tag?post=57955"}],"curies":[{"name":"wp","href":"https:\/\/api.w.org\/{rel}","templated":true}]}}