{"id":57954,"date":"2024-10-03T21:16:37","date_gmt":"2024-10-03T19:16:37","guid":{"rendered":"https:\/\/de-prime.com\/?p=57954"},"modified":"2024-10-03T21:35:29","modified_gmt":"2024-10-03T19:35:29","slug":"sealskin-wc-vorleger-angora-55x60-cm-blau","status":"publish","type":"product","link":"https:\/\/de-prime.com\/index.php\/product\/sealskin-wc-vorleger-angora-55x60-cm-blau\/","title":{"rendered":"Sealskin WC-Vorleger Angora 55&#215;60 cm Blau"},"content":{"rendered":"<p>Mit einer Gr\u00f6\u00dfe von 55 x 60 cm weist die Angora Toilettenmatte von Sealskin nicht nur ein schlichtes und elegantes Design auf, sondern ist auch sehr saugf\u00e4hig. Dar\u00fcber hinaus vermittelt die extra weiche Mikrofaser Ihnen das Gef\u00fchl von Luxus, wenn Sie die Badematte betreten. Diese wundersch\u00f6ne Sicherheitsmatte zeichnet sich durch ihre einheitliche blaue Farbe aus, die sie samt Form auch nach dem Waschen beh\u00e4lt. Sie verf\u00fcgt \u00fcber sauber abgerundete Ecken und findet gut Platz in fast allen Badezimmern.<\/p>\n<ul>\n<li>Farbe: Blau<\/li>\n<li>Material: 100% Polyester<\/li>\n<li>Gr\u00f6\u00dfe: 55 x 60 cm (B x L)<\/li>\n<li>Extra weicher WC-Vorleger<\/li>\n<li>Beh\u00e4lt ihre Farbe und Form nach dem Waschen<\/li>\n<li>Sauber abgerundete Ecken<\/li>\n<\/ul>\n","protected":false},"excerpt":{"rendered":"<ul>\n<li>Farbe: Blau<\/li>\n<li>Material: 100% Polyester<\/li>\n<li>Gr\u00f6\u00dfe: 55 x 60 cm (B x L)<\/li>\n<li>Extra weicher WC-Vorleger<\/li>\n<li>Beh\u00e4lt ihre Farbe und Form nach dem Waschen<\/li>\n<li>Sauber abgerundete Ecken<\/li>\n<\/ul>\n","protected":false},"featured_media":10000057954,"comment_status":"closed","ping_status":"closed","template":"","meta":[],"product_brand":[],"product_cat":[7059,7057,7048],"product_tag":[],"class_list":{"0":"post-57954","1":"product","2":"type-product","3":"status-publish","4":"has-post-thumbnail","6":"product_cat-badematten-badteppiche","7":"product_cat-badzubehoer","8":"product_cat-heim-garten","10":"first","11":"outofstock","12":"taxable","13":"shipping-taxable","14":"purchasable","15":"product-type-simple","16":"add-to-wishlist-after_add_to_cart"},"jetpack_sharing_enabled":true,"_links":{"self":[{"href":"https:\/\/de-prime.com\/index.php\/wp-json\/wp\/v2\/product\/57954","targetHints":{"allow":["GET"]}}],"collection":[{"href":"https:\/\/de-prime.com\/index.php\/wp-json\/wp\/v2\/product"}],"about":[{"href":"https:\/\/de-prime.com\/index.php\/wp-json\/wp\/v2\/types\/product"}],"replies":[{"embeddable":true,"href":"https:\/\/de-prime.com\/index.php\/wp-json\/wp\/v2\/comments?post=57954"}],"wp:featuredmedia":[{"embeddable":true,"href":"https:\/\/de-prime.com\/index.php\/wp-json\/"}],"wp:attachment":[{"href":"https:\/\/de-prime.com\/index.php\/wp-json\/wp\/v2\/media?parent=57954"}],"wp:term":[{"taxonomy":"product_brand","embeddable":true,"href":"https:\/\/de-prime.com\/index.php\/wp-json\/wp\/v2\/product_brand?post=57954"},{"taxonomy":"product_cat","embeddable":true,"href":"https:\/\/de-prime.com\/index.php\/wp-json\/wp\/v2\/product_cat?post=57954"},{"taxonomy":"product_tag","embeddable":true,"href":"https:\/\/de-prime.com\/index.php\/wp-json\/wp\/v2\/product_tag?post=57954"}],"curies":[{"name":"wp","href":"https:\/\/api.w.org\/{rel}","templated":true}]}}