{"id":57953,"date":"2024-10-03T21:16:41","date_gmt":"2024-10-03T19:16:41","guid":{"rendered":"https:\/\/de-prime.com\/?p=57953"},"modified":"2024-10-03T21:35:26","modified_gmt":"2024-10-03T19:35:26","slug":"sealskin-badematte-woodblock-52x90-cm-natur","status":"publish","type":"product","link":"https:\/\/de-prime.com\/index.php\/product\/sealskin-badematte-woodblock-52x90-cm-natur\/","title":{"rendered":"Sealskin Badematte Woodblock 52&#215;90 cm Natur"},"content":{"rendered":"<p>Die gro\u00dfe Woodblock Badematte von Sealskin sorgt f\u00fcr den n\u00f6tigen Halt beim Betreten oder Verlassen der Badewanne. Die Sicherheitsmatte besteht aus Teakholz und bleibt dank der Saugn\u00e4pfe an der Unterseite sicher an Ort und Stelle. Dar\u00fcber hinaus f\u00fchlt sie sich nicht nur angenehm auf der Haut an, sondern ist auch umweltfreundlich, da Teakst\u00fccke, die aus M\u00f6belherstellung \u00fcbrig bleiben, f\u00fcr die Woodblock Badematten wiederverwendet werden, um ein langlebiges und sch\u00f6nes Produkt zu erhalten.<\/p>\n<ul>\n<li>Farbe: Natur<\/li>\n<li>Material: Teak<\/li>\n<li>Gr\u00f6\u00dfe: 52 x 90 cm (B x L)<\/li>\n<li>F\u00fcr Fu\u00dfbodenheizungen geeignet<\/li>\n<li>Saugn\u00e4pfe an der Unterseite<\/li>\n<li>Umweltfreundlich<\/li>\n<li>Langlebig<\/li>\n<\/ul>\n","protected":false},"excerpt":{"rendered":"<ul>\n<li>Farbe: Natur<\/li>\n<li>Material: Teak<\/li>\n<li>Gr\u00f6\u00dfe: 52 x 90 cm (B x L)<\/li>\n<li>F\u00fcr Fu\u00dfbodenheizungen geeignet<\/li>\n<li>Saugn\u00e4pfe an der Unterseite<\/li>\n<li>Umweltfreundlich<\/li>\n<li>Langlebig<\/li>\n<\/ul>\n","protected":false},"featured_media":10000057953,"comment_status":"closed","ping_status":"closed","template":"","meta":[],"product_brand":[],"product_cat":[7059,7057,7048],"product_tag":[],"class_list":{"0":"post-57953","1":"product","2":"type-product","3":"status-publish","4":"has-post-thumbnail","6":"product_cat-badematten-badteppiche","7":"product_cat-badzubehoer","8":"product_cat-heim-garten","10":"first","11":"outofstock","12":"taxable","13":"shipping-taxable","14":"purchasable","15":"product-type-simple","16":"add-to-wishlist-after_add_to_cart"},"jetpack_sharing_enabled":true,"_links":{"self":[{"href":"https:\/\/de-prime.com\/index.php\/wp-json\/wp\/v2\/product\/57953","targetHints":{"allow":["GET"]}}],"collection":[{"href":"https:\/\/de-prime.com\/index.php\/wp-json\/wp\/v2\/product"}],"about":[{"href":"https:\/\/de-prime.com\/index.php\/wp-json\/wp\/v2\/types\/product"}],"replies":[{"embeddable":true,"href":"https:\/\/de-prime.com\/index.php\/wp-json\/wp\/v2\/comments?post=57953"}],"wp:featuredmedia":[{"embeddable":true,"href":"https:\/\/de-prime.com\/index.php\/wp-json\/"}],"wp:attachment":[{"href":"https:\/\/de-prime.com\/index.php\/wp-json\/wp\/v2\/media?parent=57953"}],"wp:term":[{"taxonomy":"product_brand","embeddable":true,"href":"https:\/\/de-prime.com\/index.php\/wp-json\/wp\/v2\/product_brand?post=57953"},{"taxonomy":"product_cat","embeddable":true,"href":"https:\/\/de-prime.com\/index.php\/wp-json\/wp\/v2\/product_cat?post=57953"},{"taxonomy":"product_tag","embeddable":true,"href":"https:\/\/de-prime.com\/index.php\/wp-json\/wp\/v2\/product_tag?post=57953"}],"curies":[{"name":"wp","href":"https:\/\/api.w.org\/{rel}","templated":true}]}}