{"id":57937,"date":"2024-10-03T21:17:24","date_gmt":"2024-10-03T19:17:24","guid":{"rendered":"https:\/\/de-prime.com\/?p=57937"},"modified":"2024-10-03T21:34:54","modified_gmt":"2024-10-03T19:34:54","slug":"ridder-holz-badteppich-grating-nature-72-x-38-cm","status":"publish","type":"product","link":"https:\/\/de-prime.com\/index.php\/product\/ridder-holz-badteppich-grating-nature-72-x-38-cm\/","title":{"rendered":"RIDDER Holz-Badteppich Grating Nature 72 x 38 cm"},"content":{"rendered":"<p>Der Grating Nature Holzteppich von RIDDER ist eine perfekte Erg\u00e4nzung zu Ihrem Bad, Ihrer K\u00fcche oder Ihrem Flur. Dieser 100% nat\u00fcrliche Badteppich besteht aus Bambus und hat eine warme neutrale Farbe. Der Teppich eignet sich f\u00fcr alle Arten von B\u00f6den, auch f\u00fcr B\u00f6den mit Fu\u00dfbodenheizung. Die Oberfl\u00e4che ist lackiert, UV-stabil sowie extrem hart und kratzfest. Im Gegensatz zu normalen Badteppichen aus Stoff nimmt dieser Teppich kein Wasser auf und ist nicht dazu geeignet, st\u00e4ndiger Feuchtigkeit ausgesetzt zu werden. Dar\u00fcber hinaus ist dieser Badteppich rutschfest und leicht zu lagern und sauber zu halten.<\/p>\n<ul>\n<li>Farbe: Natur<\/li>\n<li>Material: 100% Bambus<\/li>\n<li>Abmessungen: 72 x 38 x 3 cm (L x B x T)<\/li>\n<li>Breite der Holzstreifen: 55 mm<\/li>\n<li>Mit UV-best\u00e4ndigem Lack beschichtet<\/li>\n<li>Umweltneutrale Farben<\/li>\n<li>Nimmt kein Wasser auf<\/li>\n<li>Harte und kratzfeste Oberfl\u00e4che<\/li>\n<li>Aus nachhaltigem, schnell nachwachsendem Rohstoff<\/li>\n<li>Rutschfest<\/li>\n<li>Leicht zu reinigen<\/li>\n<li>Geeignet f\u00fcr B\u00f6den mit Fu\u00dfbodenheizung<\/li>\n<li>Kann nicht st\u00e4ndiger Feuchtigkeit ausgesetzt werden<\/li>\n<li>Geeignet f\u00fcr K\u00fcche, Wohnzimmer oder Flur<\/li>\n<li>Nicht in die Badewanne oder in die Dusche stellen<\/li>\n<\/ul>\n","protected":false},"excerpt":{"rendered":"<ul>\n<li>Farbe: Natur<\/li>\n<li>Material: 100% Bambus<\/li>\n<li>Abmessungen: 72 x 38 x 3 cm (L x B x T)<\/li>\n<li>Breite der Holzstreifen: 55 mm<\/li>\n<li>Mit UV-best\u00e4ndigem Lack beschichtet<\/li>\n<li>Umweltneutrale Farben<\/li>\n<li>Nimmt kein Wasser auf<\/li>\n<li>Harte und kratzfeste Oberfl\u00e4che<\/li>\n<li>Aus nachhaltigem, schnell nachwachsendem Rohstoff<\/li>\n<li>Rutschfest<\/li>\n<li>Leicht zu reinigen<\/li>\n<li>Geeignet f\u00fcr B\u00f6den mit Fu\u00dfbodenheizung<\/li>\n<li>Kann nicht st\u00e4ndiger Feuchtigkeit ausgesetzt werden<\/li>\n<li>Geeignet f\u00fcr K\u00fcche, Wohnzimmer oder Flur<\/li>\n<li>Nicht in die Badewanne oder in die Dusche stellen<\/li>\n<\/ul>\n","protected":false},"featured_media":10000057937,"comment_status":"closed","ping_status":"closed","template":"","meta":[],"product_brand":[],"product_cat":[7059,7057,7048],"product_tag":[],"class_list":{"0":"post-57937","1":"product","2":"type-product","3":"status-publish","4":"has-post-thumbnail","6":"product_cat-badematten-badteppiche","7":"product_cat-badzubehoer","8":"product_cat-heim-garten","10":"first","11":"outofstock","12":"taxable","13":"shipping-taxable","14":"purchasable","15":"product-type-simple","16":"add-to-wishlist-after_add_to_cart"},"jetpack_sharing_enabled":true,"_links":{"self":[{"href":"https:\/\/de-prime.com\/index.php\/wp-json\/wp\/v2\/product\/57937","targetHints":{"allow":["GET"]}}],"collection":[{"href":"https:\/\/de-prime.com\/index.php\/wp-json\/wp\/v2\/product"}],"about":[{"href":"https:\/\/de-prime.com\/index.php\/wp-json\/wp\/v2\/types\/product"}],"replies":[{"embeddable":true,"href":"https:\/\/de-prime.com\/index.php\/wp-json\/wp\/v2\/comments?post=57937"}],"wp:featuredmedia":[{"embeddable":true,"href":"https:\/\/de-prime.com\/index.php\/wp-json\/"}],"wp:attachment":[{"href":"https:\/\/de-prime.com\/index.php\/wp-json\/wp\/v2\/media?parent=57937"}],"wp:term":[{"taxonomy":"product_brand","embeddable":true,"href":"https:\/\/de-prime.com\/index.php\/wp-json\/wp\/v2\/product_brand?post=57937"},{"taxonomy":"product_cat","embeddable":true,"href":"https:\/\/de-prime.com\/index.php\/wp-json\/wp\/v2\/product_cat?post=57937"},{"taxonomy":"product_tag","embeddable":true,"href":"https:\/\/de-prime.com\/index.php\/wp-json\/wp\/v2\/product_tag?post=57937"}],"curies":[{"name":"wp","href":"https:\/\/api.w.org\/{rel}","templated":true}]}}