{"id":57923,"date":"2024-10-03T21:17:48","date_gmt":"2024-10-03T19:17:48","guid":{"rendered":"https:\/\/de-prime.com\/?p=57923"},"modified":"2024-10-03T21:34:34","modified_gmt":"2024-10-03T19:34:34","slug":"badematte-akazienholz-80x50-cm","status":"publish","type":"product","link":"https:\/\/de-prime.com\/index.php\/product\/badematte-akazienholz-80x50-cm\/","title":{"rendered":"Badematte Akazienholz 80&#215;50 cm"},"content":{"rendered":"<p>Die hochwertige Holz-Badematte eignet sich besonders f\u00fcr den Bad- oder Saunabereich. Die Matte besteht aus hochwertigem Akazienholz, einem tropischen Hartholz, das nat\u00fcrlich witterungsbest\u00e4ndig und \u00e4u\u00dferst haltbar ist. Die Matte ist mit einer gummierten Unterseite versehen, um ein Verrutschen zu verhindern.<\/p>\n<ul>\n<li>Material: Akazienholz (lasiert)<\/li>\n<li>Ma\u00dfe: 80 x 50 cm (L x B)<\/li>\n<li>Dicke: 9 mm<\/li>\n<li>Mit gleitsicherer, gummierten Unterseite<\/li>\n<\/ul>\n","protected":false},"excerpt":{"rendered":"<ul>\n<li>Material: Akazienholz (lasiert)<\/li>\n<li>Ma\u00dfe: 80 x 50 cm (L x B)<\/li>\n<li>Dicke: 9 mm<\/li>\n<li>Mit gleitsicherer, gummierten Unterseite<\/li>\n<\/ul>\n","protected":false},"featured_media":10000057923,"comment_status":"closed","ping_status":"closed","template":"","meta":[],"product_brand":[],"product_cat":[7059,7057,7048],"product_tag":[],"class_list":{"0":"post-57923","1":"product","2":"type-product","3":"status-publish","4":"has-post-thumbnail","6":"product_cat-badematten-badteppiche","7":"product_cat-badzubehoer","8":"product_cat-heim-garten","10":"first","11":"instock","12":"taxable","13":"shipping-taxable","14":"purchasable","15":"product-type-simple","16":"add-to-wishlist-after_add_to_cart"},"jetpack_sharing_enabled":true,"_links":{"self":[{"href":"https:\/\/de-prime.com\/index.php\/wp-json\/wp\/v2\/product\/57923","targetHints":{"allow":["GET"]}}],"collection":[{"href":"https:\/\/de-prime.com\/index.php\/wp-json\/wp\/v2\/product"}],"about":[{"href":"https:\/\/de-prime.com\/index.php\/wp-json\/wp\/v2\/types\/product"}],"replies":[{"embeddable":true,"href":"https:\/\/de-prime.com\/index.php\/wp-json\/wp\/v2\/comments?post=57923"}],"wp:featuredmedia":[{"embeddable":true,"href":"https:\/\/de-prime.com\/index.php\/wp-json\/"}],"wp:attachment":[{"href":"https:\/\/de-prime.com\/index.php\/wp-json\/wp\/v2\/media?parent=57923"}],"wp:term":[{"taxonomy":"product_brand","embeddable":true,"href":"https:\/\/de-prime.com\/index.php\/wp-json\/wp\/v2\/product_brand?post=57923"},{"taxonomy":"product_cat","embeddable":true,"href":"https:\/\/de-prime.com\/index.php\/wp-json\/wp\/v2\/product_cat?post=57923"},{"taxonomy":"product_tag","embeddable":true,"href":"https:\/\/de-prime.com\/index.php\/wp-json\/wp\/v2\/product_tag?post=57923"}],"curies":[{"name":"wp","href":"https:\/\/api.w.org\/{rel}","templated":true}]}}