{"id":57921,"date":"2024-10-04T11:06:25","date_gmt":"2024-10-04T09:06:25","guid":{"rendered":"https:\/\/de-prime.com\/?p=57921"},"modified":"2024-10-04T11:06:26","modified_gmt":"2024-10-04T09:06:26","slug":"sealskin-duschmatte-antirutschmatte-doby-50-x-50-cm-weiss-312003410","status":"publish","type":"product","link":"https:\/\/de-prime.com\/index.php\/product\/sealskin-duschmatte-antirutschmatte-doby-50-x-50-cm-weiss-312003410\/","title":{"rendered":"Sealskin Duschmatte Antirutschmatte Doby 50 x 50 cm Wei\u00df 312003410"},"content":{"rendered":"<p>Diese wei\u00dfe Duschmatte Doby von Sealskin ist eine Antirutschmatte f\u00fcr Duschen. Die Matte ist aus PVC hergestellt und bleibt dank der Saugn\u00e4pfe an der Unterseite fest an ihrem Platz. Dadurch wird das Betreten oder Verlassen der Duschfl\u00e4che viel sicherer. Dar\u00fcber hinaus l\u00e4sst sich die Matte einfach reinigen, da sie bei 30 Grad gewaschen werden kann.<\/p>\n<ul>\n<li>Ma\u00dfe: 50 x 50 cm (L x B)<\/li>\n<li>Farbe: Wei\u00df<\/li>\n<li>100% Gummi<\/li>\n<li>Rutschfest<\/li>\n<li>Mit Saugn\u00e4pfen an der Unterseite ausgestattet<\/li>\n<li><strong>Pflegehinweise:<\/strong><\/li>\n<li>Im Schonwaschgang der Waschmaschine bei 30\u00b0C waschen<\/li>\n<\/ul>\n","protected":false},"excerpt":{"rendered":"<ul>\n<li>Ma\u00dfe: 50 x 50 cm (L x B)<\/li>\n<li>Farbe: Wei\u00df<\/li>\n<li>100% Gummi<\/li>\n<li>Rutschfest<\/li>\n<li>Mit Saugn\u00e4pfen an der Unterseite ausgestattet<\/li>\n<li><strong>Pflegehinweise:<\/strong><\/li>\n<li>Im Schonwaschgang der Waschmaschine bei 30\u00b0C waschen<\/li>\n<\/ul>\n","protected":false},"featured_media":10000057921,"comment_status":"closed","ping_status":"closed","template":"","meta":[],"product_brand":[],"product_cat":[7059,7057,7048],"product_tag":[],"class_list":{"0":"post-57921","1":"product","2":"type-product","3":"status-publish","4":"has-post-thumbnail","6":"product_cat-badematten-badteppiche","7":"product_cat-badzubehoer","8":"product_cat-heim-garten","10":"first","11":"outofstock","12":"taxable","13":"shipping-taxable","14":"purchasable","15":"product-type-simple","16":"add-to-wishlist-after_add_to_cart"},"jetpack_sharing_enabled":true,"_links":{"self":[{"href":"https:\/\/de-prime.com\/index.php\/wp-json\/wp\/v2\/product\/57921","targetHints":{"allow":["GET"]}}],"collection":[{"href":"https:\/\/de-prime.com\/index.php\/wp-json\/wp\/v2\/product"}],"about":[{"href":"https:\/\/de-prime.com\/index.php\/wp-json\/wp\/v2\/types\/product"}],"replies":[{"embeddable":true,"href":"https:\/\/de-prime.com\/index.php\/wp-json\/wp\/v2\/comments?post=57921"}],"wp:featuredmedia":[{"embeddable":true,"href":"https:\/\/de-prime.com\/index.php\/wp-json\/"}],"wp:attachment":[{"href":"https:\/\/de-prime.com\/index.php\/wp-json\/wp\/v2\/media?parent=57921"}],"wp:term":[{"taxonomy":"product_brand","embeddable":true,"href":"https:\/\/de-prime.com\/index.php\/wp-json\/wp\/v2\/product_brand?post=57921"},{"taxonomy":"product_cat","embeddable":true,"href":"https:\/\/de-prime.com\/index.php\/wp-json\/wp\/v2\/product_cat?post=57921"},{"taxonomy":"product_tag","embeddable":true,"href":"https:\/\/de-prime.com\/index.php\/wp-json\/wp\/v2\/product_tag?post=57921"}],"curies":[{"name":"wp","href":"https:\/\/api.w.org\/{rel}","templated":true}]}}