{"id":57920,"date":"2024-10-04T11:06:28","date_gmt":"2024-10-04T09:06:28","guid":{"rendered":"https:\/\/de-prime.com\/?p=57920"},"modified":"2024-10-04T11:06:28","modified_gmt":"2024-10-04T09:06:28","slug":"badematte-bambus-54x36-cm","status":"publish","type":"product","link":"https:\/\/de-prime.com\/index.php\/product\/badematte-bambus-54x36-cm\/","title":{"rendered":"Badematte Bambus 54&#215;36 cm"},"content":{"rendered":"<p>Diese Badmatte aus Bambus verwandeln dein Badezimmer in eine nat\u00fcrliche Wellness-Oase. Langlebiges Material: Bambus ist f\u00fcr seine Flexibilit\u00e4t und Festigkeit bekannt. Bambusm\u00f6bel sind eine gute Wahl, wenn du nach robusten M\u00f6belst\u00fccken aus nat\u00fcrlichen Materialien suchst. Dar\u00fcber hinaus verhindert die Lackbehandlung Kratzer auf der Matte und macht das Holz auch wasserfest.Vielseitiges Design: Diese optisch ansprechende Duschmatte ist f\u00fcr Duschen, Spas, Badezimmer, K\u00fcchen, Hinterh\u00f6fe usw. geeignet. Sie findet Platz neben Badewannen, Duschen oder Gartenpools und bietet eine bequeme Plattform zum Trocknen deines K\u00f6rpers. Sie l\u00e4sst sich auch als Fu\u00dfmatte im Eingangsbereich verwenden.Erh\u00f6htes Design: Das erh\u00f6hte Design aus Latten l\u00e4sst Wasser und Luft frei durchflie\u00dfen.Einfache Reinigung: Dank der wasserbest\u00e4ndigen Lackbehandlung und des flachen Designs l\u00e4sst sich die Badezimmermatte aus Bambus sehr leicht reinigen. Wische sie einfach mit einem feuchten Tuch ab.<\/p>\n<ul>\n<li>Material: Bambus mit transparenter Lackierung<\/li>\n<li>Abmessungen: 54 x 36 x 3 cm (L x B x H)<\/li>\n<li>Zusammenbau erforderlich: Ja<\/li>\n<\/ul>\n","protected":false},"excerpt":{"rendered":"<ul>\n<li>Material: Bambus mit transparenter Lackierung<\/li>\n<li>Abmessungen: 54 x 36 x 3 cm (L x B x H)<\/li>\n<li>Zusammenbau erforderlich: Ja<\/li>\n<\/ul>\n","protected":false},"featured_media":10000057920,"comment_status":"closed","ping_status":"closed","template":"","meta":[],"product_brand":[],"product_cat":[7059,7057,7048],"product_tag":[],"class_list":{"0":"post-57920","1":"product","2":"type-product","3":"status-publish","4":"has-post-thumbnail","6":"product_cat-badematten-badteppiche","7":"product_cat-badzubehoer","8":"product_cat-heim-garten","10":"first","11":"instock","12":"taxable","13":"shipping-taxable","14":"purchasable","15":"product-type-simple","16":"add-to-wishlist-after_add_to_cart"},"jetpack_sharing_enabled":true,"_links":{"self":[{"href":"https:\/\/de-prime.com\/index.php\/wp-json\/wp\/v2\/product\/57920","targetHints":{"allow":["GET"]}}],"collection":[{"href":"https:\/\/de-prime.com\/index.php\/wp-json\/wp\/v2\/product"}],"about":[{"href":"https:\/\/de-prime.com\/index.php\/wp-json\/wp\/v2\/types\/product"}],"replies":[{"embeddable":true,"href":"https:\/\/de-prime.com\/index.php\/wp-json\/wp\/v2\/comments?post=57920"}],"wp:featuredmedia":[{"embeddable":true,"href":"https:\/\/de-prime.com\/index.php\/wp-json\/"}],"wp:attachment":[{"href":"https:\/\/de-prime.com\/index.php\/wp-json\/wp\/v2\/media?parent=57920"}],"wp:term":[{"taxonomy":"product_brand","embeddable":true,"href":"https:\/\/de-prime.com\/index.php\/wp-json\/wp\/v2\/product_brand?post=57920"},{"taxonomy":"product_cat","embeddable":true,"href":"https:\/\/de-prime.com\/index.php\/wp-json\/wp\/v2\/product_cat?post=57920"},{"taxonomy":"product_tag","embeddable":true,"href":"https:\/\/de-prime.com\/index.php\/wp-json\/wp\/v2\/product_tag?post=57920"}],"curies":[{"name":"wp","href":"https:\/\/api.w.org\/{rel}","templated":true}]}}