{"id":57910,"date":"2024-10-04T11:08:45","date_gmt":"2024-10-04T09:08:45","guid":{"rendered":"https:\/\/de-prime.com\/?p=57910"},"modified":"2024-10-04T11:08:45","modified_gmt":"2024-10-04T09:08:45","slug":"badematten-set-2-tlg-stoff-beige","status":"publish","type":"product","link":"https:\/\/de-prime.com\/index.php\/product\/badematten-set-2-tlg-stoff-beige\/","title":{"rendered":"Badematten-Set 2-tlg. Stoff Beige"},"content":{"rendered":"<p>Unsere Badematten verleihen Ihrer Badezimmereinrichtung einen luxuri\u00f6sen Look. Da es aus Baumwolle zu 100 % besteht, ist das Mattenset sowohl antistatisch als auch saugf\u00e4hig und pflegeleicht. Dank rutschfester Unterseite bleibt die Bodenmatte ohne Verrutschen sicher am Platz, um Sicherheit beim Heraussteigen aus der Badewanne zu bieten. Der WC-Vorleger sorgt zudem f\u00fcr W\u00e4rme und Komfort. Im Lieferumfang sind 1 Badematte und 1 WC-Vorleger enthalten. Hinweis: Unsere Teppiche werden f\u00fcr den einfacheren Transport gerollt verpackt. Geben Sie dem Produkt nach dem Auspacken und Entrollen etwas Zeit, bis es wieder sch\u00f6n flach und glatt auf dem Boden liegt.<\/p>\n<ul>\n<li>Farbe: Beige<\/li>\n<li>Material: 100% Baumwolle<\/li>\n<li>Gr\u00f6\u00dfe Badematte: 63 x 93 cm (B x L)<\/li>\n<li>Gr\u00f6\u00dfe WC-Vorleger: 44 x 52 cm (B x L)<\/li>\n<li>Angenehm weich anzufassen<\/li>\n<li>Antistatisch und saugf\u00e4hig<\/li>\n<li>Mit rutschfester Unterseite<\/li>\n<li>Pflegeleicht<\/li>\n<li>Lieferung umfasst 1 Badematte und 1 WC-Vorleger<\/li>\n<li>Material: Baumwolle: 100%<\/li>\n<\/ul>\n","protected":false},"excerpt":{"rendered":"<ul>\n<li>Farbe: Beige<\/li>\n<li>Material: 100% Baumwolle<\/li>\n<li>Gr\u00f6\u00dfe Badematte: 63 x 93 cm (B x L)<\/li>\n<li>Gr\u00f6\u00dfe WC-Vorleger: 44 x 52 cm (B x L)<\/li>\n<li>Angenehm weich anzufassen<\/li>\n<li>Antistatisch und saugf\u00e4hig<\/li>\n<li>Mit rutschfester Unterseite<\/li>\n<li>Pflegeleicht<\/li>\n<li>Lieferung umfasst 1 Badematte und 1 WC-Vorleger<\/li>\n<li>Material: Baumwolle: 100%<\/li>\n<\/ul>\n","protected":false},"featured_media":10000057910,"comment_status":"closed","ping_status":"closed","template":"","meta":[],"product_brand":[],"product_cat":[7059,7057,7048],"product_tag":[],"class_list":{"0":"post-57910","1":"product","2":"type-product","3":"status-publish","4":"has-post-thumbnail","6":"product_cat-badematten-badteppiche","7":"product_cat-badzubehoer","8":"product_cat-heim-garten","10":"first","11":"instock","12":"taxable","13":"shipping-taxable","14":"purchasable","15":"product-type-simple","16":"add-to-wishlist-after_add_to_cart"},"jetpack_sharing_enabled":true,"_links":{"self":[{"href":"https:\/\/de-prime.com\/index.php\/wp-json\/wp\/v2\/product\/57910","targetHints":{"allow":["GET"]}}],"collection":[{"href":"https:\/\/de-prime.com\/index.php\/wp-json\/wp\/v2\/product"}],"about":[{"href":"https:\/\/de-prime.com\/index.php\/wp-json\/wp\/v2\/types\/product"}],"replies":[{"embeddable":true,"href":"https:\/\/de-prime.com\/index.php\/wp-json\/wp\/v2\/comments?post=57910"}],"wp:featuredmedia":[{"embeddable":true,"href":"https:\/\/de-prime.com\/index.php\/wp-json\/"}],"wp:attachment":[{"href":"https:\/\/de-prime.com\/index.php\/wp-json\/wp\/v2\/media?parent=57910"}],"wp:term":[{"taxonomy":"product_brand","embeddable":true,"href":"https:\/\/de-prime.com\/index.php\/wp-json\/wp\/v2\/product_brand?post=57910"},{"taxonomy":"product_cat","embeddable":true,"href":"https:\/\/de-prime.com\/index.php\/wp-json\/wp\/v2\/product_cat?post=57910"},{"taxonomy":"product_tag","embeddable":true,"href":"https:\/\/de-prime.com\/index.php\/wp-json\/wp\/v2\/product_tag?post=57910"}],"curies":[{"name":"wp","href":"https:\/\/api.w.org\/{rel}","templated":true}]}}