{"id":57896,"date":"2024-10-03T21:13:17","date_gmt":"2024-10-03T19:13:17","guid":{"rendered":"https:\/\/de-prime.com\/?p=57896"},"modified":"2024-10-03T21:37:55","modified_gmt":"2024-10-03T19:37:55","slug":"halogen-heissluftofen-mit-digitalem-timer-1400-w-17-l","status":"publish","type":"product","link":"https:\/\/de-prime.com\/index.php\/product\/halogen-heissluftofen-mit-digitalem-timer-1400-w-17-l\/","title":{"rendered":"Halogen-Hei\u00dfluftofen mit Digitalem Timer 1400 W 17 L"},"content":{"rendered":"<p>Mit diesem Halogenofen k\u00f6nnen Sie eine leckere, vitamin- und n\u00e4hrstoffreiche Mahlzeit in k\u00fcrzerer Zeit zubereiten. Der Halogen-Hei\u00dfluftofen besteht aus Glas, sodass Sie den Garvorgang gut beobachten k\u00f6nnen. Er hat ein gro\u00dfes Fassungsverm\u00f6gen von 12 L + 5 L (mit dem mitgelieferten Verl\u00e4ngerungsring), und reicht daher f\u00fcr gro\u00dfe Mengen an Lebensmitteln. Der Ofen gart Speisen, indem er die hei\u00dfe Luft gleichm\u00e4\u00dfig und gr\u00fcndlich um die Speisen herumf\u00fchrt. Daher ist die Kochzeit erhablich k\u00fcrzer als bei herk\u00f6mmlichen Konvektions\u00f6fen, was zu einer Energie- und Zeitersparnis f\u00fchrt. Der Verl\u00e4ngerungsring hilft Ihnen, das Gef\u00e4\u00df des Halogenofens f\u00fcr gr\u00f6\u00dfere Mahlzeiten zu vergr\u00f6\u00dfern. Ausgestattet mit einer digitalen Timer-Steuerung liefert der Speisenw\u00e4rmer die k\u00f6stlichsten Speisen f\u00fcr Sie und Ihre Familie! Zum Zubeh\u00f6r geh\u00f6ren ein niedriges Gestell, ein hohes Gestell, eine Zange, ein Verl\u00e4ngerungsring und ein Deckelhalter.<\/p>\n<ul>\n<li>Farbe: Wei\u00df<\/li>\n<li>Material: Glas + Kunststoff<\/li>\n<li>Abmessungen: 39 x 39 x 27 cm (L x B x H)<\/li>\n<li>Leistung: 1200-1400 W<\/li>\n<li>Stromversorgung: 220-240 V~, 50\/60 Hz<\/li>\n<li>Fassungsverm\u00f6gen: 12 L + 5 L (mit Verl\u00e4ngerungsring)<\/li>\n<li>Digitaler Timer<\/li>\n<li>Temperaturbereich: 65 &#8211; 250 \u00b0C<\/li>\n<li>Ideal zum Braten, Grillen, Backen, Kochen<\/li>\n<li>Transparente Sch\u00fcssel<\/li>\n<li>Energieeffizient und zeitsparend<\/li>\n<li>Einfache Reinigung und Bedienung<\/li>\n<li>Hohes und tiefes Backofenrost, Zange, Erweiterungsring sowie Deckelhalter im Lieferumfang enthalten<\/li>\n<\/ul>\n","protected":false},"excerpt":{"rendered":"<ul>\n<li>Farbe: Wei\u00df<\/li>\n<li>Material: Glas + Kunststoff<\/li>\n<li>Abmessungen: 39 x 39 x 27 cm (L x B x H)<\/li>\n<li>Leistung: 1200-1400 W<\/li>\n<li>Stromversorgung: 220-240 V~, 50\/60 Hz<\/li>\n<li>Fassungsverm\u00f6gen: 12 L + 5 L (mit Verl\u00e4ngerungsring)<\/li>\n<li>Digitaler Timer<\/li>\n<li>Temperaturbereich: 65 &#8211; 250 \u00b0C<\/li>\n<li>Ideal zum Braten, Grillen, Backen, Kochen<\/li>\n<li>Transparente Sch\u00fcssel<\/li>\n<li>Energieeffizient und zeitsparend<\/li>\n<li>Einfache Reinigung und Bedienung<\/li>\n<li>Hohes und tiefes Backofenrost, Zange, Erweiterungsring sowie Deckelhalter im Lieferumfang enthalten<\/li>\n<\/ul>\n","protected":false},"featured_media":10000057896,"comment_status":"closed","ping_status":"closed","template":"","meta":[],"product_brand":[],"product_cat":[7056,7048,7051,7052],"product_tag":[],"class_list":{"0":"post-57896","1":"product","2":"type-product","3":"status-publish","4":"has-post-thumbnail","6":"product_cat-backoefen","7":"product_cat-heim-garten","8":"product_cat-kueche-esszimmer","9":"product_cat-kuechengeraete","11":"first","12":"instock","13":"taxable","14":"shipping-taxable","15":"purchasable","16":"product-type-simple","17":"add-to-wishlist-after_add_to_cart"},"jetpack_sharing_enabled":true,"_links":{"self":[{"href":"https:\/\/de-prime.com\/index.php\/wp-json\/wp\/v2\/product\/57896","targetHints":{"allow":["GET"]}}],"collection":[{"href":"https:\/\/de-prime.com\/index.php\/wp-json\/wp\/v2\/product"}],"about":[{"href":"https:\/\/de-prime.com\/index.php\/wp-json\/wp\/v2\/types\/product"}],"replies":[{"embeddable":true,"href":"https:\/\/de-prime.com\/index.php\/wp-json\/wp\/v2\/comments?post=57896"}],"wp:featuredmedia":[{"embeddable":true,"href":"https:\/\/de-prime.com\/index.php\/wp-json\/"}],"wp:attachment":[{"href":"https:\/\/de-prime.com\/index.php\/wp-json\/wp\/v2\/media?parent=57896"}],"wp:term":[{"taxonomy":"product_brand","embeddable":true,"href":"https:\/\/de-prime.com\/index.php\/wp-json\/wp\/v2\/product_brand?post=57896"},{"taxonomy":"product_cat","embeddable":true,"href":"https:\/\/de-prime.com\/index.php\/wp-json\/wp\/v2\/product_cat?post=57896"},{"taxonomy":"product_tag","embeddable":true,"href":"https:\/\/de-prime.com\/index.php\/wp-json\/wp\/v2\/product_tag?post=57896"}],"curies":[{"name":"wp","href":"https:\/\/api.w.org\/{rel}","templated":true}]}}