{"id":57892,"date":"2024-10-03T21:13:22","date_gmt":"2024-10-03T19:13:22","guid":{"rendered":"https:\/\/de-prime.com\/?p=57892"},"modified":"2024-10-03T21:37:52","modified_gmt":"2024-10-03T19:37:52","slug":"tristar-umluftofen-1500-w-28-l-schwarz","status":"publish","type":"product","link":"https:\/\/de-prime.com\/index.php\/product\/tristar-umluftofen-1500-w-28-l-schwarz\/","title":{"rendered":"Tristar Umluftofen 1500 W 28 L Schwarz"},"content":{"rendered":"<p>Der Umluftofen von Tristar eignet sich ideal zum Grillen, Backen und R\u00f6sten! Mit diesem praktischen Ofen k\u00f6nnen Sie leicht k\u00f6stliche Gerichte wie Aufl\u00e4ufe, Nachos, sogar Kuchen und Brot zubereiten. Er bietet die M\u00f6glichkeit, zwischen Ober- und Unterhitze zu w\u00e4hlen oder beides, um Aufl\u00e4ufe und Pizza besonders knusprig zu machen. Dank der 1500 W Leistung erreicht der Hei\u00dfluftofen von Tristar eine Temperatur von 230 \u00b0C. Der einstellbare Timer kann auf bis zu 60 Minuten eingestellt werden und gibt ein Tonsignal ab, wenn die Zeit abgelaufen ist. Auf diese Weise werden Sie Ihr Gericht nie verbrennen. Der Ofen wird mit einem Grillrost und einem Backblech geliefert, sodass Sie sofort mit dem Backen beginnen k\u00f6nnen. Dank des speziellen Griffes k\u00f6nnen Sie das Backblech und den Grillrost sicher herausnehmen. Dieser Hei\u00dfluftofen ist perfekt f\u00fcr kleine Familien oder den Einsatz in Studentenwohnheim geeignet.<\/p>\n<ul>\n<li>Farbe: Schwarz <\/li>\n<li>Geh\u00e4usematerial: Beschichtetes Metall<\/li>\n<li>Abmessungen: 54 x 34,5 x 47 cm (B x T x H)<\/li>\n<li>Leistung: 1500 W<\/li>\n<li>Fassungsverm\u00f6gen: 28 L<\/li>\n<li>Stromversorgung: 220-240 V~, 50\/60 Hz<\/li>\n<li><strong>6 Heizstufen<\/strong> (Ober- und Unterhitze mit oder ohne Konvektion)<\/li>\n<li>Temperatur einstellbar zwischen 0 und 230 \u2070C<\/li>\n<li>Zum Backen, Grillen und R\u00f6sten geeignet<\/li>\n<li>60-Minuten-Timer mit Signal<\/li>\n<li>Lieferung umfasst: 1 x Grillrost, 1 x Backblech, 1 x Handgriff<\/li>\n<\/ul>\n","protected":false},"excerpt":{"rendered":"<ul>\n<li>Farbe: Schwarz <\/li>\n<li>Geh\u00e4usematerial: Beschichtetes Metall<\/li>\n<li>Abmessungen: 54 x 34,5 x 47 cm (B x T x H)<\/li>\n<li>Leistung: 1500 W<\/li>\n<li>Fassungsverm\u00f6gen: 28 L<\/li>\n<li>Stromversorgung: 220-240 V~, 50\/60 Hz<\/li>\n<li><strong>6 Heizstufen<\/strong> (Ober- und Unterhitze mit oder ohne Konvektion)<\/li>\n<li>Temperatur einstellbar zwischen 0 und 230 \u2070C<\/li>\n<li>Zum Backen, Grillen und R\u00f6sten geeignet<\/li>\n<li>60-Minuten-Timer mit Signal<\/li>\n<li>Lieferung umfasst: 1 x Grillrost, 1 x Backblech, 1 x Handgriff<\/li>\n<\/ul>\n","protected":false},"featured_media":10000057892,"comment_status":"closed","ping_status":"closed","template":"","meta":[],"product_brand":[],"product_cat":[7056,7048,7051,7052],"product_tag":[],"class_list":{"0":"post-57892","1":"product","2":"type-product","3":"status-publish","4":"has-post-thumbnail","6":"product_cat-backoefen","7":"product_cat-heim-garten","8":"product_cat-kueche-esszimmer","9":"product_cat-kuechengeraete","11":"first","12":"outofstock","13":"taxable","14":"shipping-taxable","15":"purchasable","16":"product-type-simple","17":"add-to-wishlist-after_add_to_cart"},"jetpack_sharing_enabled":true,"_links":{"self":[{"href":"https:\/\/de-prime.com\/index.php\/wp-json\/wp\/v2\/product\/57892","targetHints":{"allow":["GET"]}}],"collection":[{"href":"https:\/\/de-prime.com\/index.php\/wp-json\/wp\/v2\/product"}],"about":[{"href":"https:\/\/de-prime.com\/index.php\/wp-json\/wp\/v2\/types\/product"}],"replies":[{"embeddable":true,"href":"https:\/\/de-prime.com\/index.php\/wp-json\/wp\/v2\/comments?post=57892"}],"wp:featuredmedia":[{"embeddable":true,"href":"https:\/\/de-prime.com\/index.php\/wp-json\/"}],"wp:attachment":[{"href":"https:\/\/de-prime.com\/index.php\/wp-json\/wp\/v2\/media?parent=57892"}],"wp:term":[{"taxonomy":"product_brand","embeddable":true,"href":"https:\/\/de-prime.com\/index.php\/wp-json\/wp\/v2\/product_brand?post=57892"},{"taxonomy":"product_cat","embeddable":true,"href":"https:\/\/de-prime.com\/index.php\/wp-json\/wp\/v2\/product_cat?post=57892"},{"taxonomy":"product_tag","embeddable":true,"href":"https:\/\/de-prime.com\/index.php\/wp-json\/wp\/v2\/product_tag?post=57892"}],"curies":[{"name":"wp","href":"https:\/\/api.w.org\/{rel}","templated":true}]}}