{"id":57836,"date":"2024-10-04T11:18:53","date_gmt":"2024-10-04T09:18:53","guid":{"rendered":"https:\/\/de-prime.com\/?p=57836"},"modified":"2024-10-04T11:18:54","modified_gmt":"2024-10-04T09:18:54","slug":"wegeleuchten-mit-bewegungsmelder-3-stk-schwarz-110cm-edelstahl","status":"publish","type":"product","link":"https:\/\/de-prime.com\/index.php\/product\/wegeleuchten-mit-bewegungsmelder-3-stk-schwarz-110cm-edelstahl\/","title":{"rendered":"Wegeleuchten mit Bewegungsmelder 3 Stk. Schwarz 110cm Edelstahl"},"content":{"rendered":"<p>Bringe deinen Outdoor-Bereich mit diesen Wegeleuchten zum Leuchten! Schutzart IP44: Dank ihres Edelstahl-Geh\u00e4uses mit der IP44-Schutzart ist die Outdoor-Stehleuchte wetterfest, robust, langlebig und somit hervorragend f\u00fcr den Einsatz im Freien geeignet. PIR-Sensor: Die Wegeleuchte ist mit einem eingebauten PIR-Bewegungsmelder (Passiv-Infrarot) mit einem Erfassungswinkel von 120\u00b0 und einer Reichweite von bis zu 10 Metern ausgestattet. Das Licht wird automatisch eingeschaltet, wenn eine Bewegung erkannt wird; die Leuchtdauer kann zwischen 8 Sekunden und 3,5 Minuten eingestellt werden. Mit Diffusor: Die Pollerleuchte ist mit einem PC-Diffusor ausgestattet, der das Leuchtmittel vor Staub, Regen und Schmutz sch\u00fctzt und gleichzeitig f\u00fcr ein gleichm\u00e4\u00dfiges, diffuses Licht sorgt. Vielseitigkeit: Die stilvolle Garten-Stehleuchte ist vielseitig einsetzbar und kann auf verschiedene Weisen als Au\u00dfenbeleuchtung dienen, z. B. zur Beleuchtung des Gartens, der Einfahrt oder der Veranda. Die Gartenleuchte kann auch als Dekoration im Au\u00dfenbereich genutzt werden. Gut zu wissen:Leuchtmittel sind nicht im Lieferumfang enthalten.<\/p>\n<ul>\n<li>Farbe: Schwarz<\/li>\n<li>Material: Edelstahl, PC (Polycarbonat)<\/li>\n<li>Abmessungen: 14 x 14 x 110 cm (L x B x H)<\/li>\n<li>Geeignete Gl\u00fchbirne (nicht im Lieferumfang enthalten): Maximal 40 W, E27<\/li>\n<li>Spannung: 220-240 V~, 50 Hz<\/li>\n<li>Schutzart: IP44<\/li>\n<li>Mit einem Sensor, der die Lampe automatisch einschaltet, wenn er eine Bewegung erkennt<\/li>\n<li>Sensor: Passiv Infrarot<\/li>\n<li>Bewegungserfassungswinkel: 120\u00b0<\/li>\n<li>Reichweite bis zu 10 m<\/li>\n<li>Zeiteinstellung: 8 Sekunden &#8211; 3,5 Minuten<\/li>\n<li>F\u00fcr den Au\u00dfenbereich geeignet<\/li>\n<li><strong>Lieferung umfasst:<\/strong><\/li>\n<li>3 x Outdoor-Stehleuchte mit Bewegungsmelder<\/li>\n<\/ul>\n","protected":false},"excerpt":{"rendered":"<ul>\n<li>Farbe: Schwarz<\/li>\n<li>Material: Edelstahl, PC (Polycarbonat)<\/li>\n<li>Abmessungen: 14 x 14 x 110 cm (L x B x H)<\/li>\n<li>Geeignete Gl\u00fchbirne (nicht im Lieferumfang enthalten): Maximal 40 W, E27<\/li>\n<li>Spannung: 220-240 V~, 50 Hz<\/li>\n<li>Schutzart: IP44<\/li>\n<li>Mit einem Sensor, der die Lampe automatisch einschaltet, wenn er eine Bewegung erkennt<\/li>\n<li>Sensor: Passiv Infrarot<\/li>\n<li>Bewegungserfassungswinkel: 120\u00b0<\/li>\n<li>Reichweite bis zu 10 m<\/li>\n<li>Zeiteinstellung: 8 Sekunden &#8211; 3,5 Minuten<\/li>\n<li>F\u00fcr den Au\u00dfenbereich geeignet<\/li>\n<li><strong>Lieferung umfasst:<\/strong><\/li>\n<li>3 x Outdoor-Stehleuchte mit Bewegungsmelder<\/li>\n<\/ul>\n","protected":false},"featured_media":10000057836,"comment_status":"closed","ping_status":"closed","template":"","meta":[],"product_brand":[],"product_cat":[7055,7054,7048],"product_tag":[],"class_list":{"0":"post-57836","1":"product","2":"type-product","3":"status-publish","4":"has-post-thumbnail","6":"product_cat-aussenbeleuchtung","7":"product_cat-beleuchtung","8":"product_cat-heim-garten","10":"first","11":"instock","12":"taxable","13":"shipping-taxable","14":"purchasable","15":"product-type-simple","16":"add-to-wishlist-after_add_to_cart"},"jetpack_sharing_enabled":true,"_links":{"self":[{"href":"https:\/\/de-prime.com\/index.php\/wp-json\/wp\/v2\/product\/57836","targetHints":{"allow":["GET"]}}],"collection":[{"href":"https:\/\/de-prime.com\/index.php\/wp-json\/wp\/v2\/product"}],"about":[{"href":"https:\/\/de-prime.com\/index.php\/wp-json\/wp\/v2\/types\/product"}],"replies":[{"embeddable":true,"href":"https:\/\/de-prime.com\/index.php\/wp-json\/wp\/v2\/comments?post=57836"}],"wp:featuredmedia":[{"embeddable":true,"href":"https:\/\/de-prime.com\/index.php\/wp-json\/"}],"wp:attachment":[{"href":"https:\/\/de-prime.com\/index.php\/wp-json\/wp\/v2\/media?parent=57836"}],"wp:term":[{"taxonomy":"product_brand","embeddable":true,"href":"https:\/\/de-prime.com\/index.php\/wp-json\/wp\/v2\/product_brand?post=57836"},{"taxonomy":"product_cat","embeddable":true,"href":"https:\/\/de-prime.com\/index.php\/wp-json\/wp\/v2\/product_cat?post=57836"},{"taxonomy":"product_tag","embeddable":true,"href":"https:\/\/de-prime.com\/index.php\/wp-json\/wp\/v2\/product_tag?post=57836"}],"curies":[{"name":"wp","href":"https:\/\/api.w.org\/{rel}","templated":true}]}}