{"id":57827,"date":"2024-10-04T11:19:57","date_gmt":"2024-10-04T09:19:57","guid":{"rendered":"https:\/\/de-prime.com\/?p=57827"},"modified":"2024-10-04T11:19:57","modified_gmt":"2024-10-04T09:19:57","slug":"wegeleuchte-schwarz-110-cm-edelstahl","status":"publish","type":"product","link":"https:\/\/de-prime.com\/index.php\/product\/wegeleuchte-schwarz-110-cm-edelstahl\/","title":{"rendered":"Wegeleuchte Schwarz 110 cm Edelstahl"},"content":{"rendered":"<p>Bringe deinen Outdoor-Bereich mit dieser Wegeleuchte zum Leuchten! Schutzart IP44: Dank ihres Edelstahl-Geh\u00e4uses mit der IP44-Schutzart ist die Outdoor-Stehleuchte wetterfest, robust, langlebig und somit hervorragend f\u00fcr den Einsatz im Freien geeignet. Mit Diffusor: Die Pollerleuchte ist mit einem PC-Diffusor ausgestattet, der das Leuchtmittel vor Staub, Regen und Schmutz sch\u00fctzt und gleichzeitig f\u00fcr ein gleichm\u00e4\u00dfiges, diffuses Licht sorgt. Vielseitigkeit: Die stilvolle Garten-Stehleuchte ist vielseitig einsetzbar und kann auf verschiedene Weisen als Au\u00dfenbeleuchtung dienen, z. B. zur Beleuchtung des Gartens, der Einfahrt oder der Veranda. Die Gartenleuchte kann auch als Dekoration im Au\u00dfenbereich genutzt werden. Gut zu wissen:Leuchtmittel sind nicht im Lieferumfang enthalten.<\/p>\n<ul>\n<li>Farbe: Schwarz<\/li>\n<li>Material: Edelstahl, PC (Polycarbonat)<\/li>\n<li>Abmessungen: 14 x 14 x 110 cm (L x B x H)<\/li>\n<li>Geeignete Gl\u00fchbirne (nicht im Lieferumfang enthalten): Maximal 40 W, E27<\/li>\n<li>Spannung: 220-240 V~, 50 Hz<\/li>\n<li>Schutzart: IP44<\/li>\n<li>F\u00fcr den Au\u00dfenbereich geeignet<\/li>\n<\/ul>\n","protected":false},"excerpt":{"rendered":"<ul>\n<li>Farbe: Schwarz<\/li>\n<li>Material: Edelstahl, PC (Polycarbonat)<\/li>\n<li>Abmessungen: 14 x 14 x 110 cm (L x B x H)<\/li>\n<li>Geeignete Gl\u00fchbirne (nicht im Lieferumfang enthalten): Maximal 40 W, E27<\/li>\n<li>Spannung: 220-240 V~, 50 Hz<\/li>\n<li>Schutzart: IP44<\/li>\n<li>F\u00fcr den Au\u00dfenbereich geeignet<\/li>\n<\/ul>\n","protected":false},"featured_media":10000057827,"comment_status":"closed","ping_status":"closed","template":"","meta":[],"product_brand":[],"product_cat":[7055,7054,7048],"product_tag":[],"class_list":{"0":"post-57827","1":"product","2":"type-product","3":"status-publish","4":"has-post-thumbnail","6":"product_cat-aussenbeleuchtung","7":"product_cat-beleuchtung","8":"product_cat-heim-garten","10":"first","11":"instock","12":"taxable","13":"shipping-taxable","14":"purchasable","15":"product-type-simple","16":"add-to-wishlist-after_add_to_cart"},"jetpack_sharing_enabled":true,"_links":{"self":[{"href":"https:\/\/de-prime.com\/index.php\/wp-json\/wp\/v2\/product\/57827","targetHints":{"allow":["GET"]}}],"collection":[{"href":"https:\/\/de-prime.com\/index.php\/wp-json\/wp\/v2\/product"}],"about":[{"href":"https:\/\/de-prime.com\/index.php\/wp-json\/wp\/v2\/types\/product"}],"replies":[{"embeddable":true,"href":"https:\/\/de-prime.com\/index.php\/wp-json\/wp\/v2\/comments?post=57827"}],"wp:featuredmedia":[{"embeddable":true,"href":"https:\/\/de-prime.com\/index.php\/wp-json\/"}],"wp:attachment":[{"href":"https:\/\/de-prime.com\/index.php\/wp-json\/wp\/v2\/media?parent=57827"}],"wp:term":[{"taxonomy":"product_brand","embeddable":true,"href":"https:\/\/de-prime.com\/index.php\/wp-json\/wp\/v2\/product_brand?post=57827"},{"taxonomy":"product_cat","embeddable":true,"href":"https:\/\/de-prime.com\/index.php\/wp-json\/wp\/v2\/product_cat?post=57827"},{"taxonomy":"product_tag","embeddable":true,"href":"https:\/\/de-prime.com\/index.php\/wp-json\/wp\/v2\/product_tag?post=57827"}],"curies":[{"name":"wp","href":"https:\/\/api.w.org\/{rel}","templated":true}]}}