{"id":57807,"date":"2024-10-04T11:22:27","date_gmt":"2024-10-04T09:22:27","guid":{"rendered":"https:\/\/de-prime.com\/?p=57807"},"modified":"2024-10-04T11:22:27","modified_gmt":"2024-10-04T09:22:27","slug":"wegeleuchten-3-stk-schwarz-50-cm-aluminiumdruckguss","status":"publish","type":"product","link":"https:\/\/de-prime.com\/index.php\/product\/wegeleuchten-3-stk-schwarz-50-cm-aluminiumdruckguss\/","title":{"rendered":"Wegeleuchten 3 Stk. Schwarz 50 cm Aluminiumdruckguss"},"content":{"rendered":"<p>Bringe deinen Outdoor-Bereich mit diesen Wegeleuchten zum Leuchten! Schutzart IP54: Dank ihres Aluminiumdruckguss-Geh\u00e4uses mit der IP54-Schutzart ist die Wegeleuchte wetterfest, robust, langlebig und somit hervorragend f\u00fcr den Einsatz im Freien geeignet. Mit Diffusor: Die Pollerleuchte ist mit einem PC-Diffusor ausgestattet, der das Leuchtmittel vor Staub, Regen und Schmutz sch\u00fctzt und gleichzeitig f\u00fcr ein gleichm\u00e4\u00dfiges, diffuses Licht sorgt. Integrierte LED-Leuchtmittel: Die Gartenleuchte ist mit energieeffizienten LEDs ausgestattet, die ein helles und fokussiertes Licht abgeben und das Ambiente jedes Bereichs aufwerten. Vielseitigkeit: Die stilvolle Garten-Stehleuchte ist vielseitig einsetzbar und kann auf verschiedene Weisen als Au\u00dfenbeleuchtung dienen, z. B. zur Beleuchtung des Gartens, der Einfahrt oder der Veranda. Die Gartenleuchte kann auch als Dekoration im Au\u00dfenbereich genutzt werden.<\/p>\n<ul>\n<li>Farbe: Schwarz<\/li>\n<li>Material: Aluminiumdruckguss, PC (Polycarbonat)<\/li>\n<li>Abmessungen: 14 x 8,5 x 50 cm (L x B x H)<\/li>\n<li>Nennleistung: 9 W<\/li>\n<li>Farbtemperatur: 3000 K<\/li>\n<li>Lichtst\u00e4rke: 550 lm<\/li>\n<li>Spannung: 220-240 V~, 50\/60 Hz<\/li>\n<li>Schutzart: IP54<\/li>\n<li>F\u00fcr den Au\u00dfenbereich geeignet<\/li>\n<li><strong>Lieferung umfasst:<\/strong><\/li>\n<li>3 x Stehleuchte f\u00fcr au\u00dfen<\/li>\n<\/ul>\n","protected":false},"excerpt":{"rendered":"<ul>\n<li>Farbe: Schwarz<\/li>\n<li>Material: Aluminiumdruckguss, PC (Polycarbonat)<\/li>\n<li>Abmessungen: 14 x 8,5 x 50 cm (L x B x H)<\/li>\n<li>Nennleistung: 9 W<\/li>\n<li>Farbtemperatur: 3000 K<\/li>\n<li>Lichtst\u00e4rke: 550 lm<\/li>\n<li>Spannung: 220-240 V~, 50\/60 Hz<\/li>\n<li>Schutzart: IP54<\/li>\n<li>F\u00fcr den Au\u00dfenbereich geeignet<\/li>\n<li><strong>Lieferung umfasst:<\/strong><\/li>\n<li>3 x Stehleuchte f\u00fcr au\u00dfen<\/li>\n<\/ul>\n","protected":false},"featured_media":10000057807,"comment_status":"closed","ping_status":"closed","template":"","meta":[],"product_brand":[],"product_cat":[7055,7054,7048],"product_tag":[],"class_list":{"0":"post-57807","1":"product","2":"type-product","3":"status-publish","4":"has-post-thumbnail","6":"product_cat-aussenbeleuchtung","7":"product_cat-beleuchtung","8":"product_cat-heim-garten","10":"first","11":"instock","12":"taxable","13":"shipping-taxable","14":"purchasable","15":"product-type-simple","16":"add-to-wishlist-after_add_to_cart"},"jetpack_sharing_enabled":true,"_links":{"self":[{"href":"https:\/\/de-prime.com\/index.php\/wp-json\/wp\/v2\/product\/57807","targetHints":{"allow":["GET"]}}],"collection":[{"href":"https:\/\/de-prime.com\/index.php\/wp-json\/wp\/v2\/product"}],"about":[{"href":"https:\/\/de-prime.com\/index.php\/wp-json\/wp\/v2\/types\/product"}],"replies":[{"embeddable":true,"href":"https:\/\/de-prime.com\/index.php\/wp-json\/wp\/v2\/comments?post=57807"}],"wp:featuredmedia":[{"embeddable":true,"href":"https:\/\/de-prime.com\/index.php\/wp-json\/"}],"wp:attachment":[{"href":"https:\/\/de-prime.com\/index.php\/wp-json\/wp\/v2\/media?parent=57807"}],"wp:term":[{"taxonomy":"product_brand","embeddable":true,"href":"https:\/\/de-prime.com\/index.php\/wp-json\/wp\/v2\/product_brand?post=57807"},{"taxonomy":"product_cat","embeddable":true,"href":"https:\/\/de-prime.com\/index.php\/wp-json\/wp\/v2\/product_cat?post=57807"},{"taxonomy":"product_tag","embeddable":true,"href":"https:\/\/de-prime.com\/index.php\/wp-json\/wp\/v2\/product_tag?post=57807"}],"curies":[{"name":"wp","href":"https:\/\/api.w.org\/{rel}","templated":true}]}}