{"id":57764,"date":"2024-10-03T21:13:47","date_gmt":"2024-10-03T19:13:47","guid":{"rendered":"https:\/\/de-prime.com\/?p=57764"},"modified":"2024-10-03T21:37:33","modified_gmt":"2024-10-03T19:37:33","slug":"aussenwandleuchte-mit-bewegungsmelder-schwarz-edelstahl-4","status":"publish","type":"product","link":"https:\/\/de-prime.com\/index.php\/product\/aussenwandleuchte-mit-bewegungsmelder-schwarz-edelstahl-4\/","title":{"rendered":"Au\u00dfenwandleuchte mit Bewegungsmelder Schwarz Edelstahl"},"content":{"rendered":"<p>Bringe deinen Outdoor-Bereich mit dieser Au\u00dfenwandleuchte zum Leuchten! Schutzart IP44: Dank ihres Edelstahlgeh\u00e4uses mit der IP44-Schutzart ist die Outdoor-Wandleuchte wetterfest, robust, langlebig und somit hervorragend f\u00fcr den Einsatz im Freien geeignet. PIR-Sensor: Die Au\u00dfenwandleuchte ist mit einem eingebauten PIR-Bewegungsmelder (Passiv-Infrarot) mit einem Erfassungswinkel von 120\u00b0 und einer Reichweite von bis zu 10 Metern ausgestattet. Das Licht wird automatisch eingeschaltet, wenn eine Bewegung erkannt wird; die Leuchtdauer kann zwischen 8 Sekunden und 3,5 Minuten eingestellt werden. Mit Diffusor: Die Au\u00dfenwandleuchte ist mit einem PC-Diffusor ausgestattet, der das Leuchtmittel vor Staub, Regen und Schmutz sch\u00fctzt und gleichzeitig f\u00fcr ein gleichm\u00e4\u00dfiges, diffuses Licht sorgt. Vielseitigkeit: Die stilvolle Garten-Wandlampe ist vielseitig einsetzbar und kann auf verschiedene Weisen als Au\u00dfenbeleuchtung dienen, z. B. zur Beleuchtung des Gartens, der Einfahrt oder der Veranda. Die Gartenleuchte kann auch als Dekoration im Au\u00dfenbereich genutzt werden. Gut zu wissen: Leuchtmittel sind nicht im Lieferumfang enthalten.<\/p>\n<ul>\n<li>Farbe: Schwarz<\/li>\n<li>Material: Edelstahl, PC (Polycarbonat)<\/li>\n<li>Abmessungen: 19 x 19 x 31 cm (L x B x H)<\/li>\n<li>Passendes Leuchtmittel (nicht im Lieferumfang enthalten): GU10, Max. 35 W<\/li>\n<li>Spannung: 220-240 V~, 50 Hz<\/li>\n<li>Schutzart: IP44<\/li>\n<li>Mit einem Sensor, der die Lampe automatisch einschaltet, wenn er eine Bewegung erkennt<\/li>\n<li>Sensor: Passiv Infrarot<\/li>\n<li>Bewegungserfassungswinkel: 120\u00b0<\/li>\n<li>Reichweite bis zu 10 m<\/li>\n<li>Zeiteinstellung: 8 Sekunden &#8211; 3,5 Minuten<\/li>\n<li>F\u00fcr den Au\u00dfenbereich geeignet<\/li>\n<\/ul>\n","protected":false},"excerpt":{"rendered":"<ul>\n<li>Farbe: Schwarz<\/li>\n<li>Material: Edelstahl, PC (Polycarbonat)<\/li>\n<li>Abmessungen: 19 x 19 x 31 cm (L x B x H)<\/li>\n<li>Passendes Leuchtmittel (nicht im Lieferumfang enthalten): GU10, Max. 35 W<\/li>\n<li>Spannung: 220-240 V~, 50 Hz<\/li>\n<li>Schutzart: IP44<\/li>\n<li>Mit einem Sensor, der die Lampe automatisch einschaltet, wenn er eine Bewegung erkennt<\/li>\n<li>Sensor: Passiv Infrarot<\/li>\n<li>Bewegungserfassungswinkel: 120\u00b0<\/li>\n<li>Reichweite bis zu 10 m<\/li>\n<li>Zeiteinstellung: 8 Sekunden &#8211; 3,5 Minuten<\/li>\n<li>F\u00fcr den Au\u00dfenbereich geeignet<\/li>\n<\/ul>\n","protected":false},"featured_media":10000057764,"comment_status":"closed","ping_status":"closed","template":"","meta":[],"product_brand":[],"product_cat":[7055,7054,7048],"product_tag":[],"class_list":{"0":"post-57764","1":"product","2":"type-product","3":"status-publish","4":"has-post-thumbnail","6":"product_cat-aussenbeleuchtung","7":"product_cat-beleuchtung","8":"product_cat-heim-garten","10":"first","11":"instock","12":"taxable","13":"shipping-taxable","14":"purchasable","15":"product-type-simple","16":"add-to-wishlist-after_add_to_cart"},"jetpack_sharing_enabled":true,"_links":{"self":[{"href":"https:\/\/de-prime.com\/index.php\/wp-json\/wp\/v2\/product\/57764","targetHints":{"allow":["GET"]}}],"collection":[{"href":"https:\/\/de-prime.com\/index.php\/wp-json\/wp\/v2\/product"}],"about":[{"href":"https:\/\/de-prime.com\/index.php\/wp-json\/wp\/v2\/types\/product"}],"replies":[{"embeddable":true,"href":"https:\/\/de-prime.com\/index.php\/wp-json\/wp\/v2\/comments?post=57764"}],"wp:featuredmedia":[{"embeddable":true,"href":"https:\/\/de-prime.com\/index.php\/wp-json\/"}],"wp:attachment":[{"href":"https:\/\/de-prime.com\/index.php\/wp-json\/wp\/v2\/media?parent=57764"}],"wp:term":[{"taxonomy":"product_brand","embeddable":true,"href":"https:\/\/de-prime.com\/index.php\/wp-json\/wp\/v2\/product_brand?post=57764"},{"taxonomy":"product_cat","embeddable":true,"href":"https:\/\/de-prime.com\/index.php\/wp-json\/wp\/v2\/product_cat?post=57764"},{"taxonomy":"product_tag","embeddable":true,"href":"https:\/\/de-prime.com\/index.php\/wp-json\/wp\/v2\/product_tag?post=57764"}],"curies":[{"name":"wp","href":"https:\/\/api.w.org\/{rel}","templated":true}]}}