{"id":57751,"date":"2024-10-03T21:13:34","date_gmt":"2024-10-03T19:13:34","guid":{"rendered":"https:\/\/de-prime.com\/?p=57751"},"modified":"2024-10-03T21:37:43","modified_gmt":"2024-10-03T19:37:43","slug":"aussenwandleuchten-2-stk-led-3w-schwarz-rund","status":"publish","type":"product","link":"https:\/\/de-prime.com\/index.php\/product\/aussenwandleuchten-2-stk-led-3w-schwarz-rund\/","title":{"rendered":"Au\u00dfenwandleuchten 2 Stk. LED 3W Schwarz Rund"},"content":{"rendered":"<p>Dieses elegante LED-Wandleuchten-Set zeichnet sich durch ein modernes Design aus und wird dadurch jeden Au\u00dfenbereich wunderbar erg\u00e4nzen und \u00e4sthetisch aufwerten. Diese Au\u00dfenwandleuchten, die auch als Treppenleuchten verwendet werden k\u00f6nnen, sind aus Gussaluminium gefertigt und haben einen integrierten, matten PC-Diffusor. Dank eingebauten LEDs strahlt dieses stilvolle Wandleuchten-Set ein angenehmes, warm-wei\u00dfes Licht aus, das nach unten abgestrahlt wird. Dank der IP54-Schutzart sind diese Wandlampen witterungsbest\u00e4ndig und langlebig, dadurch eignen sie sich hervorragend f\u00fcr den Einsatz im Au\u00dfenbereich. Die Lieferung umfasst 2 Wandleuchten.<\/p>\n<ul>\n<li>Farbe: Schwarz <\/li>\n<li>Abmessungen: 150 x 26 mm (Durchmesser x H)<\/li>\n<li>Farbtemperatur: 3000 K<\/li>\n<li>Material: Gussaluminium<\/li>\n<li>Mit mattem PC Diffusor<\/li>\n<li>Stromversorgung: 220-240 V~, 50\/60 Hz<\/li>\n<li>Nennleistung: 3 W<\/li>\n<li>IP-Schutzart: IP54<\/li>\n<li>Das Licht wird nach unten abgestrahlt<\/li>\n<li>Geeignet f\u00fcr den Einsatz im Au\u00dfenbereich<\/li>\n<li>Die Lieferung umfasst 2 Wandleuchten<\/li>\n<\/ul>\n","protected":false},"excerpt":{"rendered":"<ul>\n<li>Farbe: Schwarz <\/li>\n<li>Abmessungen: 150 x 26 mm (Durchmesser x H)<\/li>\n<li>Farbtemperatur: 3000 K<\/li>\n<li>Material: Gussaluminium<\/li>\n<li>Mit mattem PC Diffusor<\/li>\n<li>Stromversorgung: 220-240 V~, 50\/60 Hz<\/li>\n<li>Nennleistung: 3 W<\/li>\n<li>IP-Schutzart: IP54<\/li>\n<li>Das Licht wird nach unten abgestrahlt<\/li>\n<li>Geeignet f\u00fcr den Einsatz im Au\u00dfenbereich<\/li>\n<li>Die Lieferung umfasst 2 Wandleuchten<\/li>\n<\/ul>\n","protected":false},"featured_media":10000057751,"comment_status":"closed","ping_status":"closed","template":"","meta":[],"product_brand":[],"product_cat":[7055,7054,7048],"product_tag":[],"class_list":{"0":"post-57751","1":"product","2":"type-product","3":"status-publish","4":"has-post-thumbnail","6":"product_cat-aussenbeleuchtung","7":"product_cat-beleuchtung","8":"product_cat-heim-garten","10":"first","11":"outofstock","12":"taxable","13":"shipping-taxable","14":"purchasable","15":"product-type-simple","16":"add-to-wishlist-after_add_to_cart"},"jetpack_sharing_enabled":true,"_links":{"self":[{"href":"https:\/\/de-prime.com\/index.php\/wp-json\/wp\/v2\/product\/57751","targetHints":{"allow":["GET"]}}],"collection":[{"href":"https:\/\/de-prime.com\/index.php\/wp-json\/wp\/v2\/product"}],"about":[{"href":"https:\/\/de-prime.com\/index.php\/wp-json\/wp\/v2\/types\/product"}],"replies":[{"embeddable":true,"href":"https:\/\/de-prime.com\/index.php\/wp-json\/wp\/v2\/comments?post=57751"}],"wp:featuredmedia":[{"embeddable":true,"href":"https:\/\/de-prime.com\/index.php\/wp-json\/"}],"wp:attachment":[{"href":"https:\/\/de-prime.com\/index.php\/wp-json\/wp\/v2\/media?parent=57751"}],"wp:term":[{"taxonomy":"product_brand","embeddable":true,"href":"https:\/\/de-prime.com\/index.php\/wp-json\/wp\/v2\/product_brand?post=57751"},{"taxonomy":"product_cat","embeddable":true,"href":"https:\/\/de-prime.com\/index.php\/wp-json\/wp\/v2\/product_cat?post=57751"},{"taxonomy":"product_tag","embeddable":true,"href":"https:\/\/de-prime.com\/index.php\/wp-json\/wp\/v2\/product_tag?post=57751"}],"curies":[{"name":"wp","href":"https:\/\/api.w.org\/{rel}","templated":true}]}}