{"id":57619,"date":"2024-10-03T21:15:46","date_gmt":"2024-10-03T19:15:46","guid":{"rendered":"https:\/\/de-prime.com\/?p=57619"},"modified":"2024-10-03T21:36:02","modified_gmt":"2024-10-03T19:36:02","slug":"aussenwandleuchten-2-stk-edelstahl-abwaertsstrahlend","status":"publish","type":"product","link":"https:\/\/de-prime.com\/index.php\/product\/aussenwandleuchten-2-stk-edelstahl-abwaertsstrahlend\/","title":{"rendered":"Au\u00dfenwandleuchten 2 Stk. Edelstahl Abw\u00e4rtsstrahlend"},"content":{"rendered":"<p>Dieses elegante Au\u00dfenwandleuchten-Set weist ein schlichtes, modernes Design auf. Aus Edelstahl gefertigt wird dieses Wandeuchten-Set jeden Platz im Freien versch\u00f6nern. Die Leuchten verf\u00fcgen \u00fcber eingebaute Klarglas-Diffusoren und funktionieren mit 2 LED-Lampen (nicht im Lieferumfang enthalten), die ein angenehmes, warm-wei\u00dfes Licht nach unten strahlen. Mit ihrer IP44-Schutzart sind diese Wandleuchten wetterfest und langlebig. Daher sind sie ideal f\u00fcr den Au\u00dfenbereich geeignet. Die Lieferung umfasst 2 Wandleuchten.<\/p>\n<ul>\n<li>Farbe: Silbern<\/li>\n<li>Ma\u00dfe: 90 x 160 mm (Durchm. x H)<\/li>\n<li>Material: Edelstahl-Geh\u00e4use + Glas-Diffusor<\/li>\n<li>Stromversorgung: 220-240 V ~, 50 Hz<\/li>\n<li>Maximale Leistung: 50 W<\/li>\n<li>Lampenfassung: GU10<\/li>\n<li>Schutzart: IP44<\/li>\n<li>Nach unten strahlendes Licht<\/li>\n<li>F\u00fcr den Au\u00dfenbereich geeignet<\/li>\n<li>Funktioniert mit 2 LED-Lampen (nicht im Lieferumfang enthalten)<\/li>\n<li>Einfache Installation<\/li>\n<li>Die Lieferung umfasst 2 Wandleuchten<\/li>\n<\/ul>\n","protected":false},"excerpt":{"rendered":"<ul>\n<li>Farbe: Silbern<\/li>\n<li>Ma\u00dfe: 90 x 160 mm (Durchm. x H)<\/li>\n<li>Material: Edelstahl-Geh\u00e4use + Glas-Diffusor<\/li>\n<li>Stromversorgung: 220-240 V ~, 50 Hz<\/li>\n<li>Maximale Leistung: 50 W<\/li>\n<li>Lampenfassung: GU10<\/li>\n<li>Schutzart: IP44<\/li>\n<li>Nach unten strahlendes Licht<\/li>\n<li>F\u00fcr den Au\u00dfenbereich geeignet<\/li>\n<li>Funktioniert mit 2 LED-Lampen (nicht im Lieferumfang enthalten)<\/li>\n<li>Einfache Installation<\/li>\n<li>Die Lieferung umfasst 2 Wandleuchten<\/li>\n<\/ul>\n","protected":false},"featured_media":10000057619,"comment_status":"closed","ping_status":"closed","template":"","meta":[],"product_brand":[],"product_cat":[7055,7054,7048],"product_tag":[],"class_list":{"0":"post-57619","1":"product","2":"type-product","3":"status-publish","4":"has-post-thumbnail","6":"product_cat-aussenbeleuchtung","7":"product_cat-beleuchtung","8":"product_cat-heim-garten","10":"first","11":"instock","12":"taxable","13":"shipping-taxable","14":"purchasable","15":"product-type-simple","16":"add-to-wishlist-after_add_to_cart"},"jetpack_sharing_enabled":true,"_links":{"self":[{"href":"https:\/\/de-prime.com\/index.php\/wp-json\/wp\/v2\/product\/57619","targetHints":{"allow":["GET"]}}],"collection":[{"href":"https:\/\/de-prime.com\/index.php\/wp-json\/wp\/v2\/product"}],"about":[{"href":"https:\/\/de-prime.com\/index.php\/wp-json\/wp\/v2\/types\/product"}],"replies":[{"embeddable":true,"href":"https:\/\/de-prime.com\/index.php\/wp-json\/wp\/v2\/comments?post=57619"}],"wp:featuredmedia":[{"embeddable":true,"href":"https:\/\/de-prime.com\/index.php\/wp-json\/"}],"wp:attachment":[{"href":"https:\/\/de-prime.com\/index.php\/wp-json\/wp\/v2\/media?parent=57619"}],"wp:term":[{"taxonomy":"product_brand","embeddable":true,"href":"https:\/\/de-prime.com\/index.php\/wp-json\/wp\/v2\/product_brand?post=57619"},{"taxonomy":"product_cat","embeddable":true,"href":"https:\/\/de-prime.com\/index.php\/wp-json\/wp\/v2\/product_cat?post=57619"},{"taxonomy":"product_tag","embeddable":true,"href":"https:\/\/de-prime.com\/index.php\/wp-json\/wp\/v2\/product_tag?post=57619"}],"curies":[{"name":"wp","href":"https:\/\/api.w.org\/{rel}","templated":true}]}}