{"id":57610,"date":"2024-10-03T21:16:20","date_gmt":"2024-10-03T19:16:20","guid":{"rendered":"https:\/\/de-prime.com\/?p=57610"},"modified":"2024-10-03T21:35:40","modified_gmt":"2024-10-03T19:35:40","slug":"aussen-solarlampen-8-stk-led-kugel-15-cm-rgb","status":"publish","type":"product","link":"https:\/\/de-prime.com\/index.php\/product\/aussen-solarlampen-8-stk-led-kugel-15-cm-rgb\/","title":{"rendered":"Au\u00dfen-Solarlampen 8 Stk. LED Kugel 15 cm RGB"},"content":{"rendered":"<p>Die kugelf\u00f6rmige LED-Solarlampe ist mit einer AAA-Batterie ausgestattet, die tags\u00fcber durch Sonnenenergie aufgeladen wird und sich bei Dunkelheit automatisch einschaltet. Sie verf\u00fcgt \u00fcber einen Farbwechselmodus und ist die perfekte dekorative Beleuchtung f\u00fcr G\u00e4rten, Terrassen, Wege, Einfahrten, etc. Mit zwei 0,06-Watt-LEDs im Inneren kann die Solarlampe Licht von 0,12 Watt erzeugen. Tags\u00fcber wandelt die Lampe das Tageslicht in Strom um und l\u00e4dt die Batterie auf. In der Abendd\u00e4mmerung schaltet sie sich automatisch ein und wird mit dem tags\u00fcber eingespeicherten Strom betrieben. Wie lange die Leuchte leuchtet, h\u00e4ngt von der Menge des gespeicherten Tageslichts ab. Die Solarlampe ist stromsparend und wartungsarm. Dank der mitgelieferten Befestigungsmaterialien ist die Outdoor-Solarleuchte einfach zu anzubringen. Die Lieferung umfasst 8 Solar-Kugelleuchten.<\/p>\n<ul>\n<li>Farbe: Wei\u00df<\/li>\n<li>Material: PP (Polypropylen)<\/li>\n<li>Kugel-Durchmesser: 15 cm<\/li>\n<li>Rohr-L\u00e4nge: 32 cm<\/li>\n<li>Stromquelle: Sonnenenergie<\/li>\n<li>Enth\u00e4lt 2 LEDs (2 x 0,06 W) pro St\u00fcck<\/li>\n<li>Mit einer vorinstallierten wiederaufladbaren AAA-Batterie (1,2 V \/ NI-MH 600 mAh)<\/li>\n<li>Schutzgrad: IP 44<\/li>\n<li>Lieferung umfasst 8 St\u00fcck Solar-Kugelleuchten<\/li>\n<\/ul>\n","protected":false},"excerpt":{"rendered":"<ul>\n<li>Farbe: Wei\u00df<\/li>\n<li>Material: PP (Polypropylen)<\/li>\n<li>Kugel-Durchmesser: 15 cm<\/li>\n<li>Rohr-L\u00e4nge: 32 cm<\/li>\n<li>Stromquelle: Sonnenenergie<\/li>\n<li>Enth\u00e4lt 2 LEDs (2 x 0,06 W) pro St\u00fcck<\/li>\n<li>Mit einer vorinstallierten wiederaufladbaren AAA-Batterie (1,2 V \/ NI-MH 600 mAh)<\/li>\n<li>Schutzgrad: IP 44<\/li>\n<li>Lieferung umfasst 8 St\u00fcck Solar-Kugelleuchten<\/li>\n<\/ul>\n","protected":false},"featured_media":10000057610,"comment_status":"closed","ping_status":"closed","template":"","meta":[],"product_brand":[],"product_cat":[7055,7054,7048],"product_tag":[],"class_list":{"0":"post-57610","1":"product","2":"type-product","3":"status-publish","4":"has-post-thumbnail","6":"product_cat-aussenbeleuchtung","7":"product_cat-beleuchtung","8":"product_cat-heim-garten","10":"first","11":"instock","12":"taxable","13":"shipping-taxable","14":"purchasable","15":"product-type-simple","16":"add-to-wishlist-after_add_to_cart"},"jetpack_sharing_enabled":true,"_links":{"self":[{"href":"https:\/\/de-prime.com\/index.php\/wp-json\/wp\/v2\/product\/57610","targetHints":{"allow":["GET"]}}],"collection":[{"href":"https:\/\/de-prime.com\/index.php\/wp-json\/wp\/v2\/product"}],"about":[{"href":"https:\/\/de-prime.com\/index.php\/wp-json\/wp\/v2\/types\/product"}],"replies":[{"embeddable":true,"href":"https:\/\/de-prime.com\/index.php\/wp-json\/wp\/v2\/comments?post=57610"}],"wp:featuredmedia":[{"embeddable":true,"href":"https:\/\/de-prime.com\/index.php\/wp-json\/"}],"wp:attachment":[{"href":"https:\/\/de-prime.com\/index.php\/wp-json\/wp\/v2\/media?parent=57610"}],"wp:term":[{"taxonomy":"product_brand","embeddable":true,"href":"https:\/\/de-prime.com\/index.php\/wp-json\/wp\/v2\/product_brand?post=57610"},{"taxonomy":"product_cat","embeddable":true,"href":"https:\/\/de-prime.com\/index.php\/wp-json\/wp\/v2\/product_cat?post=57610"},{"taxonomy":"product_tag","embeddable":true,"href":"https:\/\/de-prime.com\/index.php\/wp-json\/wp\/v2\/product_tag?post=57610"}],"curies":[{"name":"wp","href":"https:\/\/api.w.org\/{rel}","templated":true}]}}