{"id":57593,"date":"2024-10-03T21:16:30","date_gmt":"2024-10-03T19:16:30","guid":{"rendered":"https:\/\/de-prime.com\/?p=57593"},"modified":"2024-10-03T21:35:34","modified_gmt":"2024-10-03T19:35:34","slug":"aussenwandleuchte-hellgrau-aluminium","status":"publish","type":"product","link":"https:\/\/de-prime.com\/index.php\/product\/aussenwandleuchte-hellgrau-aluminium\/","title":{"rendered":"Au\u00dfenwandleuchte hellgrau Aluminium"},"content":{"rendered":"<p>Diese schlanke Au\u00dfenwandleuchte hat ein dezentes, modernes Design. Hergestellt aus Aluminium mit einer grauen Pulverbeschichtung, wird diese Wandleuchte irgendein Platz im Freien verbessern. Der integrierte undurchsichtige PC-Diffusor f\u00fcgt das Gesamtbild des Lichts hinzu. Mit seiner IP44 Klasse ist diese Wandleuchte wetterfest und langlebig. Deshalb ist sie f\u00fcr den Au\u00dfenbereich hervorragend geeignet. Diese Au\u00dfenwandleuchte ist f\u00fcr CFL (Kompaktleuchtstofflampen) geeignet, mit einer maximalen Leistung von 11 Watt und GLS (General Lighting Service) mit einer H\u00f6chstleistung von 60W. Bitte beachten Sie, dass die Lampe nicht im Lieferumfang enthalten ist.<\/p>\n<ul>\n<li>Abmessungen: 29 x 12,9 x 11,3 cm (L x B x H)<\/li>\n<li>Aluminium-Druckgussgeh\u00e4use mit grauer Pulverbeschichtung<\/li>\n<li>Mit undurchsichtigem PC-Diffusor<\/li>\n<li>Stromspannung:220-240 V~, 50 Hz<\/li>\n<li>Maximale Gl\u00fchlampenleistung: 11 W (CFL); 60 W (GLS)<\/li>\n<li>Steckdosentyp: E27<\/li>\n<li>IP-Schutzklasse: IP44<\/li>\n<li>Geeignet f\u00fcr den Au\u00dfenbereich<\/li>\n<li>Die Lampe ist nicht im Lieferumfang enthalten<\/li>\n<\/ul>\n","protected":false},"excerpt":{"rendered":"<ul>\n<li>Abmessungen: 29 x 12,9 x 11,3 cm (L x B x H)<\/li>\n<li>Aluminium-Druckgussgeh\u00e4use mit grauer Pulverbeschichtung<\/li>\n<li>Mit undurchsichtigem PC-Diffusor<\/li>\n<li>Stromspannung:220-240 V~, 50 Hz<\/li>\n<li>Maximale Gl\u00fchlampenleistung: 11 W (CFL); 60 W (GLS)<\/li>\n<li>Steckdosentyp: E27<\/li>\n<li>IP-Schutzklasse: IP44<\/li>\n<li>Geeignet f\u00fcr den Au\u00dfenbereich<\/li>\n<li>Die Lampe ist nicht im Lieferumfang enthalten<\/li>\n<\/ul>\n","protected":false},"featured_media":10000057593,"comment_status":"closed","ping_status":"closed","template":"","meta":[],"product_brand":[],"product_cat":[7055,7054,7048],"product_tag":[],"class_list":{"0":"post-57593","1":"product","2":"type-product","3":"status-publish","4":"has-post-thumbnail","6":"product_cat-aussenbeleuchtung","7":"product_cat-beleuchtung","8":"product_cat-heim-garten","10":"first","11":"outofstock","12":"taxable","13":"shipping-taxable","14":"purchasable","15":"product-type-simple","16":"add-to-wishlist-after_add_to_cart"},"jetpack_sharing_enabled":true,"_links":{"self":[{"href":"https:\/\/de-prime.com\/index.php\/wp-json\/wp\/v2\/product\/57593","targetHints":{"allow":["GET"]}}],"collection":[{"href":"https:\/\/de-prime.com\/index.php\/wp-json\/wp\/v2\/product"}],"about":[{"href":"https:\/\/de-prime.com\/index.php\/wp-json\/wp\/v2\/types\/product"}],"replies":[{"embeddable":true,"href":"https:\/\/de-prime.com\/index.php\/wp-json\/wp\/v2\/comments?post=57593"}],"wp:featuredmedia":[{"embeddable":true,"href":"https:\/\/de-prime.com\/index.php\/wp-json\/"}],"wp:attachment":[{"href":"https:\/\/de-prime.com\/index.php\/wp-json\/wp\/v2\/media?parent=57593"}],"wp:term":[{"taxonomy":"product_brand","embeddable":true,"href":"https:\/\/de-prime.com\/index.php\/wp-json\/wp\/v2\/product_brand?post=57593"},{"taxonomy":"product_cat","embeddable":true,"href":"https:\/\/de-prime.com\/index.php\/wp-json\/wp\/v2\/product_cat?post=57593"},{"taxonomy":"product_tag","embeddable":true,"href":"https:\/\/de-prime.com\/index.php\/wp-json\/wp\/v2\/product_tag?post=57593"}],"curies":[{"name":"wp","href":"https:\/\/api.w.org\/{rel}","templated":true}]}}