{"id":57587,"date":"2024-10-03T21:16:39","date_gmt":"2024-10-03T19:16:39","guid":{"rendered":"https:\/\/de-prime.com\/?p=57587"},"modified":"2024-10-03T21:35:27","modified_gmt":"2024-10-03T19:35:27","slug":"aussenwandlampe-2-stk-leuchtet-nach-oben-und-unten","status":"publish","type":"product","link":"https:\/\/de-prime.com\/index.php\/product\/aussenwandlampe-2-stk-leuchtet-nach-oben-und-unten\/","title":{"rendered":"Au\u00dfenwandlampe 2 Stk Leuchtet nach oben und unten"},"content":{"rendered":"<p>Dieses Set, bestehend aus 2 Wandleuchten, hat ein minimalistisches, modernes Design. Aus Aluminium in Edelstahl-Look gefertigt, wird diese Wandleuchte jeden Au\u00dfenbereich erg\u00e4nzen. Der integrierte Glasdiffusor f\u00fcgt sich in das Gesamtbild des Sets gut ein. Dadurch, dass das Licht nach oben und unten geworfen wird, eignen sich diese Lampen f\u00fcr eine Vielfalt an Au\u00dfenbereichen. Mit einer IP44 Bewertung ist diese Lampe wetterfest und langlebig. So eignet sie sich hervorragend f\u00fcr den Au\u00dfengebrauch. Dieses Au\u00dfenwandleuchten-Set eignet sich f\u00fcr Gl\u00fchbirnen mit einer maximalen Leistung von 50 Watt. Bitte beachten Sie, dass die Lampe nicht im Lieferumfang enthalten ist.<\/p>\n<ul>\n<li>Abmessungen: 6,8 x 9,2 x 15 cm (L x B x H)<\/li>\n<li>Aluminium-Druckguss-Geh\u00e4use mit Edelstahl-Optik<\/li>\n<li>Mit Glasdiffusor<\/li>\n<li>Spannung: 220-240 V ~, 50 Hz<\/li>\n<li>Maximale Gl\u00fchlampenleistung: 50 W<\/li>\n<li>Fassung: 2x GU10 (je Lampe)<\/li>\n<li>IP-Schutzart: IP44<\/li>\n<li>Das Licht wird sowohl nach oben als auch nach unten abgestrahlt<\/li>\n<li>Geeignet f\u00fcr den Au\u00dfenbereich<\/li>\n<li>Das Leuchtmittel ist nicht im Lieferumfang enthalten<\/li>\n<li>Die Lieferung umfasst 2 Au\u00dfenwandleuchten <\/li>\n<\/ul>\n","protected":false},"excerpt":{"rendered":"<ul>\n<li>Abmessungen: 6,8 x 9,2 x 15 cm (L x B x H)<\/li>\n<li>Aluminium-Druckguss-Geh\u00e4use mit Edelstahl-Optik<\/li>\n<li>Mit Glasdiffusor<\/li>\n<li>Spannung: 220-240 V ~, 50 Hz<\/li>\n<li>Maximale Gl\u00fchlampenleistung: 50 W<\/li>\n<li>Fassung: 2x GU10 (je Lampe)<\/li>\n<li>IP-Schutzart: IP44<\/li>\n<li>Das Licht wird sowohl nach oben als auch nach unten abgestrahlt<\/li>\n<li>Geeignet f\u00fcr den Au\u00dfenbereich<\/li>\n<li>Das Leuchtmittel ist nicht im Lieferumfang enthalten<\/li>\n<li>Die Lieferung umfasst 2 Au\u00dfenwandleuchten <\/li>\n<\/ul>\n","protected":false},"featured_media":10000057587,"comment_status":"closed","ping_status":"closed","template":"","meta":[],"product_brand":[],"product_cat":[7055,7054,7048],"product_tag":[],"class_list":{"0":"post-57587","1":"product","2":"type-product","3":"status-publish","4":"has-post-thumbnail","6":"product_cat-aussenbeleuchtung","7":"product_cat-beleuchtung","8":"product_cat-heim-garten","10":"first","11":"instock","12":"taxable","13":"shipping-taxable","14":"purchasable","15":"product-type-simple","16":"add-to-wishlist-after_add_to_cart"},"jetpack_sharing_enabled":true,"_links":{"self":[{"href":"https:\/\/de-prime.com\/index.php\/wp-json\/wp\/v2\/product\/57587","targetHints":{"allow":["GET"]}}],"collection":[{"href":"https:\/\/de-prime.com\/index.php\/wp-json\/wp\/v2\/product"}],"about":[{"href":"https:\/\/de-prime.com\/index.php\/wp-json\/wp\/v2\/types\/product"}],"replies":[{"embeddable":true,"href":"https:\/\/de-prime.com\/index.php\/wp-json\/wp\/v2\/comments?post=57587"}],"wp:featuredmedia":[{"embeddable":true,"href":"https:\/\/de-prime.com\/index.php\/wp-json\/"}],"wp:attachment":[{"href":"https:\/\/de-prime.com\/index.php\/wp-json\/wp\/v2\/media?parent=57587"}],"wp:term":[{"taxonomy":"product_brand","embeddable":true,"href":"https:\/\/de-prime.com\/index.php\/wp-json\/wp\/v2\/product_brand?post=57587"},{"taxonomy":"product_cat","embeddable":true,"href":"https:\/\/de-prime.com\/index.php\/wp-json\/wp\/v2\/product_cat?post=57587"},{"taxonomy":"product_tag","embeddable":true,"href":"https:\/\/de-prime.com\/index.php\/wp-json\/wp\/v2\/product_tag?post=57587"}],"curies":[{"name":"wp","href":"https:\/\/api.w.org\/{rel}","templated":true}]}}