{"id":57585,"date":"2024-10-03T21:16:43","date_gmt":"2024-10-03T19:16:43","guid":{"rendered":"https:\/\/de-prime.com\/?p=57585"},"modified":"2024-10-03T21:35:25","modified_gmt":"2024-10-03T19:35:25","slug":"wuerfel-aussenwandlampe-2-stk","status":"publish","type":"product","link":"https:\/\/de-prime.com\/index.php\/product\/wuerfel-aussenwandlampe-2-stk\/","title":{"rendered":"W\u00fcrfel Au\u00dfenwandlampe 2 Stk"},"content":{"rendered":"<p>Dieses Set, bestehend aus 2 W\u00fcrfel-Wandleuchten, hat ein minimalistisches, modernes Design. Aus Aluminium in Edelstahl-Look gefertigt, wird diese Wandleuchte jeden Au\u00dfenbereich erg\u00e4nzen. Der integrierte Glasdiffusor f\u00fcgt sich in das Gesamtbild des Sets gut ein. Dadurch, dass das Licht nach unten geworfen wird, eignen sich diese Lampen besonders f\u00fcr Hauseing\u00e4nge oder G\u00e4rten. Mit einer IP44 Bewertung ist diese Lampe wetterfest und langlebig. So eignet sie sich hervorragend f\u00fcr den Au\u00dfengebrauch. Dieses w\u00fcrfelf\u00f6rmige Au\u00dfenwandleuchten-Set eignet sich f\u00fcr Gl\u00fchbirnen mit einer maximalen Leistung von 50 Watt. Bitte beachten Sie, dass die Lampe nicht im Lieferumfang enthalten ist.<\/p>\n<ul>\n<li>Abmessungen: 6,8 x 9,2 x 8,1 cm (L x B x H)<\/li>\n<li>Aluminium-Druckguss-Geh\u00e4use mit Edelstahl-Optik<\/li>\n<li>Mit Glasdiffusor<\/li>\n<li>Spannung: 220-240 V ~, 50 Hz<\/li>\n<li>Maximale Gl\u00fchlampenleistung: 50 W<\/li>\n<li>Fassung: GU10<\/li>\n<li>IP-Schutzart: IP44<\/li>\n<li>Das Licht wird nach unten abgestrahlt<\/li>\n<li>Geeignet f\u00fcr den Au\u00dfenbereich<\/li>\n<li>Das Leuchtmittel ist nicht im Lieferumfang enthalten<\/li>\n<li>Die Lieferung umfasst 2 Au\u00dfenwandleuchten in W\u00fcrfelform<\/li>\n<\/ul>\n","protected":false},"excerpt":{"rendered":"<ul>\n<li>Abmessungen: 6,8 x 9,2 x 8,1 cm (L x B x H)<\/li>\n<li>Aluminium-Druckguss-Geh\u00e4use mit Edelstahl-Optik<\/li>\n<li>Mit Glasdiffusor<\/li>\n<li>Spannung: 220-240 V ~, 50 Hz<\/li>\n<li>Maximale Gl\u00fchlampenleistung: 50 W<\/li>\n<li>Fassung: GU10<\/li>\n<li>IP-Schutzart: IP44<\/li>\n<li>Das Licht wird nach unten abgestrahlt<\/li>\n<li>Geeignet f\u00fcr den Au\u00dfenbereich<\/li>\n<li>Das Leuchtmittel ist nicht im Lieferumfang enthalten<\/li>\n<li>Die Lieferung umfasst 2 Au\u00dfenwandleuchten in W\u00fcrfelform<\/li>\n<\/ul>\n","protected":false},"featured_media":10000057585,"comment_status":"closed","ping_status":"closed","template":"","meta":[],"product_brand":[],"product_cat":[7055,7054,7048],"product_tag":[],"class_list":{"0":"post-57585","1":"product","2":"type-product","3":"status-publish","4":"has-post-thumbnail","6":"product_cat-aussenbeleuchtung","7":"product_cat-beleuchtung","8":"product_cat-heim-garten","10":"first","11":"instock","12":"taxable","13":"shipping-taxable","14":"purchasable","15":"product-type-simple","16":"add-to-wishlist-after_add_to_cart"},"jetpack_sharing_enabled":true,"_links":{"self":[{"href":"https:\/\/de-prime.com\/index.php\/wp-json\/wp\/v2\/product\/57585","targetHints":{"allow":["GET"]}}],"collection":[{"href":"https:\/\/de-prime.com\/index.php\/wp-json\/wp\/v2\/product"}],"about":[{"href":"https:\/\/de-prime.com\/index.php\/wp-json\/wp\/v2\/types\/product"}],"replies":[{"embeddable":true,"href":"https:\/\/de-prime.com\/index.php\/wp-json\/wp\/v2\/comments?post=57585"}],"wp:featuredmedia":[{"embeddable":true,"href":"https:\/\/de-prime.com\/index.php\/wp-json\/"}],"wp:attachment":[{"href":"https:\/\/de-prime.com\/index.php\/wp-json\/wp\/v2\/media?parent=57585"}],"wp:term":[{"taxonomy":"product_brand","embeddable":true,"href":"https:\/\/de-prime.com\/index.php\/wp-json\/wp\/v2\/product_brand?post=57585"},{"taxonomy":"product_cat","embeddable":true,"href":"https:\/\/de-prime.com\/index.php\/wp-json\/wp\/v2\/product_cat?post=57585"},{"taxonomy":"product_tag","embeddable":true,"href":"https:\/\/de-prime.com\/index.php\/wp-json\/wp\/v2\/product_tag?post=57585"}],"curies":[{"name":"wp","href":"https:\/\/api.w.org\/{rel}","templated":true}]}}